{"id":2711,"date":"2023-10-31T14:47:42","date_gmt":"2023-10-31T13:47:42","guid":{"rendered":"https:\/\/drago-boats.eu\/%d0%b2%d1%96%d0%b4%d0%b1%d0%b8%d1%82%d0%be%d0%ba\/"},"modified":"2024-05-02T09:55:28","modified_gmt":"2024-05-02T07:55:28","slug":"%d0%b2%d1%96%d0%b4%d0%b1%d0%b8%d1%82%d0%be%d0%ba","status":"publish","type":"page","link":"https:\/\/drago-boats.eu\/uk\/%d0%b2%d1%96%d0%b4%d0%b1%d0%b8%d1%82%d0%be%d0%ba\/","title":{"rendered":"\u0412\u0456\u0434\u0431\u0438\u0442\u043e\u043a"},"content":{"rendered":"\n<h1 class=\"wp-block-heading\">\u0412\u0456\u0434\u0431\u0438\u0442\u043e\u043a<\/h1>\n\n<h2 class=\"wp-block-heading\">\u0406\u043d\u0444\u043e\u0440\u043c\u0430\u0446\u0456\u044f \u0437\u0433\u0456\u0434\u043d\u043e \u0437 \u00a7 5 \u0422\u041c\u0413<\/h2>\n\n<p>\u00d6chsner-Boote GmbH &amp; Co. KG<br\/>Br\u00fcckentorstr. 24<br\/>97273 K\u00fcrnach<\/p>\n\n<p>\u041a\u043e\u043c\u0435\u0440\u0446\u0456\u0439\u043d\u0438\u0439 \u0440\u0435\u0454\u0441\u0442\u0440: HRA 6864<br\/>\u0420\u0435\u0454\u0441\u0442\u0440\u0430\u0446\u0456\u0439\u043d\u0438\u0439 \u0441\u0443\u0434: \u0412\u044e\u0440\u0446\u0431\u0443\u0440\u0437\u044c\u043a\u0438\u0439 \u043e\u043a\u0440\u0443\u0436\u043d\u0438\u0439 \u0441\u0443\u0434<\/p>\n\n<p><strong>\u041f\u0440\u0435\u0434\u0441\u0442\u0430\u0432\u043b\u0435\u043d\u0438\u0439:<\/strong><br\/>[Firma und die Anschrift der als Komplement\u00e4r eingetragenen GmbH]<\/p>\n\n<p>\u0412\u043e\u043d\u0438 \u043f\u0440\u0435\u0434\u0441\u0442\u0430\u0432\u043b\u0435\u043d\u0456:<br\/>\u0424\u043b\u043e\u0440\u0456\u0430\u043d \u0415\u0445\u0441\u043d\u0435\u0440<\/p>\n\n<p>\u041a\u043e\u043c\u0435\u0440\u0446\u0456\u0439\u043d\u0438\u0439 \u0440\u0435\u0454\u0441\u0442\u0440: HRB 11393<br\/>\u0420\u0435\u0454\u0441\u0442\u0440\u0430\u0446\u0456\u0439\u043d\u0438\u0439 \u0441\u0443\u0434: \u0412\u044e\u0440\u0446\u0431\u0443\u0440\u0437\u044c\u043a\u0438\u0439 \u043e\u043a\u0440\u0443\u0436\u043d\u0438\u0439 \u0441\u0443\u0434<\/p>\n\n<h2 class=\"wp-block-heading\">\u041a\u043e\u043d\u0442\u0430\u043a\u0442<\/h2>\n\n<p>\u0422\u0435\u043b\u0435\u0444\u043e\u043d: +49 9367 3265<br\/>\u0415\u043b\u0435\u043a\u0442\u0440\u043e\u043d\u043d\u0430 \u043f\u043e\u0448\u0442\u0430: info@drago-boats.eu<\/p>\n\n<h2 class=\"wp-block-heading\">\u0406\u0434\u0435\u043d\u0442\u0438\u0444\u0456\u043a\u0430\u0446\u0456\u0439\u043d\u0438\u0439 \u043d\u043e\u043c\u0435\u0440 \u043f\u043b\u0430\u0442\u043d\u0438\u043a\u0430 \u041f\u0414\u0412<\/h2>\n\n<p>\u0406\u0434\u0435\u043d\u0442\u0438\u0444\u0456\u043a\u0430\u0446\u0456\u0439\u043d\u0438\u0439 \u043d\u043e\u043c\u0435\u0440 \u043f\u043b\u0430\u0442\u043d\u0438\u043a\u0430 \u043f\u043e\u0434\u0430\u0442\u043a\u0443 \u0437 \u043f\u0440\u043e\u0434\u0430\u0436\u0456\u0432 \u0432\u0456\u0434\u043f\u043e\u0432\u0456\u0434\u043d\u043e \u0434\u043e \u00a7 27 a \u0417\u0430\u043a\u043e\u043d\u0443 \u043f\u0440\u043e \u043f\u043e\u0434\u0430\u0442\u043e\u043a \u043d\u0430 \u0434\u043e\u0434\u0430\u043d\u0443 \u0432\u0430\u0440\u0442\u0456\u0441\u0442\u044c:<br\/>\u0414\u0415 281412992<\/p>\n\n<h2 class=\"wp-block-heading\">\u0420\u0435\u0434\u0430\u043a\u0446\u0456\u0439\u043d\u0430 \u0432\u0456\u0434\u043f\u043e\u0432\u0456\u0434\u0430\u043b\u044c\u043d\u0456\u0441\u0442\u044c<\/h2>\n\n<p>\u0424\u043b\u043e\u0440\u0456\u0430\u043d \u0415\u0445\u0441\u043d\u0435\u0440<\/p>\n\n<h2 class=\"wp-block-heading\">\u0412\u0440\u0435\u0433\u0443\u043b\u044e\u0432\u0430\u043d\u043d\u044f \u0441\u043f\u043e\u0440\u0456\u0432 \u0443 \u0404\u0421<\/h2>\n\n<p>\u0404\u0432\u0440\u043e\u043f\u0435\u0439\u0441\u044c\u043a\u0430 \u043a\u043e\u043c\u0456\u0441\u0456\u044f \u043d\u0430\u0434\u0430\u0454 \u043f\u043b\u0430\u0442\u0444\u043e\u0440\u043c\u0443 \u0434\u043b\u044f \u043e\u043d\u043b\u0430\u0439\u043d-\u0432\u0438\u0440\u0456\u0448\u0435\u043d\u043d\u044f \u0441\u043f\u043e\u0440\u0456\u0432 (ODR): <a href=\"https:\/\/ec.europa.eu\/consumers\/odr\/\" target=\"_blank\" rel=\"noreferrer noopener\">https:\/\/ec.europa.eu\/consumers\/odr\/<\/a>.<br\/>\u041d\u0430\u0448\u0443 \u0430\u0434\u0440\u0435\u0441\u0443 \u0435\u043b\u0435\u043a\u0442\u0440\u043e\u043d\u043d\u043e\u0457 \u043f\u043e\u0448\u0442\u0438 \u043c\u043e\u0436\u043d\u0430 \u0437\u043d\u0430\u0439\u0442\u0438 \u0443 \u0432\u0435\u0440\u0445\u043d\u0456\u0439 \u0447\u0430\u0441\u0442\u0438\u043d\u0456 \u0432\u0438\u0445\u0456\u0434\u043d\u043e\u0433\u043e \u043a\u043e\u0434\u0443.<\/p>\n\n<h2 class=\"wp-block-heading\">\u0412\u0438\u0440\u0456\u0448\u0435\u043d\u043d\u044f \u0441\u043f\u043e\u0436\u0438\u0432\u0447\u0438\u0445 \u0441\u043f\u043e\u0440\u0456\u0432\/\u0423\u043d\u0456\u0432\u0435\u0440\u0441\u0430\u043b\u044c\u043d\u0430 \u0430\u0440\u0431\u0456\u0442\u0440\u0430\u0436\u043d\u0430 \u0440\u0430\u0434\u0430<\/h2>\n\n<p>\u041c\u0438 \u043d\u0435 \u0431\u0430\u0436\u0430\u0454\u043c\u043e \u0456 \u043d\u0435 \u0437\u043e\u0431\u043e\u0432&#8217;\u044f\u0437\u0430\u043d\u0456 \u0431\u0440\u0430\u0442\u0438 \u0443\u0447\u0430\u0441\u0442\u044c \u0443 \u043f\u0440\u043e\u0446\u0435\u0434\u0443\u0440\u0430\u0445 \u0432\u0438\u0440\u0456\u0448\u0435\u043d\u043d\u044f \u0441\u043f\u043e\u0440\u0456\u0432 \u0432 \u0430\u0440\u0431\u0456\u0442\u0440\u0430\u0436\u043d\u0456\u0439 \u0440\u0430\u0434\u0456 \u0441\u043f\u043e\u0436\u0438\u0432\u0430\u0447\u0456\u0432.<\/p>\n\n<p>\u0414\u0436\u0435\u0440\u0435\u043b\u043e: e-recht24.de<\/p>\n","protected":false},"excerpt":{"rendered":"<p>\u0412\u0456\u0434\u0431\u0438\u0442\u043e\u043a \u0406\u043d\u0444\u043e\u0440\u043c\u0430\u0446\u0456\u044f \u0437\u0433\u0456\u0434\u043d\u043e \u0437 \u00a7 5 \u0422\u041c\u0413 \u00d6chsner-Boote GmbH &amp; Co. KGBr\u00fcckentorstr. 2497273 K\u00fcrnach \u041a\u043e\u043c\u0435\u0440\u0446\u0456\u0439\u043d\u0438\u0439 \u0440\u0435\u0454\u0441\u0442\u0440: HRA 6864\u0420\u0435\u0454\u0441\u0442\u0440\u0430\u0446\u0456\u0439\u043d\u0438\u0439 \u0441\u0443\u0434: \u0412\u044e\u0440\u0446\u0431\u0443\u0440\u0437\u044c\u043a\u0438\u0439 \u043e\u043a\u0440\u0443\u0436\u043d\u0438\u0439 \u0441\u0443\u0434 \u041f\u0440\u0435\u0434\u0441\u0442\u0430\u0432\u043b\u0435\u043d\u0438\u0439:[Firma und die Anschrift der als Komplement\u00e4r eingetragenen GmbH] \u0412\u043e\u043d\u0438 \u043f\u0440\u0435\u0434\u0441\u0442\u0430\u0432\u043b\u0435\u043d\u0456:\u0424\u043b\u043e\u0440\u0456\u0430\u043d \u0415\u0445\u0441\u043d\u0435\u0440 \u041a\u043e\u043c\u0435\u0440\u0446\u0456\u0439\u043d\u0438\u0439 \u0440\u0435\u0454\u0441\u0442\u0440: HRB 11393\u0420\u0435\u0454\u0441\u0442\u0440\u0430\u0446\u0456\u0439\u043d\u0438\u0439 \u0441\u0443\u0434: \u0412\u044e\u0440\u0446\u0431\u0443\u0440\u0437\u044c\u043a\u0438\u0439 \u043e\u043a\u0440\u0443\u0436\u043d\u0438\u0439 \u0441\u0443\u0434 \u041a\u043e\u043d\u0442\u0430\u043a\u0442 \u0422\u0435\u043b\u0435\u0444\u043e\u043d: +49 9367 3265\u0415\u043b\u0435\u043a\u0442\u0440\u043e\u043d\u043d\u0430 \u043f\u043e\u0448\u0442\u0430: info@drago-boats.eu \u0406\u0434\u0435\u043d\u0442\u0438\u0444\u0456\u043a\u0430\u0446\u0456\u0439\u043d\u0438\u0439 \u043d\u043e\u043c\u0435\u0440 \u043f\u043b\u0430\u0442\u043d\u0438\u043a\u0430 \u041f\u0414\u0412 \u0406\u0434\u0435\u043d\u0442\u0438\u0444\u0456\u043a\u0430\u0446\u0456\u0439\u043d\u0438\u0439 \u043d\u043e\u043c\u0435\u0440 [&hellip;]<\/p>\n","protected":false},"author":1,"featured_media":0,"parent":0,"menu_order":0,"comment_status":"closed","ping_status":"closed","template":"","meta":{"_acf_changed":false,"footnotes":""},"class_list":["post-2711","page","type-page","status-publish","hentry"],"acf":[],"_links":{"self":[{"href":"https:\/\/drago-boats.eu\/uk\/wp-json\/wp\/v2\/pages\/2711","targetHints":{"allow":["GET"]}}],"collection":[{"href":"https:\/\/drago-boats.eu\/uk\/wp-json\/wp\/v2\/pages"}],"about":[{"href":"https:\/\/drago-boats.eu\/uk\/wp-json\/wp\/v2\/types\/page"}],"author":[{"embeddable":true,"href":"https:\/\/drago-boats.eu\/uk\/wp-json\/wp\/v2\/users\/1"}],"replies":[{"embeddable":true,"href":"https:\/\/drago-boats.eu\/uk\/wp-json\/wp\/v2\/comments?post=2711"}],"version-history":[{"count":1,"href":"https:\/\/drago-boats.eu\/uk\/wp-json\/wp\/v2\/pages\/2711\/revisions"}],"predecessor-version":[{"id":2718,"href":"https:\/\/drago-boats.eu\/uk\/wp-json\/wp\/v2\/pages\/2711\/revisions\/2718"}],"wp:attachment":[{"href":"https:\/\/drago-boats.eu\/uk\/wp-json\/wp\/v2\/media?parent=2711"}],"curies":[{"name":"wp","href":"https:\/\/api.w.org\/{rel}","templated":true}]}}