{"id":2652,"date":"2024-01-08T12:29:45","date_gmt":"2024-01-08T11:29:45","guid":{"rendered":"https:\/\/drago-boats.eu\/buelten\/"},"modified":"2024-05-02T09:55:25","modified_gmt":"2024-05-02T07:55:25","slug":"buelten","status":"publish","type":"page","link":"https:\/\/drago-boats.eu\/tr\/buelten\/","title":{"rendered":"B\u00fclten"},"content":{"rendered":"\n<div style=\"height:100px\" aria-hidden=\"true\" class=\"wp-block-spacer\"><\/div>\n\n<p class=\"has-text-align-center\">B\u00fcltenimize buradan abone olabilirsiniz. B\u00f6ylece \u00f6nemli g\u00fcncellemeleri ve bilgileri ka\u00e7\u0131rmazs\u0131n\u0131z:<\/p>\n\n<div style=\"height:59px\" aria-hidden=\"true\" class=\"wp-block-spacer\"><\/div>\n\n<p><\/p>\n<div class=\"tnp tnp-subscription \">\n<form method=\"post\" action=\"https:\/\/drago-boats.eu\/wp-admin\/admin-ajax.php?action=tnp&amp;na=s\">\n<input type=\"hidden\" name=\"nlang\" value=\"tr\">\n<div class=\"tnp-field tnp-field-firstname\"><label for=\"tnp-1\">\u0130lk \u0130sim<\/label>\n<input class=\"tnp-name\" type=\"text\" name=\"nn\" id=\"tnp-1\" value=\"\" placeholder=\"\"><\/div>\n<div class=\"tnp-field tnp-field-email\"><label for=\"tnp-2\">Email<\/label>\n<input class=\"tnp-email\" type=\"email\" name=\"ne\" id=\"tnp-2\" value=\"\" placeholder=\"\" required><\/div>\n<div class=\"tnp-field tnp-privacy-field\"><label><input type=\"checkbox\" name=\"ny\" required class=\"tnp-privacy\"> I accept the privacy policy<\/label><\/div><div class=\"tnp-field tnp-field-button\" style=\"text-align: left\"><input class=\"tnp-submit\" type=\"submit\" value=\"Abone Ol\" style=\"\">\n<\/div>\n<\/form>\n<\/div>\n\n\n<div style=\"height:59px\" aria-hidden=\"true\" class=\"wp-block-spacer\"><\/div>\n","protected":false},"excerpt":{"rendered":"<p>B\u00fcltenimize buradan abone olabilirsiniz. B\u00f6ylece \u00f6nemli g\u00fcncellemeleri ve bilgileri ka\u00e7\u0131rmazs\u0131n\u0131z:<\/p>\n","protected":false},"author":1,"featured_media":0,"parent":0,"menu_order":0,"comment_status":"closed","ping_status":"closed","template":"","meta":{"_acf_changed":false,"footnotes":""},"class_list":["post-2652","page","type-page","status-publish","hentry"],"acf":[],"_links":{"self":[{"href":"https:\/\/drago-boats.eu\/tr\/wp-json\/wp\/v2\/pages\/2652","targetHints":{"allow":["GET"]}}],"collection":[{"href":"https:\/\/drago-boats.eu\/tr\/wp-json\/wp\/v2\/pages"}],"about":[{"href":"https:\/\/drago-boats.eu\/tr\/wp-json\/wp\/v2\/types\/page"}],"author":[{"embeddable":true,"href":"https:\/\/drago-boats.eu\/tr\/wp-json\/wp\/v2\/users\/1"}],"replies":[{"embeddable":true,"href":"https:\/\/drago-boats.eu\/tr\/wp-json\/wp\/v2\/comments?post=2652"}],"version-history":[{"count":1,"href":"https:\/\/drago-boats.eu\/tr\/wp-json\/wp\/v2\/pages\/2652\/revisions"}],"predecessor-version":[{"id":2657,"href":"https:\/\/drago-boats.eu\/tr\/wp-json\/wp\/v2\/pages\/2652\/revisions\/2657"}],"wp:attachment":[{"href":"https:\/\/drago-boats.eu\/tr\/wp-json\/wp\/v2\/media?parent=2652"}],"curies":[{"name":"wp","href":"https:\/\/api.w.org\/{rel}","templated":true}]}}