{"id":2668,"date":"2023-10-31T14:47:42","date_gmt":"2023-10-31T13:47:42","guid":{"rendered":"https:\/\/drago-boats.eu\/gjurme\/"},"modified":"2024-05-02T09:55:28","modified_gmt":"2024-05-02T07:55:28","slug":"gjurme","status":"publish","type":"page","link":"https:\/\/drago-boats.eu\/sq\/gjurme\/","title":{"rendered":"Gjurm\u00eb"},"content":{"rendered":"\n<h1 class=\"wp-block-heading\">Gjurm\u00eb<\/h1>\n\n<h2 class=\"wp-block-heading\">Informacion sipas \u00a7 5 TMG<\/h2>\n\n<p>\u00d6chsner-Boote GmbH &amp; Co. KG<br\/>Br\u00fcckentorstr. 24<br\/>97273 K\u00fcrnach<\/p>\n\n<p>Regjistri Tregtar: HRA 6864<br\/>Gjykata e regjistrit: Gjykata e Qarkut t\u00eb W\u00fcrzburgut<\/p>\n\n<p><strong>P\u00ebrfaq\u00ebsuar nga:<\/strong><br\/>[Firma und die Anschrift der als Komplement\u00e4r eingetragenen GmbH]<\/p>\n\n<p>Ato p\u00ebrfaq\u00ebsohen nga:<br\/>Florian \u00d6chsner<\/p>\n\n<p>Regjistri tregtar: HRB 11393<br\/>Gjykata e regjistrit: Gjykata e Qarkut t\u00eb W\u00fcrzburgut<\/p>\n\n<h2 class=\"wp-block-heading\">Kontakt<\/h2>\n\n<p>Telefoni: +49 9367 3265<br\/>E-mail: info@drago-boats.eu<\/p>\n\n<h2 class=\"wp-block-heading\">ID e TVSH-s\u00eb<\/h2>\n\n<p>Numri i identifikimit t\u00eb taks\u00ebs s\u00eb shitjes sipas \u00a7 27 a t\u00eb Ligjit p\u00ebr Tatimin mbi Vler\u00ebn e Shtuar:<br\/>DE 281412992<\/p>\n\n<h2 class=\"wp-block-heading\">Editorially responsible<\/h2>\n\n<p>Florian \u00d6chsner<\/p>\n\n<h2 class=\"wp-block-heading\">Zgjidhja e mosmarr\u00ebveshjeve t\u00eb BE-s\u00eb<\/h2>\n\n<p>Komisioni Evropian ofron nj\u00eb platform\u00eb p\u00ebr zgjidhjen e mosmarr\u00ebveshjeve online (ODR): <a href=\"https:\/\/ec.europa.eu\/consumers\/odr\/\" target=\"_blank\" rel=\"noreferrer noopener\">https:\/\/ec.europa.eu\/consumers\/odr\/<\/a>.<br\/>Adresa jon\u00eb e post\u00ebs elektronike mund t\u00eb gjendet n\u00eb krye t\u00eb gjurm\u00ebs.<\/p>\n\n<h2 class=\"wp-block-heading\">Zgjidhja e mosmarr\u00ebveshjeve t\u00eb konsumatorit\/Bordi Universal i Arbitrazhit<\/h2>\n\n<p>Ne nuk jemi t\u00eb gatsh\u00ebm apo t\u00eb detyruar t\u00eb marrim pjes\u00eb n\u00eb procedurat e zgjidhjes s\u00eb mosmarr\u00ebveshjeve p\u00ebrpara nj\u00eb bordi arbitrazhi t\u00eb konsumatorit.<\/p>\n\n<p>Burimi: e-recht24.de<\/p>\n","protected":false},"excerpt":{"rendered":"<p>Gjurm\u00eb Informacion sipas \u00a7 5 TMG \u00d6chsner-Boote GmbH &amp; Co. KGBr\u00fcckentorstr. 2497273 K\u00fcrnach Regjistri Tregtar: HRA 6864Gjykata e regjistrit: Gjykata e Qarkut t\u00eb W\u00fcrzburgut P\u00ebrfaq\u00ebsuar nga:[Firma und die Anschrift der als Komplement\u00e4r eingetragenen GmbH] Ato p\u00ebrfaq\u00ebsohen nga:Florian \u00d6chsner Regjistri tregtar: HRB 11393Gjykata e regjistrit: Gjykata e Qarkut t\u00eb W\u00fcrzburgut Kontakt Telefoni: +49 9367 3265E-mail: info@drago-boats.eu [&hellip;]<\/p>\n","protected":false},"author":1,"featured_media":0,"parent":0,"menu_order":0,"comment_status":"closed","ping_status":"closed","template":"","meta":{"_acf_changed":false,"footnotes":""},"class_list":["post-2668","page","type-page","status-publish","hentry"],"acf":[],"_links":{"self":[{"href":"https:\/\/drago-boats.eu\/sq\/wp-json\/wp\/v2\/pages\/2668","targetHints":{"allow":["GET"]}}],"collection":[{"href":"https:\/\/drago-boats.eu\/sq\/wp-json\/wp\/v2\/pages"}],"about":[{"href":"https:\/\/drago-boats.eu\/sq\/wp-json\/wp\/v2\/types\/page"}],"author":[{"embeddable":true,"href":"https:\/\/drago-boats.eu\/sq\/wp-json\/wp\/v2\/users\/1"}],"replies":[{"embeddable":true,"href":"https:\/\/drago-boats.eu\/sq\/wp-json\/wp\/v2\/comments?post=2668"}],"version-history":[{"count":1,"href":"https:\/\/drago-boats.eu\/sq\/wp-json\/wp\/v2\/pages\/2668\/revisions"}],"predecessor-version":[{"id":2676,"href":"https:\/\/drago-boats.eu\/sq\/wp-json\/wp\/v2\/pages\/2668\/revisions\/2676"}],"wp:attachment":[{"href":"https:\/\/drago-boats.eu\/sq\/wp-json\/wp\/v2\/media?parent=2668"}],"curies":[{"name":"wp","href":"https:\/\/api.w.org\/{rel}","templated":true}]}}