{"id":2564,"date":"2023-10-31T13:26:11","date_gmt":"2023-10-31T12:26:11","guid":{"rendered":"https:\/\/drago-boats.eu\/faqja-kryesore\/"},"modified":"2025-04-11T15:44:56","modified_gmt":"2025-04-11T13:44:56","slug":"faqja-kryesore","status":"publish","type":"page","link":"https:\/\/drago-boats.eu\/sq\/","title":{"rendered":"Faqja kryesore"},"content":{"rendered":"\n<figure class=\"wp-block-video alignwide\"><video height=\"500\" style=\"aspect-ratio: 1920 \/ 500;\" width=\"1920\" autoplay=\"\" loop=\"\" muted=\"\" src=\"https:\/\/drago-boats.eu\/wp-content\/uploads\/2024\/10\/drago-teaser-1.m4v\" playsinline=\"\"><\/video><\/figure>\n\n<div style=\"height:37px\" aria-hidden=\"true\" class=\"wp-block-spacer\"><\/div>\n\n<div class=\"wp-block-columns is-not-stacked-on-mobile is-layout-flex wp-container-core-columns-is-layout-28f84493 wp-block-columns-is-layout-flex\">\n<div class=\"wp-block-column is-layout-flow wp-block-column-is-layout-flow\" style=\"flex-basis:100%\">\n<div class=\"wp-block-columns is-layout-flex wp-container-core-columns-is-layout-28f84493 wp-block-columns-is-layout-flex\">\n<div class=\"wp-block-column is-layout-flow wp-block-column-is-layout-flow\" style=\"flex-basis:15%\"><\/div>\n\n\n\n<div class=\"wp-block-column is-layout-flow wp-block-column-is-layout-flow\" style=\"flex-basis:70%\">\n<hr class=\"wp-block-separator has-alpha-channel-opacity\"\/>\n\n\n\n<p class=\"has-text-align-center has-background\" style=\"background-color:#ffffffbf\"><strong>Varkat<\/strong> <strong>Drago<\/strong> &#8211; kantieri detar i drejtuar nga familja ka qen\u00eb i njohur p\u00ebr prodhimin e anijeve p\u00ebr p\u00ebrdorim n\u00eb brend\u00ebsi dhe bregdetar evropian p\u00ebr breza.<br\/>Fokusi i kantierit detar \u00ebsht\u00eb qart\u00ebsisht te varkat me kabina. Sidomos vitet e fundit portofolit i jan\u00eb shtuar kabina t\u00eb lehta, efikase dhe praktike, zakonisht me hap\u00ebsir\u00eb tualeti.<br\/>Varkat Drago jan\u00eb barka ideale rimorkio, varka perfekte familjare, varka p\u00ebr p\u00ebrdorim t\u00eb rehatsh\u00ebm n\u00eb brend\u00ebsi, por edhe p\u00ebr uj\u00ebrat bregdetare. <br\/><br\/>Modelet tona jan\u00eb t\u00eb njohura n\u00eb t\u00eb gjith\u00eb Evrop\u00ebn p\u00ebr konceptin e tyre t\u00eb p\u00ebrsosur t\u00eb dhom\u00ebs, dizajnin e tyre funksional modern dhe nj\u00eb raport t\u00eb balancuar \u00e7mim-performanc\u00eb.<\/p>\n\n\n\n<hr class=\"wp-block-separator has-alpha-channel-opacity\"\/>\n<\/div>\n\n\n\n<div class=\"wp-block-column is-layout-flow wp-block-column-is-layout-flow\" style=\"flex-basis:15%\"><\/div>\n<\/div>\n<\/div>\n<\/div>\n\n<div style=\"height:37px\" aria-hidden=\"true\" class=\"wp-block-spacer\"><\/div>\n\n<div class=\"wp-block-columns is-layout-flex wp-container-core-columns-is-layout-28f84493 wp-block-columns-is-layout-flex\">\n<div class=\"wp-block-column is-layout-flow wp-block-column-is-layout-flow\" style=\"flex-basis:25%\"><\/div>\n\n\n\n<div class=\"wp-block-column has-background is-layout-flow wp-block-column-is-layout-flow\" style=\"background-color:#ffffffcc;flex-basis:25%\">\n<figure class=\"wp-block-image aligncenter size-full is-resized is-style-default\"><a href=\"http:\/\/drago-boats.eu\/wp-content\/Panorama\/output\/index.html\"><img fetchpriority=\"high\" decoding=\"async\" width=\"680\" height=\"350\" src=\"https:\/\/drago-boats.eu\/wp-content\/uploads\/2024\/03\/DRAGO-VR.png\" alt=\"\" class=\"wp-image-970\" style=\"width:auto;height:200px\" srcset=\"https:\/\/drago-boats.eu\/wp-content\/uploads\/2024\/03\/DRAGO-VR.png 680w, https:\/\/drago-boats.eu\/wp-content\/uploads\/2024\/03\/DRAGO-VR-300x154.png 300w, https:\/\/drago-boats.eu\/wp-content\/uploads\/2024\/03\/DRAGO-VR-500x257.png 500w\" sizes=\"(max-width: 680px) 100vw, 680px\" \/><\/a><\/figure>\n\n\n\n<p class=\"has-text-align-center has-black-color has-text-color has-link-color wp-elements-a7b96284539ee5c7771f9d68503035b5\"><a href=\"http:\/\/drago-boats.eu\/wp-content\/Panorama\/output\/index.html\">K\u00ebtu mund t\u00eb shihni modelet Drago n\u00eb ton\u00eb<\/a><br\/><a href=\"http:\/\/drago-boats.eu\/wp-content\/Panorama\/output\/index.html\"> turne virtual.<br\/><br\/>K\u00ebnaquni!<\/a><\/p>\n<\/div>\n\n\n\n<div class=\"wp-block-column is-vertically-aligned-top is-layout-flow wp-block-column-is-layout-flow\" style=\"flex-basis:25%\">\n<figure class=\"wp-block-image aligncenter size-full is-resized\"><a href=\"https:\/\/drago-boats.eu\/wp-content\/uploads\/2025\/02\/Brochure-Drago-DE-ENG.pdf\"><img decoding=\"async\" width=\"1024\" height=\"733\" src=\"https:\/\/drago-boats.eu\/wp-content\/uploads\/2025\/02\/Drago-Brochure-thumb.jpg\" alt=\"\" class=\"wp-image-4267\" style=\"width:auto;height:200px\" srcset=\"https:\/\/drago-boats.eu\/wp-content\/uploads\/2025\/02\/Drago-Brochure-thumb.jpg 1024w, https:\/\/drago-boats.eu\/wp-content\/uploads\/2025\/02\/Drago-Brochure-thumb-300x215.jpg 300w, https:\/\/drago-boats.eu\/wp-content\/uploads\/2025\/02\/Drago-Brochure-thumb-768x550.jpg 768w, https:\/\/drago-boats.eu\/wp-content\/uploads\/2025\/02\/Drago-Brochure-thumb-24x17.jpg 24w, https:\/\/drago-boats.eu\/wp-content\/uploads\/2025\/02\/Drago-Brochure-thumb-36x26.jpg 36w, https:\/\/drago-boats.eu\/wp-content\/uploads\/2025\/02\/Drago-Brochure-thumb-48x34.jpg 48w, https:\/\/drago-boats.eu\/wp-content\/uploads\/2025\/02\/Drago-Brochure-thumb-500x358.jpg 500w, https:\/\/drago-boats.eu\/wp-content\/uploads\/2025\/02\/Drago-Brochure-thumb-800x573.jpg 800w\" sizes=\"(max-width: 1024px) 100vw, 1024px\" \/><\/a><\/figure>\n\n\n\n<p class=\"has-text-align-center has-black-color has-text-color has-link-color wp-elements-d36e6d72faec35c4129e6575a6582e9f\"><a href=\"https:\/\/drago-boats.eu\/wp-content\/uploads\/2025\/02\/Brochure-Drago-DE-ENG.pdf\">Hidhini nj\u00eb sy broshur\u00ebs son\u00eb Drago<\/a><\/p>\n<\/div>\n\n\n\n<div class=\"wp-block-column is-layout-flow wp-block-column-is-layout-flow\" style=\"flex-basis:25%\"><\/div>\n<\/div>\n\n<div class=\"wp-block-columns is-layout-flex wp-container-core-columns-is-layout-28f84493 wp-block-columns-is-layout-flex\">\n<div class=\"wp-block-column is-layout-flow wp-block-column-is-layout-flow\" style=\"flex-basis:10%\"><\/div>\n\n\n\n<div class=\"wp-block-column has-white-background-color has-background is-layout-flow wp-block-column-is-layout-flow\" style=\"flex-basis:80%\">\n<div style=\"height:37px\" aria-hidden=\"true\" class=\"wp-block-spacer\"><\/div>\n\n\n\n<h2 class=\"wp-block-heading has-text-align-center\">Pamje e p\u00ebrgjithshme e modelit<\/h2>\n\n\n\n<hr class=\"wp-block-separator has-alpha-channel-opacity\"\/>\n\n\n\n<div class=\"wp-block-columns has-border-color has-background is-layout-flex wp-container-core-columns-is-layout-28f84493 wp-block-columns-is-layout-flex\" style=\"border-color:#6e6e6e;border-width:6px;background-color:#b6b6b6c7\">\n<div class=\"wp-block-column is-layout-flow wp-block-column-is-layout-flow\" style=\"flex-basis:50%\">\n<figure class=\"wp-block-image aligncenter size-full is-resized\"><img decoding=\"async\" width=\"2712\" height=\"1416\" src=\"https:\/\/drago-boats.eu\/wp-content\/uploads\/2025\/02\/650-Model.png\" alt=\"\" class=\"wp-image-4624\" style=\"width:625px;height:auto\" srcset=\"https:\/\/drago-boats.eu\/wp-content\/uploads\/2025\/02\/650-Model.png 2712w, https:\/\/drago-boats.eu\/wp-content\/uploads\/2025\/02\/650-Model-300x157.png 300w, https:\/\/drago-boats.eu\/wp-content\/uploads\/2025\/02\/650-Model-1024x535.png 1024w, https:\/\/drago-boats.eu\/wp-content\/uploads\/2025\/02\/650-Model-768x401.png 768w, https:\/\/drago-boats.eu\/wp-content\/uploads\/2025\/02\/650-Model-1536x802.png 1536w, https:\/\/drago-boats.eu\/wp-content\/uploads\/2025\/02\/650-Model-2048x1069.png 2048w, https:\/\/drago-boats.eu\/wp-content\/uploads\/2025\/02\/650-Model-24x13.png 24w, https:\/\/drago-boats.eu\/wp-content\/uploads\/2025\/02\/650-Model-36x19.png 36w, https:\/\/drago-boats.eu\/wp-content\/uploads\/2025\/02\/650-Model-48x25.png 48w, https:\/\/drago-boats.eu\/wp-content\/uploads\/2025\/02\/650-Model-500x261.png 500w, https:\/\/drago-boats.eu\/wp-content\/uploads\/2025\/02\/650-Model-800x418.png 800w, https:\/\/drago-boats.eu\/wp-content\/uploads\/2025\/02\/650-Model-1280x668.png 1280w, https:\/\/drago-boats.eu\/wp-content\/uploads\/2025\/02\/650-Model-1920x1002.png 1920w\" sizes=\"(max-width: 2712px) 100vw, 2712px\" \/><\/figure>\n<\/div>\n\n\n\n<div class=\"wp-block-column is-layout-flow wp-block-column-is-layout-flow\" style=\"flex-basis:35%\">\n<p class=\"has-medium-font-size\"><strong>DRAGO 650 ***<\/strong><\/p>\n\n\n\n<p>\u00cbsht\u00eb pothuajse koha: l\u00ebshimi i <strong>Drago 650<\/strong> \u00ebsht\u00eb af\u00ebr qoshes dhe ne nuk mund t\u00eb ishim m\u00eb t\u00eb emocionuar t&#8217;ju prezantojm\u00eb me k\u00ebt\u00eb vark\u00eb t\u00eb jasht\u00ebzakonshme! Ai kombinon teknologjin\u00eb m\u00eb t\u00eb fundit, performanc\u00ebn e jasht\u00ebzakonshme dhe dizajnin elegant p\u00ebr t&#8217;ju garantuar p\u00ebrvoja t\u00eb paharrueshme n\u00eb uj\u00eb. <\/p>\n\n\n\n<p>Q\u00ebndroni t\u00eb p\u00ebrdit\u00ebsuar: Faqja jon\u00eb kryesore p\u00ebrdit\u00ebsohet vazhdimisht me informacione t\u00eb reja, p\u00ebrdit\u00ebsime dhe njohuri ekskluzive rreth Drago 650. K\u00ebtu \u00ebsht\u00eb gjith\u00e7ka q\u00eb duhet t\u00eb dini p\u00ebr t\u00eb p\u00ebrjetuar Drago 650 n\u00eb lavdin\u00eb e tij t\u00eb plot\u00eb. <\/p>\n\n\n\n<p>Na vizitoni rregullisht dhe mos humbisni asnj\u00eb lajm!<\/p>\n\n\n\n<p><a href=\"https:\/\/drago-boats.eu\/sq\/drago-650\/\" data-type=\"page\" data-id=\"4455\">&#8230; m\u00eb shum\u00eb&#8230;<\/a><br\/><br\/><\/p>\n<\/div>\n\n\n\n<div class=\"wp-block-column is-layout-flow wp-block-column-is-layout-flow\" style=\"flex-basis:35%\">\n<figure class=\"wp-block-table is-style-stripes\"><table><tbody><tr><td>Gjat\u00ebsia:<\/td><td>6.58 m<\/td><\/tr><tr><td>Gjer\u00ebsia:<\/td><td>2.40 m<\/td><\/tr><tr><td>Maks. Personat:<\/td><td>6<\/td><\/tr><tr><td>Trailerbar nga:<\/td><td>1,350 kg<\/td><\/tr><tr><td>\u00c7mimi baz\u00eb me motor:<\/td><td>vijon<\/td><\/tr><\/tbody><\/table><\/figure>\n<\/div>\n<\/div>\n\n\n\n<hr class=\"wp-block-separator has-alpha-channel-opacity\"\/>\n\n\n\n<div class=\"wp-block-columns is-layout-flex wp-container-core-columns-is-layout-28f84493 wp-block-columns-is-layout-flex\">\n<div class=\"wp-block-column is-layout-flow wp-block-column-is-layout-flow\" style=\"flex-basis:50%\">\n<figure class=\"wp-block-image aligncenter size-full is-resized\"><a href=\"http:\/\/drago-boats.eu\/drago-750\/\"><img loading=\"lazy\" decoding=\"async\" width=\"1024\" height=\"576\" src=\"https:\/\/drago-boats.eu\/wp-content\/uploads\/2023\/12\/750-Rumpf-Weiss-edited.jpg\" alt=\"\" class=\"wp-image-483\" style=\"width:625px;height:auto\" srcset=\"https:\/\/drago-boats.eu\/wp-content\/uploads\/2023\/12\/750-Rumpf-Weiss-edited.jpg 1024w, https:\/\/drago-boats.eu\/wp-content\/uploads\/2023\/12\/750-Rumpf-Weiss-edited-300x169.jpg 300w, https:\/\/drago-boats.eu\/wp-content\/uploads\/2023\/12\/750-Rumpf-Weiss-edited-768x432.jpg 768w\" sizes=\"(max-width: 1024px) 100vw, 1024px\" \/><\/a><\/figure>\n<\/div>\n\n\n\n<div class=\"wp-block-column is-layout-flow wp-block-column-is-layout-flow\" style=\"flex-basis:35%\">\n<p class=\"has-medium-font-size\"><strong>DRAGO 750<\/strong><\/p>\n\n\n\n<p><strong>Drago 750<\/strong> u vendos p\u00ebr her\u00eb t\u00eb par\u00eb n\u00eb ver\u00ebn e vitit 2023. Me k\u00ebt\u00eb model varke, Drago po hap nj\u00eb strategji t\u00eb re modeli novator.<br\/>Drago 750 kombinon dizajnin modern me p\u00ebrdorimin maksimal t\u00eb hap\u00ebsir\u00ebs. Deri n\u00eb kat\u00ebr persona mund t\u00eb flen\u00eb rehat n\u00eb kabin\u00eb, <br\/>nj\u00eb shtes\u00eb .<a href=\"https:\/\/drago-boats.eu\/sq\/drago-750\/\" data-type=\"page\" data-id=\"15\">..m\u00eb shum\u00eb&#8230;<\/a><br\/><br\/><\/p>\n<\/div>\n\n\n\n<div class=\"wp-block-column is-layout-flow wp-block-column-is-layout-flow\" style=\"flex-basis:35%\">\n<figure class=\"wp-block-table is-style-stripes\"><table><tbody><tr><td>Gjat\u00ebsia:<\/td><td>7.75 m<\/td><\/tr><tr><td>Gjer\u00ebsia:<\/td><td>2.44 m<\/td><\/tr><tr><td>Maks. Personat:<\/td><td>7<\/td><\/tr><tr><td>Kabina Berths \/ Totali:<\/td><td>4 \/ 5<\/td><\/tr><tr><td>Trailerbar nga:<\/td><td>2,350 kg<\/td><\/tr><tr><td>\u00c7mimi baz\u00eb me motor:<\/td><td>\u20ac76,900<\/td><\/tr><\/tbody><\/table><\/figure>\n<\/div>\n<\/div>\n\n\n\n<hr class=\"wp-block-separator has-alpha-channel-opacity\"\/>\n\n\n\n<div class=\"wp-block-columns is-layout-flex wp-container-core-columns-is-layout-28f84493 wp-block-columns-is-layout-flex\">\n<div class=\"wp-block-column is-layout-flow wp-block-column-is-layout-flow\" style=\"flex-basis:50%\">\n<figure class=\"wp-block-image aligncenter size-full is-resized\"><a href=\"http:\/\/drago-boats.eu\/drago-665\/\"><img loading=\"lazy\" decoding=\"async\" width=\"1024\" height=\"393\" src=\"https:\/\/drago-boats.eu\/wp-content\/uploads\/2023\/12\/Drago-665-7545.jpg\" alt=\"\" class=\"wp-image-413\" style=\"width:499px;height:auto\" srcset=\"https:\/\/drago-boats.eu\/wp-content\/uploads\/2023\/12\/Drago-665-7545.jpg 1024w, https:\/\/drago-boats.eu\/wp-content\/uploads\/2023\/12\/Drago-665-7545-300x115.jpg 300w, https:\/\/drago-boats.eu\/wp-content\/uploads\/2023\/12\/Drago-665-7545-768x295.jpg 768w\" sizes=\"(max-width: 1024px) 100vw, 1024px\" \/><\/a><\/figure>\n<\/div>\n\n\n\n<div class=\"wp-block-column is-layout-flow wp-block-column-is-layout-flow\" style=\"flex-basis:35%\">\n<p class=\"has-medium-font-size\"><strong>DRAGO 665<\/strong><\/p>\n\n\n\n<p><strong>Drago 665<\/strong> ka nj\u00eb pik\u00eb t\u00eb ve\u00e7ant\u00eb shitjeje unike. Si nj\u00eb nga varkat e pakta n\u00eb k\u00ebt\u00eb klas\u00eb t\u00eb madh\u00ebsis\u00eb, tre t\u00eb rritur mund ta kalojn\u00eb nat\u00ebn rehat n\u00eb kabin\u00eb. Kjo \u00ebsht\u00eb b\u00ebr\u00eb e mundur nga <a href=\"https:\/\/drago-boats.eu\/sq\/drago-665\/\" data-type=\"page\" data-id=\"13\">&#8230; m\u00eb shum\u00eb&#8230;<\/a><\/p>\n<\/div>\n\n\n\n<div class=\"wp-block-column is-layout-flow wp-block-column-is-layout-flow\" style=\"flex-basis:35%\">\n<figure class=\"wp-block-table is-style-stripes\"><table><tbody><tr><td>Gjat\u00ebsia:<\/td><td>7.00 m<\/td><\/tr><tr><td>Gjer\u00ebsia:<\/td><td>2.26 m<\/td><\/tr><tr><td>Maks. Personat:<\/td><td>6<\/td><\/tr><tr><td>Kabina Berths \/ Totali:<\/td><td>3 \/ 5<\/td><\/tr><tr><td>Trailerbar nga:<\/td><td>1,790 kg<\/td><\/tr><tr><td>\u00c7mimi baz\u00eb me motor:<\/td><td>prej 48.280 \u20ac<\/td><\/tr><\/tbody><\/table><\/figure>\n<\/div>\n<\/div>\n\n\n\n<hr class=\"wp-block-separator has-alpha-channel-opacity\"\/>\n\n\n\n<div class=\"wp-block-columns is-layout-flex wp-container-core-columns-is-layout-28f84493 wp-block-columns-is-layout-flex\">\n<div class=\"wp-block-column is-layout-flow wp-block-column-is-layout-flow\" style=\"flex-basis:50%\">\n<figure class=\"wp-block-image aligncenter size-full is-resized\"><a href=\"http:\/\/drago-boats.eu\/drago-660\/\"><img loading=\"lazy\" decoding=\"async\" width=\"868\" height=\"651\" src=\"http:\/\/drago-boats.eu\/wp-content\/uploads\/2023\/12\/Drago-660-IMG_7006-edited.jpg\" alt=\"\" class=\"wp-image-442\" style=\"width:488px;height:auto\" srcset=\"https:\/\/drago-boats.eu\/wp-content\/uploads\/2023\/12\/Drago-660-IMG_7006-edited.jpg 868w, https:\/\/drago-boats.eu\/wp-content\/uploads\/2023\/12\/Drago-660-IMG_7006-edited-300x225.jpg 300w, https:\/\/drago-boats.eu\/wp-content\/uploads\/2023\/12\/Drago-660-IMG_7006-edited-768x576.jpg 768w\" sizes=\"(max-width: 868px) 100vw, 868px\" \/><\/a><\/figure>\n<\/div>\n\n\n\n<div class=\"wp-block-column is-layout-flow wp-block-column-is-layout-flow\" style=\"flex-basis:35%\">\n<p class=\"has-medium-font-size\"><strong>DRAGO 660<\/strong><\/p>\n\n\n\n<p>P\u00ebr m\u00eb shum\u00eb se nj\u00eb dekad\u00eb, ky model ka qen\u00eb nj\u00eb zgjedhje popullore p\u00ebr ata q\u00eb e duan ecjen n\u00eb uj\u00eb dhe duan t\u00eb kalojn\u00eb disa net\u00eb n\u00eb bord. <strong>Drago 660S<\/strong> ka nj\u00eb bujar <a href=\"https:\/\/drago-boats.eu\/sq\/drago-660-s\/\" data-type=\"page\" data-id=\"11\">&#8230; m\u00eb shum\u00eb&#8230;<\/a><\/p>\n<\/div>\n\n\n\n<div class=\"wp-block-column is-layout-flow wp-block-column-is-layout-flow\" style=\"flex-basis:35%\">\n<figure class=\"wp-block-table is-style-stripes\"><table><tbody><tr><td>Gjat\u00ebsia:<\/td><td>6.54 m<\/td><\/tr><tr><td>Gjer\u00ebsia:<\/td><td>2.26 m<\/td><\/tr><tr><td>Maks. Personat:<\/td><td>6<\/td><\/tr><tr><td>Kabina Berths \/ Totali:<\/td><td>2 \/ 4<\/td><\/tr><tr><td>Trailerbar nga:<\/td><td>1,650 kg<\/td><\/tr><tr><td>\u00c7mimi baz\u00eb me motor:<\/td><td>43.800 \u20ac<\/td><\/tr><\/tbody><\/table><\/figure>\n<\/div>\n<\/div>\n\n\n\n<hr class=\"wp-block-separator has-alpha-channel-opacity\"\/>\n\n\n\n<div class=\"wp-block-columns is-layout-flex wp-container-core-columns-is-layout-28f84493 wp-block-columns-is-layout-flex\">\n<div class=\"wp-block-column is-layout-flow wp-block-column-is-layout-flow\" style=\"flex-basis:50%\">\n<figure class=\"wp-block-image aligncenter size-full is-resized\"><a href=\"http:\/\/drago-boats.eu\/drago-550\/\"><img loading=\"lazy\" decoding=\"async\" width=\"1024\" height=\"683\" src=\"https:\/\/drago-boats.eu\/wp-content\/uploads\/2023\/12\/Drago-550-DSC_7477.jpg\" alt=\"\" class=\"wp-image-447\" style=\"width:473px;height:auto\" srcset=\"https:\/\/drago-boats.eu\/wp-content\/uploads\/2023\/12\/Drago-550-DSC_7477.jpg 1024w, https:\/\/drago-boats.eu\/wp-content\/uploads\/2023\/12\/Drago-550-DSC_7477-300x200.jpg 300w, https:\/\/drago-boats.eu\/wp-content\/uploads\/2023\/12\/Drago-550-DSC_7477-768x512.jpg 768w\" sizes=\"(max-width: 1024px) 100vw, 1024px\" \/><\/a><\/figure>\n<\/div>\n\n\n\n<div class=\"wp-block-column is-layout-flow wp-block-column-is-layout-flow\" style=\"flex-basis:35%\">\n<p class=\"has-medium-font-size\"><strong>DRAGO 550<\/strong><\/p>\n\n\n\n<p><strong>Drago 550 <\/strong>\u00ebsht\u00eb shoq\u00ebruesi i duhur p\u00ebr q\u00ebndrime spontane gjat\u00eb nat\u00ebs, kabina e harkut \u00ebsht\u00eb e ndritshme dhe e gjer\u00eb, n\u00eb raftet an\u00ebsore <a href=\"https:\/\/drago-boats.eu\/sq\/drago-550\/\" data-type=\"page\" data-id=\"8\">ka &#8230; m\u00eb shum\u00eb&#8230;<\/a><\/p>\n<\/div>\n\n\n\n<div class=\"wp-block-column is-layout-flow wp-block-column-is-layout-flow\" style=\"flex-basis:35%\">\n<figure class=\"wp-block-table is-style-stripes\"><table><tbody><tr><td>Gjat\u00ebsia:<\/td><td>5.50 m<\/td><\/tr><tr><td>Gjer\u00ebsia:<\/td><td>2.04 m<\/td><\/tr><tr><td>Maks. Personat:<\/td><td>5<\/td><\/tr><tr><td>Kabina Berths \/ Totali:<\/td><td>2 \/ 3<\/td><\/tr><tr><td>Trailerbar nga:<\/td><td>1.000 kg<\/td><\/tr><tr><td>\u00c7mimi baz\u00eb me motor:<\/td><td>26.300 \u20ac<\/td><\/tr><\/tbody><\/table><\/figure>\n<\/div>\n<\/div>\n<\/div>\n\n\n\n<div class=\"wp-block-column is-layout-flow wp-block-column-is-layout-flow\" style=\"flex-basis:10%\"><\/div>\n<\/div>\n","protected":false},"excerpt":{"rendered":"<p>Varkat Drago &#8211; kantieri detar i drejtuar nga familja ka qen\u00eb i njohur p\u00ebr prodhimin e anijeve p\u00ebr p\u00ebrdorim n\u00eb brend\u00ebsi dhe bregdetar evropian p\u00ebr breza.Fokusi i kantierit detar \u00ebsht\u00eb qart\u00ebsisht te varkat me kabina. Sidomos vitet e fundit portofolit i jan\u00eb shtuar kabina t\u00eb lehta, efikase dhe praktike, zakonisht me hap\u00ebsir\u00eb tualeti.Varkat Drago jan\u00eb [&hellip;]<\/p>\n","protected":false},"author":1,"featured_media":0,"parent":0,"menu_order":0,"comment_status":"closed","ping_status":"closed","template":"elementor_header_footer","meta":{"_acf_changed":false,"footnotes":""},"class_list":["post-2564","page","type-page","status-publish","hentry"],"acf":[],"_links":{"self":[{"href":"https:\/\/drago-boats.eu\/sq\/wp-json\/wp\/v2\/pages\/2564","targetHints":{"allow":["GET"]}}],"collection":[{"href":"https:\/\/drago-boats.eu\/sq\/wp-json\/wp\/v2\/pages"}],"about":[{"href":"https:\/\/drago-boats.eu\/sq\/wp-json\/wp\/v2\/types\/page"}],"author":[{"embeddable":true,"href":"https:\/\/drago-boats.eu\/sq\/wp-json\/wp\/v2\/users\/1"}],"replies":[{"embeddable":true,"href":"https:\/\/drago-boats.eu\/sq\/wp-json\/wp\/v2\/comments?post=2564"}],"version-history":[{"count":10,"href":"https:\/\/drago-boats.eu\/sq\/wp-json\/wp\/v2\/pages\/2564\/revisions"}],"predecessor-version":[{"id":4789,"href":"https:\/\/drago-boats.eu\/sq\/wp-json\/wp\/v2\/pages\/2564\/revisions\/4789"}],"wp:attachment":[{"href":"https:\/\/drago-boats.eu\/sq\/wp-json\/wp\/v2\/media?parent=2564"}],"curies":[{"name":"wp","href":"https:\/\/api.w.org\/{rel}","templated":true}]}}