{"id":2721,"date":"2023-10-31T14:47:42","date_gmt":"2023-10-31T13:47:42","guid":{"rendered":"https:\/\/drago-boats.eu\/tipari\/"},"modified":"2024-05-02T09:55:27","modified_gmt":"2024-05-02T07:55:27","slug":"tipari","status":"publish","type":"page","link":"https:\/\/drago-boats.eu\/ro\/tipari\/","title":{"rendered":"Tip\u0103ri"},"content":{"rendered":"\n<h1 class=\"wp-block-heading\">Tip\u0103ri<\/h1>\n\n<h2 class=\"wp-block-heading\">Informa\u021bii conform \u00a7 5 TMG<\/h2>\n\n<p>\u00d6chsner-Boote GmbH &amp;; Co. KG<br\/>Br\u00fcckentorstr. 24<br\/>97273 K\u00fcrnach<\/p>\n\n<p>Registrul Comer\u021bului: HRA 6864<br\/>Instan\u021ba de gref\u0103: Tribunalul districtual din W\u00fcrzburg<\/p>\n\n<p><strong>Reprezentat\u0103 de:<\/strong><br\/>[Firma und die Anschrift der als Komplement\u00e4r eingetragenen GmbH]<\/p>\n\n<p>Acestea sunt reprezentate de:<br\/>Florian \u00d6chsner<\/p>\n\n<p>Registrul Comer\u021bului: HRB 11393<br\/>Instan\u021ba de gref\u0103: Tribunalul districtual din W\u00fcrzburg<\/p>\n\n<h2 class=\"wp-block-heading\">Contact<\/h2>\n\n<p>Telefon: +49 9367 3265<br\/>Adresa de e-mail: info@drago-boats.eu<\/p>\n\n<h2 class=\"wp-block-heading\">Cod TVA<\/h2>\n\n<p>Num\u0103rul de identificare fiscal\u0103 \u00een conformitate cu \u00a7 27 a din Legea privind taxa pe valoarea ad\u0103ugat\u0103:<br\/>DE 281412992<\/p>\n\n<h2 class=\"wp-block-heading\">Responsabil editorial<\/h2>\n\n<p>Florian \u00d6chsner<\/p>\n\n<h2 class=\"wp-block-heading\">Solu\u021bionarea litigiilor \u00een UE<\/h2>\n\n<p>Comisia European\u0103 ofer\u0103 o platform\u0103 pentru solu\u021bionarea online a litigiilor (SOL): <a href=\"https:\/\/ec.europa.eu\/consumers\/odr\/\" target=\"_blank\" rel=\"noreferrer noopener\">https:\/\/ec.europa.eu\/consumers\/odr\/<\/a>.<br\/>Adresa noastr\u0103 de e-mail poate fi g\u0103sit\u0103 \u00een partea de sus a amprentei.<\/p>\n\n<h2 class=\"wp-block-heading\">Solu\u021bionarea litigiilor \u00een materie de consum\/Comisia universal\u0103 de arbitraj<\/h2>\n\n<p>Nu suntem dispu\u0219i sau obliga\u021bi s\u0103 particip\u0103m la procedurile de solu\u021bionare a litigiilor \u00een fa\u021ba unei comisii de arbitraj pentru consumatori.<\/p>\n\n<p>Sursa: e-recht24.de<\/p>\n","protected":false},"excerpt":{"rendered":"<p>Tip\u0103ri Informa\u021bii conform \u00a7 5 TMG \u00d6chsner-Boote GmbH &amp;; Co. KGBr\u00fcckentorstr. 2497273 K\u00fcrnach Registrul Comer\u021bului: HRA 6864Instan\u021ba de gref\u0103: Tribunalul districtual din W\u00fcrzburg Reprezentat\u0103 de:[Firma und die Anschrift der als Komplement\u00e4r eingetragenen GmbH] Acestea sunt reprezentate de:Florian \u00d6chsner Registrul Comer\u021bului: HRB 11393Instan\u021ba de gref\u0103: Tribunalul districtual din W\u00fcrzburg Contact Telefon: +49 9367 3265Adresa de e-mail: [&hellip;]<\/p>\n","protected":false},"author":1,"featured_media":0,"parent":0,"menu_order":0,"comment_status":"closed","ping_status":"closed","template":"","meta":{"_acf_changed":false,"footnotes":""},"class_list":["post-2721","page","type-page","status-publish","hentry"],"acf":[],"_links":{"self":[{"href":"https:\/\/drago-boats.eu\/ro\/wp-json\/wp\/v2\/pages\/2721","targetHints":{"allow":["GET"]}}],"collection":[{"href":"https:\/\/drago-boats.eu\/ro\/wp-json\/wp\/v2\/pages"}],"about":[{"href":"https:\/\/drago-boats.eu\/ro\/wp-json\/wp\/v2\/types\/page"}],"author":[{"embeddable":true,"href":"https:\/\/drago-boats.eu\/ro\/wp-json\/wp\/v2\/users\/1"}],"replies":[{"embeddable":true,"href":"https:\/\/drago-boats.eu\/ro\/wp-json\/wp\/v2\/comments?post=2721"}],"version-history":[{"count":1,"href":"https:\/\/drago-boats.eu\/ro\/wp-json\/wp\/v2\/pages\/2721\/revisions"}],"predecessor-version":[{"id":2722,"href":"https:\/\/drago-boats.eu\/ro\/wp-json\/wp\/v2\/pages\/2721\/revisions\/2722"}],"wp:attachment":[{"href":"https:\/\/drago-boats.eu\/ro\/wp-json\/wp\/v2\/media?parent=2721"}],"curies":[{"name":"wp","href":"https:\/\/api.w.org\/{rel}","templated":true}]}}