{"id":2448,"date":"2023-10-31T13:26:11","date_gmt":"2023-10-31T12:26:11","guid":{"rendered":"https:\/\/drago-boats.eu\/pagina-principala\/"},"modified":"2025-04-11T15:44:51","modified_gmt":"2025-04-11T13:44:51","slug":"pagina-principala","status":"publish","type":"page","link":"https:\/\/drago-boats.eu\/ro\/","title":{"rendered":"Pagina principal\u0103"},"content":{"rendered":"\n<figure class=\"wp-block-video alignwide\"><video height=\"500\" style=\"aspect-ratio: 1920 \/ 500;\" width=\"1920\" autoplay=\"\" loop=\"\" muted=\"\" src=\"https:\/\/drago-boats.eu\/wp-content\/uploads\/2024\/10\/drago-teaser-1.m4v\" playsinline=\"\"><\/video><\/figure>\n\n<div style=\"height:37px\" aria-hidden=\"true\" class=\"wp-block-spacer\"><\/div>\n\n<div class=\"wp-block-columns is-not-stacked-on-mobile is-layout-flex wp-container-core-columns-is-layout-28f84493 wp-block-columns-is-layout-flex\">\n<div class=\"wp-block-column is-layout-flow wp-block-column-is-layout-flow\" style=\"flex-basis:100%\">\n<div class=\"wp-block-columns is-layout-flex wp-container-core-columns-is-layout-28f84493 wp-block-columns-is-layout-flex\">\n<div class=\"wp-block-column is-layout-flow wp-block-column-is-layout-flow\" style=\"flex-basis:15%\"><\/div>\n\n\n\n<div class=\"wp-block-column is-layout-flow wp-block-column-is-layout-flow\" style=\"flex-basis:70%\">\n<hr class=\"wp-block-separator has-alpha-channel-opacity\"\/>\n\n\n\n<p class=\"has-text-align-center has-background\" style=\"background-color:#ffffffbf\"><strong>Barci<\/strong> <strong>Drago<\/strong> &#8211; \u0219antierul naval administrat de o familie este cunoscut pentru producerea de b\u0103rci pentru uz intern \u0219i de coast\u0103 european de genera\u021bii.<br\/>Accentul \u0219antierului naval este \u00een mod clar pe b\u0103rci cu cabin\u0103. Mai ales \u00een ultimii ani, \u00een portofoliu s-au ad\u0103ugat b\u0103rci cu cabin\u0103 u\u0219oare, eficiente \u0219i practice, de obicei cu spa\u021biu de toalet\u0103.<br\/>B\u0103rcile Drago sunt b\u0103rci cu remorc\u0103 ideale, b\u0103rci de familie perfecte, b\u0103rci pentru utilizare confortabil\u0103 \u00een interior, dar \u0219i pentru apele de coast\u0103. <br\/><br\/>Modelele noastre sunt cunoscute \u00een \u00eentreaga Europ\u0103 pentru conceptul lor de camer\u0103 perfect\u0103, designul lor func\u021bional modern \u0219i un raport echilibrat pre\u021b-performan\u021b\u0103.<\/p>\n\n\n\n<hr class=\"wp-block-separator has-alpha-channel-opacity\"\/>\n<\/div>\n\n\n\n<div class=\"wp-block-column is-layout-flow wp-block-column-is-layout-flow\" style=\"flex-basis:15%\"><\/div>\n<\/div>\n<\/div>\n<\/div>\n\n<div style=\"height:37px\" aria-hidden=\"true\" class=\"wp-block-spacer\"><\/div>\n\n<div class=\"wp-block-columns is-layout-flex wp-container-core-columns-is-layout-28f84493 wp-block-columns-is-layout-flex\">\n<div class=\"wp-block-column is-layout-flow wp-block-column-is-layout-flow\" style=\"flex-basis:25%\"><\/div>\n\n\n\n<div class=\"wp-block-column has-background is-layout-flow wp-block-column-is-layout-flow\" style=\"background-color:#ffffffcc;flex-basis:25%\">\n<figure class=\"wp-block-image aligncenter size-full is-resized is-style-default\"><a href=\"http:\/\/drago-boats.eu\/wp-content\/Panorama\/output\/index.html\"><img fetchpriority=\"high\" decoding=\"async\" width=\"680\" height=\"350\" src=\"https:\/\/drago-boats.eu\/wp-content\/uploads\/2024\/03\/DRAGO-VR.png\" alt=\"\" class=\"wp-image-970\" style=\"width:auto;height:200px\" srcset=\"https:\/\/drago-boats.eu\/wp-content\/uploads\/2024\/03\/DRAGO-VR.png 680w, https:\/\/drago-boats.eu\/wp-content\/uploads\/2024\/03\/DRAGO-VR-300x154.png 300w, https:\/\/drago-boats.eu\/wp-content\/uploads\/2024\/03\/DRAGO-VR-500x257.png 500w\" sizes=\"(max-width: 680px) 100vw, 680px\" \/><\/a><\/figure>\n\n\n\n<p class=\"has-text-align-center has-black-color has-text-color has-link-color wp-elements-77b616b876952672152432001add7786\"><a href=\"http:\/\/drago-boats.eu\/wp-content\/Panorama\/output\/index.html\">Aici pute\u021bi vedea modelele Drago \u00een<\/a><br\/><a href=\"http:\/\/drago-boats.eu\/wp-content\/Panorama\/output\/index.html\"> Tur virtual.<br\/><br\/>Delecta!<\/a><\/p>\n<\/div>\n\n\n\n<div class=\"wp-block-column is-vertically-aligned-top is-layout-flow wp-block-column-is-layout-flow\" style=\"flex-basis:25%\">\n<figure class=\"wp-block-image aligncenter size-full is-resized\"><a href=\"https:\/\/drago-boats.eu\/wp-content\/uploads\/2025\/02\/Brochure-Drago-DE-ENG.pdf\"><img decoding=\"async\" width=\"1024\" height=\"733\" src=\"https:\/\/drago-boats.eu\/wp-content\/uploads\/2025\/02\/Drago-Brochure-thumb.jpg\" alt=\"\" class=\"wp-image-4267\" style=\"width:auto;height:200px\" srcset=\"https:\/\/drago-boats.eu\/wp-content\/uploads\/2025\/02\/Drago-Brochure-thumb.jpg 1024w, https:\/\/drago-boats.eu\/wp-content\/uploads\/2025\/02\/Drago-Brochure-thumb-300x215.jpg 300w, https:\/\/drago-boats.eu\/wp-content\/uploads\/2025\/02\/Drago-Brochure-thumb-768x550.jpg 768w, https:\/\/drago-boats.eu\/wp-content\/uploads\/2025\/02\/Drago-Brochure-thumb-24x17.jpg 24w, https:\/\/drago-boats.eu\/wp-content\/uploads\/2025\/02\/Drago-Brochure-thumb-36x26.jpg 36w, https:\/\/drago-boats.eu\/wp-content\/uploads\/2025\/02\/Drago-Brochure-thumb-48x34.jpg 48w, https:\/\/drago-boats.eu\/wp-content\/uploads\/2025\/02\/Drago-Brochure-thumb-500x358.jpg 500w, https:\/\/drago-boats.eu\/wp-content\/uploads\/2025\/02\/Drago-Brochure-thumb-800x573.jpg 800w\" sizes=\"(max-width: 1024px) 100vw, 1024px\" \/><\/a><\/figure>\n\n\n\n<p class=\"has-text-align-center has-black-color has-text-color has-link-color wp-elements-eb54de18bd485350fd67074b62111143\"><a href=\"https:\/\/drago-boats.eu\/wp-content\/uploads\/2025\/02\/Brochure-Drago-DE-ENG.pdf\">Arunc\u0103 o privire la bro\u0219ura noastr\u0103 Drago<\/a><\/p>\n<\/div>\n\n\n\n<div class=\"wp-block-column is-layout-flow wp-block-column-is-layout-flow\" style=\"flex-basis:25%\"><\/div>\n<\/div>\n\n<div class=\"wp-block-columns is-layout-flex wp-container-core-columns-is-layout-28f84493 wp-block-columns-is-layout-flex\">\n<div class=\"wp-block-column is-layout-flow wp-block-column-is-layout-flow\" style=\"flex-basis:10%\"><\/div>\n\n\n\n<div class=\"wp-block-column has-white-background-color has-background is-layout-flow wp-block-column-is-layout-flow\" style=\"flex-basis:80%\">\n<div style=\"height:37px\" aria-hidden=\"true\" class=\"wp-block-spacer\"><\/div>\n\n\n\n<h2 class=\"wp-block-heading has-text-align-center\">Prezentare general\u0103 a modelului<\/h2>\n\n\n\n<hr class=\"wp-block-separator has-alpha-channel-opacity\"\/>\n\n\n\n<div class=\"wp-block-columns has-border-color has-background is-layout-flex wp-container-core-columns-is-layout-28f84493 wp-block-columns-is-layout-flex\" style=\"border-color:#6e6e6e;border-width:6px;background-color:#b6b6b6c7\">\n<div class=\"wp-block-column is-layout-flow wp-block-column-is-layout-flow\" style=\"flex-basis:50%\">\n<figure class=\"wp-block-image aligncenter size-full is-resized\"><img decoding=\"async\" width=\"2712\" height=\"1416\" src=\"https:\/\/drago-boats.eu\/wp-content\/uploads\/2025\/02\/650-Model.png\" alt=\"\" class=\"wp-image-4624\" style=\"width:625px;height:auto\" srcset=\"https:\/\/drago-boats.eu\/wp-content\/uploads\/2025\/02\/650-Model.png 2712w, https:\/\/drago-boats.eu\/wp-content\/uploads\/2025\/02\/650-Model-300x157.png 300w, https:\/\/drago-boats.eu\/wp-content\/uploads\/2025\/02\/650-Model-1024x535.png 1024w, https:\/\/drago-boats.eu\/wp-content\/uploads\/2025\/02\/650-Model-768x401.png 768w, https:\/\/drago-boats.eu\/wp-content\/uploads\/2025\/02\/650-Model-1536x802.png 1536w, https:\/\/drago-boats.eu\/wp-content\/uploads\/2025\/02\/650-Model-2048x1069.png 2048w, https:\/\/drago-boats.eu\/wp-content\/uploads\/2025\/02\/650-Model-24x13.png 24w, https:\/\/drago-boats.eu\/wp-content\/uploads\/2025\/02\/650-Model-36x19.png 36w, https:\/\/drago-boats.eu\/wp-content\/uploads\/2025\/02\/650-Model-48x25.png 48w, https:\/\/drago-boats.eu\/wp-content\/uploads\/2025\/02\/650-Model-500x261.png 500w, https:\/\/drago-boats.eu\/wp-content\/uploads\/2025\/02\/650-Model-800x418.png 800w, https:\/\/drago-boats.eu\/wp-content\/uploads\/2025\/02\/650-Model-1280x668.png 1280w, https:\/\/drago-boats.eu\/wp-content\/uploads\/2025\/02\/650-Model-1920x1002.png 1920w\" sizes=\"(max-width: 2712px) 100vw, 2712px\" \/><\/figure>\n<\/div>\n\n\n\n<div class=\"wp-block-column is-layout-flow wp-block-column-is-layout-flow\" style=\"flex-basis:35%\">\n<p class=\"has-medium-font-size\"><strong>DRAGO 650 ***<\/strong><\/p>\n\n\n\n<p>Este aproape timpul: lansarea <strong>lui Drago 650<\/strong> este chiar dup\u0103 col\u021b \u0219i nu am putea fi mai \u00eenc\u00e2nta\u021bi s\u0103 v\u0103 prezent\u0103m aceast\u0103 barc\u0103 extraordinar\u0103! Combin\u0103 tehnologia de ultim\u0103 genera\u021bie, performan\u021ba remarcabil\u0103 \u0219i designul elegant pentru a v\u0103 garanta experien\u021be de neuitat pe ap\u0103. <\/p>\n\n\n\n<p>R\u0103m\u00e2ne\u021bi la curent: Pagina noastr\u0103 de pornire este actualizat\u0103 continuu cu informa\u021bii proaspete, actualiz\u0103ri \u0219i informa\u021bii exclusive despre Drago 650. Iat\u0103 tot ce trebuie s\u0103 \u0219ti\u021bi pentru a experimenta Drago 650 \u00een toat\u0103 splendoarea sa. <\/p>\n\n\n\n<p>Vizita\u021bi-ne \u00een mod regulat \u0219i nu rata\u021bi nicio \u0219tire!<\/p>\n\n\n\n<p><a href=\"https:\/\/drago-boats.eu\/ro\/drago-650\/\" data-type=\"page\" data-id=\"4455\">&#8230; mai mult&#8230;<\/a><br\/><br\/><\/p>\n<\/div>\n\n\n\n<div class=\"wp-block-column is-layout-flow wp-block-column-is-layout-flow\" style=\"flex-basis:35%\">\n<figure class=\"wp-block-table is-style-stripes\"><table><tbody><tr><td>Lungime:<\/td><td>6,58 m<\/td><\/tr><tr><td>L\u0103\u021bime:<\/td><td>2,40 m<\/td><\/tr><tr><td>Max. Persoane:<\/td><td>6<\/td><\/tr><tr><td>Bar\u0103 de remorc\u0103 de la:<\/td><td>1.350 kg<\/td><\/tr><tr><td>Pre\u021bul de baz\u0103 cu motor:<\/td><td>urmeaz\u0103<\/td><\/tr><\/tbody><\/table><\/figure>\n<\/div>\n<\/div>\n\n\n\n<hr class=\"wp-block-separator has-alpha-channel-opacity\"\/>\n\n\n\n<div class=\"wp-block-columns is-layout-flex wp-container-core-columns-is-layout-28f84493 wp-block-columns-is-layout-flex\">\n<div class=\"wp-block-column is-layout-flow wp-block-column-is-layout-flow\" style=\"flex-basis:50%\">\n<figure class=\"wp-block-image aligncenter size-full is-resized\"><a href=\"http:\/\/drago-boats.eu\/drago-750\/\"><img loading=\"lazy\" decoding=\"async\" width=\"1024\" height=\"576\" src=\"https:\/\/drago-boats.eu\/wp-content\/uploads\/2023\/12\/750-Rumpf-Weiss-edited.jpg\" alt=\"\" class=\"wp-image-483\" style=\"width:625px;height:auto\" srcset=\"https:\/\/drago-boats.eu\/wp-content\/uploads\/2023\/12\/750-Rumpf-Weiss-edited.jpg 1024w, https:\/\/drago-boats.eu\/wp-content\/uploads\/2023\/12\/750-Rumpf-Weiss-edited-300x169.jpg 300w, https:\/\/drago-boats.eu\/wp-content\/uploads\/2023\/12\/750-Rumpf-Weiss-edited-768x432.jpg 768w\" sizes=\"(max-width: 1024px) 100vw, 1024px\" \/><\/a><\/figure>\n<\/div>\n\n\n\n<div class=\"wp-block-column is-layout-flow wp-block-column-is-layout-flow\" style=\"flex-basis:35%\">\n<p class=\"has-medium-font-size\"><strong>DRAGO 750<\/strong><\/p>\n\n\n\n<p><strong>Drago 750<\/strong> a fost instalat pentru prima dat\u0103 \u00een vara anului 2023. Cu acest model de barc\u0103, Drago deschide o nou\u0103 strategie de model revolu\u021bionar\u0103.<br\/>Drago 750 combin\u0103 designul modern cu utilizarea maxim\u0103 a spa\u021biului. P\u00e2n\u0103 la patru persoane pot dormi confortabil \u00een cabin\u0103, <br\/>un suplimenta<a href=\"https:\/\/drago-boats.eu\/ro\/drago-750\/\" data-type=\"page\" data-id=\"15\">r&#8230;mai mult&#8230;<\/a><br\/><br\/><\/p>\n<\/div>\n\n\n\n<div class=\"wp-block-column is-layout-flow wp-block-column-is-layout-flow\" style=\"flex-basis:35%\">\n<figure class=\"wp-block-table is-style-stripes\"><table><tbody><tr><td>Lungime:<\/td><td>7,75 m<\/td><\/tr><tr><td>L\u0103\u021bime:<\/td><td>2,44 m<\/td><\/tr><tr><td>Max. Persoane:<\/td><td>7<\/td><\/tr><tr><td>Dane cabin\u0103 \/ Total:<\/td><td>4 \/ 5<\/td><\/tr><tr><td>Bar\u0103 de remorc\u0103 de la:<\/td><td>2.350 kg<\/td><\/tr><tr><td>Pre\u021bul de baz\u0103 cu motor:<\/td><td>76.900 \u20ac<\/td><\/tr><\/tbody><\/table><\/figure>\n<\/div>\n<\/div>\n\n\n\n<hr class=\"wp-block-separator has-alpha-channel-opacity\"\/>\n\n\n\n<div class=\"wp-block-columns is-layout-flex wp-container-core-columns-is-layout-28f84493 wp-block-columns-is-layout-flex\">\n<div class=\"wp-block-column is-layout-flow wp-block-column-is-layout-flow\" style=\"flex-basis:50%\">\n<figure class=\"wp-block-image aligncenter size-full is-resized\"><a href=\"http:\/\/drago-boats.eu\/drago-665\/\"><img loading=\"lazy\" decoding=\"async\" width=\"1024\" height=\"393\" src=\"https:\/\/drago-boats.eu\/wp-content\/uploads\/2023\/12\/Drago-665-7545.jpg\" alt=\"\" class=\"wp-image-413\" style=\"width:499px;height:auto\" srcset=\"https:\/\/drago-boats.eu\/wp-content\/uploads\/2023\/12\/Drago-665-7545.jpg 1024w, https:\/\/drago-boats.eu\/wp-content\/uploads\/2023\/12\/Drago-665-7545-300x115.jpg 300w, https:\/\/drago-boats.eu\/wp-content\/uploads\/2023\/12\/Drago-665-7545-768x295.jpg 768w\" sizes=\"(max-width: 1024px) 100vw, 1024px\" \/><\/a><\/figure>\n<\/div>\n\n\n\n<div class=\"wp-block-column is-layout-flow wp-block-column-is-layout-flow\" style=\"flex-basis:35%\">\n<p class=\"has-medium-font-size\"><strong>DRAGO 665<\/strong><\/p>\n\n\n\n<p><strong>Drago 665<\/strong> are un punct de v\u00e2nzare unic distinctiv. Fiind una dintre pu\u021binele b\u0103rci din aceast\u0103 clas\u0103 de dimensiuni, trei adul\u021bi pot petrece noaptea confortabil \u00een cabin\u0103. Acest lucru este posibil prin <a href=\"https:\/\/drago-boats.eu\/ro\/drago-665\/\" data-type=\"page\" data-id=\"13\">&#8230; mai mult&#8230;<\/a><\/p>\n<\/div>\n\n\n\n<div class=\"wp-block-column is-layout-flow wp-block-column-is-layout-flow\" style=\"flex-basis:35%\">\n<figure class=\"wp-block-table is-style-stripes\"><table><tbody><tr><td>Lungime:<\/td><td>7.00 m<\/td><\/tr><tr><td>L\u0103\u021bime:<\/td><td>2,26 m<\/td><\/tr><tr><td>Max. Persoane:<\/td><td>6<\/td><\/tr><tr><td>Dane cabin\u0103 \/ Total:<\/td><td>3 \/ 5<\/td><\/tr><tr><td>Bar\u0103 de remorc\u0103 de la:<\/td><td>1.790 kg<\/td><\/tr><tr><td>Pre\u021bul de baz\u0103 cu motor:<\/td><td>de la 48.280 \u20ac<\/td><\/tr><\/tbody><\/table><\/figure>\n<\/div>\n<\/div>\n\n\n\n<hr class=\"wp-block-separator has-alpha-channel-opacity\"\/>\n\n\n\n<div class=\"wp-block-columns is-layout-flex wp-container-core-columns-is-layout-28f84493 wp-block-columns-is-layout-flex\">\n<div class=\"wp-block-column is-layout-flow wp-block-column-is-layout-flow\" style=\"flex-basis:50%\">\n<figure class=\"wp-block-image aligncenter size-full is-resized\"><a href=\"http:\/\/drago-boats.eu\/drago-660\/\"><img loading=\"lazy\" decoding=\"async\" width=\"868\" height=\"651\" src=\"http:\/\/drago-boats.eu\/wp-content\/uploads\/2023\/12\/Drago-660-IMG_7006-edited.jpg\" alt=\"\" class=\"wp-image-442\" style=\"width:488px;height:auto\" srcset=\"https:\/\/drago-boats.eu\/wp-content\/uploads\/2023\/12\/Drago-660-IMG_7006-edited.jpg 868w, https:\/\/drago-boats.eu\/wp-content\/uploads\/2023\/12\/Drago-660-IMG_7006-edited-300x225.jpg 300w, https:\/\/drago-boats.eu\/wp-content\/uploads\/2023\/12\/Drago-660-IMG_7006-edited-768x576.jpg 768w\" sizes=\"(max-width: 868px) 100vw, 868px\" \/><\/a><\/figure>\n<\/div>\n\n\n\n<div class=\"wp-block-column is-layout-flow wp-block-column-is-layout-flow\" style=\"flex-basis:35%\">\n<p class=\"has-medium-font-size\"><strong>DRAGO 660<\/strong><\/p>\n\n\n\n<p>De mai bine de un deceniu, acest model a fost o alegere popular\u0103 pentru cei care iubesc drume\u021biile pe ap\u0103 \u0219i doresc s\u0103 petreac\u0103 c\u00e2teva nop\u021bi la bord. <strong>Drago 660S<\/strong> are un <a href=\"https:\/\/drago-boats.eu\/ro\/drago-660-s\/\" data-type=\"page\" data-id=\"11\">&#8230; mai mult&#8230;<\/a><\/p>\n<\/div>\n\n\n\n<div class=\"wp-block-column is-layout-flow wp-block-column-is-layout-flow\" style=\"flex-basis:35%\">\n<figure class=\"wp-block-table is-style-stripes\"><table><tbody><tr><td>Lungime:<\/td><td>6,54 m<\/td><\/tr><tr><td>L\u0103\u021bime:<\/td><td>2,26 m<\/td><\/tr><tr><td>Max. Persoane:<\/td><td>6<\/td><\/tr><tr><td>Dane cabin\u0103 \/ Total:<\/td><td>2 \/ 4<\/td><\/tr><tr><td>Bar\u0103 de remorc\u0103 de la:<\/td><td>1.650 kg<\/td><\/tr><tr><td>Pre\u021bul de baz\u0103 cu motor:<\/td><td>43.800 \u20ac<\/td><\/tr><\/tbody><\/table><\/figure>\n<\/div>\n<\/div>\n\n\n\n<hr class=\"wp-block-separator has-alpha-channel-opacity\"\/>\n\n\n\n<div class=\"wp-block-columns is-layout-flex wp-container-core-columns-is-layout-28f84493 wp-block-columns-is-layout-flex\">\n<div class=\"wp-block-column is-layout-flow wp-block-column-is-layout-flow\" style=\"flex-basis:50%\">\n<figure class=\"wp-block-image aligncenter size-full is-resized\"><a href=\"http:\/\/drago-boats.eu\/drago-550\/\"><img loading=\"lazy\" decoding=\"async\" width=\"1024\" height=\"683\" src=\"https:\/\/drago-boats.eu\/wp-content\/uploads\/2023\/12\/Drago-550-DSC_7477.jpg\" alt=\"\" class=\"wp-image-447\" style=\"width:473px;height:auto\" srcset=\"https:\/\/drago-boats.eu\/wp-content\/uploads\/2023\/12\/Drago-550-DSC_7477.jpg 1024w, https:\/\/drago-boats.eu\/wp-content\/uploads\/2023\/12\/Drago-550-DSC_7477-300x200.jpg 300w, https:\/\/drago-boats.eu\/wp-content\/uploads\/2023\/12\/Drago-550-DSC_7477-768x512.jpg 768w\" sizes=\"(max-width: 1024px) 100vw, 1024px\" \/><\/a><\/figure>\n<\/div>\n\n\n\n<div class=\"wp-block-column is-layout-flow wp-block-column-is-layout-flow\" style=\"flex-basis:35%\">\n<p class=\"has-medium-font-size\"><strong>DRAGO 550<\/strong><\/p>\n\n\n\n<p><strong>Drago 550 <\/strong>este partenerul potrivit pentru \u0219ederi spontane peste noapte, cabina prova este luminoas\u0103 \u0219i spa\u021bioas\u0103, \u00een rafturile laterale <a href=\"https:\/\/drago-boats.eu\/ro\/drago-550\/\" data-type=\"page\" data-id=\"8\">exist\u0103 &#8230; mai mult&#8230;<\/a><\/p>\n<\/div>\n\n\n\n<div class=\"wp-block-column is-layout-flow wp-block-column-is-layout-flow\" style=\"flex-basis:35%\">\n<figure class=\"wp-block-table is-style-stripes\"><table><tbody><tr><td>Lungime:<\/td><td>5,50 m<\/td><\/tr><tr><td>L\u0103\u021bime:<\/td><td>2,04 m<\/td><\/tr><tr><td>Max. Persoane:<\/td><td>5<\/td><\/tr><tr><td>Dane cabin\u0103 \/ Total:<\/td><td>2 \/ 3<\/td><\/tr><tr><td>Bar\u0103 de remorc\u0103 de la:<\/td><td>1.000 kg<\/td><\/tr><tr><td>Pre\u021bul de baz\u0103 cu motor:<\/td><td>26.300 \u20ac<\/td><\/tr><\/tbody><\/table><\/figure>\n<\/div>\n<\/div>\n<\/div>\n\n\n\n<div class=\"wp-block-column is-layout-flow wp-block-column-is-layout-flow\" style=\"flex-basis:10%\"><\/div>\n<\/div>\n","protected":false},"excerpt":{"rendered":"<p>Barci Drago &#8211; \u0219antierul naval administrat de o familie este cunoscut pentru producerea de b\u0103rci pentru uz intern \u0219i de coast\u0103 european de genera\u021bii.Accentul \u0219antierului naval este \u00een mod clar pe b\u0103rci cu cabin\u0103. Mai ales \u00een ultimii ani, \u00een portofoliu s-au ad\u0103ugat b\u0103rci cu cabin\u0103 u\u0219oare, eficiente \u0219i practice, de obicei cu spa\u021biu de [&hellip;]<\/p>\n","protected":false},"author":1,"featured_media":0,"parent":0,"menu_order":0,"comment_status":"closed","ping_status":"closed","template":"elementor_header_footer","meta":{"_acf_changed":false,"footnotes":""},"class_list":["post-2448","page","type-page","status-publish","hentry"],"acf":[],"_links":{"self":[{"href":"https:\/\/drago-boats.eu\/ro\/wp-json\/wp\/v2\/pages\/2448","targetHints":{"allow":["GET"]}}],"collection":[{"href":"https:\/\/drago-boats.eu\/ro\/wp-json\/wp\/v2\/pages"}],"about":[{"href":"https:\/\/drago-boats.eu\/ro\/wp-json\/wp\/v2\/types\/page"}],"author":[{"embeddable":true,"href":"https:\/\/drago-boats.eu\/ro\/wp-json\/wp\/v2\/users\/1"}],"replies":[{"embeddable":true,"href":"https:\/\/drago-boats.eu\/ro\/wp-json\/wp\/v2\/comments?post=2448"}],"version-history":[{"count":10,"href":"https:\/\/drago-boats.eu\/ro\/wp-json\/wp\/v2\/pages\/2448\/revisions"}],"predecessor-version":[{"id":4783,"href":"https:\/\/drago-boats.eu\/ro\/wp-json\/wp\/v2\/pages\/2448\/revisions\/4783"}],"wp:attachment":[{"href":"https:\/\/drago-boats.eu\/ro\/wp-json\/wp\/v2\/media?parent=2448"}],"curies":[{"name":"wp","href":"https:\/\/api.w.org\/{rel}","templated":true}]}}