{"id":2712,"date":"2023-10-31T14:47:42","date_gmt":"2023-10-31T13:47:42","guid":{"rendered":"https:\/\/drago-boats.eu\/impressum\/"},"modified":"2024-05-02T09:55:27","modified_gmt":"2024-05-02T07:55:27","slug":"impressum","status":"publish","type":"page","link":"https:\/\/drago-boats.eu\/pl\/impressum\/","title":{"rendered":"Impressum"},"content":{"rendered":"\n<h1 class=\"wp-block-heading\">Impressum<\/h1>\n\n<h2 class=\"wp-block-heading\">Informacje zgodnie z \u00a7 5 TMG<\/h2>\n\n<p>\u00d6chsner-Boote GmbH &amp; Co. KG<br\/>Br\u00fcckentorstr. 24<br\/>97273 K\u00fcrnach<\/p>\n\n<p>Rejestr handlowy: HRA 6864<br\/>S\u0105d rejestrowy: S\u0105d Rejonowy w W\u00fcrzburgu<\/p>\n\n<p><strong>Reprezentowany przez:<\/strong><br\/>[Firma und die Anschrift der als Komplement\u00e4r eingetragenen GmbH]<\/p>\n\n<p>S\u0105 one reprezentowane przez:<br\/>Florian \u00d6chsner<\/p>\n\n<p>Rejestr handlowy: HRB 11393<br\/>S\u0105d rejestrowy: S\u0105d Rejonowy w W\u00fcrzburgu<\/p>\n\n<h2 class=\"wp-block-heading\">Kontakt<\/h2>\n\n<p>Telefon: +49 9367 3265<br\/>E-mail: info@drago-boats.eu<\/p>\n\n<h2 class=\"wp-block-heading\">Numer identyfikacyjny VAT<\/h2>\n\n<p>Numer identyfikacji podatkowej zgodnie z \u00a7 27a ustawy o podatku od towar\u00f3w i us\u0142ug:<br\/>DE 281412992<\/p>\n\n<h2 class=\"wp-block-heading\">Odpowiedzialno\u015b\u0107 redakcyjna<\/h2>\n\n<p>Florian \u00d6chsner<\/p>\n\n<h2 class=\"wp-block-heading\">Rozstrzyganie spor\u00f3w w UE<\/h2>\n\n<p>Komisja Europejska udost\u0119pnia platform\u0119 internetowego rozstrzygania spor\u00f3w (ODR): <a href=\"https:\/\/ec.europa.eu\/consumers\/odr\/\" target=\"_blank\" rel=\"noreferrer noopener\">https:\/\/ec.europa.eu\/consumers\/odr\/<\/a>.<br\/>Nasz adres e-mail znajduje si\u0119 na g\u00f3rze stopki redakcyjnej.<\/p>\n\n<h2 class=\"wp-block-heading\">Rozstrzyganie spor\u00f3w konsumenckich\/Powszechna Rada Arbitra\u017cowa<\/h2>\n\n<p>Nie chcemy ani nie jeste\u015bmy zobowi\u0105zani do udzia\u0142u w procedurze rozstrzygania spor\u00f3w przed konsumenck\u0105 komisj\u0105 arbitra\u017cow\u0105.<\/p>\n\n<p>\u0179r\u00f3d\u0142o: e-recht24.de<\/p>\n","protected":false},"excerpt":{"rendered":"<p>Impressum Informacje zgodnie z \u00a7 5 TMG \u00d6chsner-Boote GmbH &amp; Co. KGBr\u00fcckentorstr. 2497273 K\u00fcrnach Rejestr handlowy: HRA 6864S\u0105d rejestrowy: S\u0105d Rejonowy w W\u00fcrzburgu Reprezentowany przez:[Firma und die Anschrift der als Komplement\u00e4r eingetragenen GmbH] S\u0105 one reprezentowane przez:Florian \u00d6chsner Rejestr handlowy: HRB 11393S\u0105d rejestrowy: S\u0105d Rejonowy w W\u00fcrzburgu Kontakt Telefon: +49 9367 3265E-mail: info@drago-boats.eu Numer identyfikacyjny [&hellip;]<\/p>\n","protected":false},"author":1,"featured_media":0,"parent":0,"menu_order":0,"comment_status":"closed","ping_status":"closed","template":"","meta":{"_acf_changed":false,"footnotes":""},"class_list":["post-2712","page","type-page","status-publish","hentry"],"acf":[],"_links":{"self":[{"href":"https:\/\/drago-boats.eu\/pl\/wp-json\/wp\/v2\/pages\/2712","targetHints":{"allow":["GET"]}}],"collection":[{"href":"https:\/\/drago-boats.eu\/pl\/wp-json\/wp\/v2\/pages"}],"about":[{"href":"https:\/\/drago-boats.eu\/pl\/wp-json\/wp\/v2\/types\/page"}],"author":[{"embeddable":true,"href":"https:\/\/drago-boats.eu\/pl\/wp-json\/wp\/v2\/users\/1"}],"replies":[{"embeddable":true,"href":"https:\/\/drago-boats.eu\/pl\/wp-json\/wp\/v2\/comments?post=2712"}],"version-history":[{"count":1,"href":"https:\/\/drago-boats.eu\/pl\/wp-json\/wp\/v2\/pages\/2712\/revisions"}],"predecessor-version":[{"id":2719,"href":"https:\/\/drago-boats.eu\/pl\/wp-json\/wp\/v2\/pages\/2712\/revisions\/2719"}],"wp:attachment":[{"href":"https:\/\/drago-boats.eu\/pl\/wp-json\/wp\/v2\/media?parent=2712"}],"curies":[{"name":"wp","href":"https:\/\/api.w.org\/{rel}","templated":true}]}}