{"id":2662,"date":"2024-01-08T12:29:45","date_gmt":"2024-01-08T11:29:45","guid":{"rendered":"https:\/\/drago-boats.eu\/biuletyn-informacyjny\/"},"modified":"2024-05-02T09:55:27","modified_gmt":"2024-05-02T07:55:27","slug":"biuletyn-informacyjny","status":"publish","type":"page","link":"https:\/\/drago-boats.eu\/pl\/biuletyn-informacyjny\/","title":{"rendered":"Biuletyn informacyjny"},"content":{"rendered":"\n<div style=\"height:100px\" aria-hidden=\"true\" class=\"wp-block-spacer\"><\/div>\n\n<p class=\"has-text-align-center\">Mo\u017cesz zapisa\u0107 si\u0119 do naszego newslettera tutaj. Dzi\u0119ki temu nie przegapisz \u017cadnych wa\u017cnych aktualizacji i informacji:<\/p>\n\n<div style=\"height:59px\" aria-hidden=\"true\" class=\"wp-block-spacer\"><\/div>\n\n<p><\/p>\n<div class=\"tnp tnp-subscription \">\n<form method=\"post\" action=\"https:\/\/drago-boats.eu\/wp-admin\/admin-ajax.php?action=tnp&amp;na=s\">\n<input type=\"hidden\" name=\"nlang\" value=\"pl\">\n<div class=\"tnp-field tnp-field-firstname\"><label for=\"tnp-1\">Imi\u0119<\/label>\n<input class=\"tnp-name\" type=\"text\" name=\"nn\" id=\"tnp-1\" value=\"\" placeholder=\"\"><\/div>\n<div class=\"tnp-field tnp-field-email\"><label for=\"tnp-2\">E-mail<\/label>\n<input class=\"tnp-email\" type=\"email\" name=\"ne\" id=\"tnp-2\" value=\"\" placeholder=\"\" required><\/div>\n<div class=\"tnp-field tnp-privacy-field\"><label><input type=\"checkbox\" name=\"ny\" required class=\"tnp-privacy\"> Akceptuj\u0119 polityk\u0119 prywatno\u015bci<\/label><\/div><div class=\"tnp-field tnp-field-button\" style=\"text-align: left\"><input class=\"tnp-submit\" type=\"submit\" value=\"Subskrybuj\" style=\"\">\n<\/div>\n<\/form>\n<\/div>\n\n\n<div style=\"height:59px\" aria-hidden=\"true\" class=\"wp-block-spacer\"><\/div>\n","protected":false},"excerpt":{"rendered":"<p>Mo\u017cesz zapisa\u0107 si\u0119 do naszego newslettera tutaj. Dzi\u0119ki temu nie przegapisz \u017cadnych wa\u017cnych aktualizacji i informacji:<\/p>\n","protected":false},"author":1,"featured_media":0,"parent":0,"menu_order":0,"comment_status":"closed","ping_status":"closed","template":"","meta":{"_acf_changed":false,"footnotes":""},"class_list":["post-2662","page","type-page","status-publish","hentry"],"acf":[],"_links":{"self":[{"href":"https:\/\/drago-boats.eu\/pl\/wp-json\/wp\/v2\/pages\/2662","targetHints":{"allow":["GET"]}}],"collection":[{"href":"https:\/\/drago-boats.eu\/pl\/wp-json\/wp\/v2\/pages"}],"about":[{"href":"https:\/\/drago-boats.eu\/pl\/wp-json\/wp\/v2\/types\/page"}],"author":[{"embeddable":true,"href":"https:\/\/drago-boats.eu\/pl\/wp-json\/wp\/v2\/users\/1"}],"replies":[{"embeddable":true,"href":"https:\/\/drago-boats.eu\/pl\/wp-json\/wp\/v2\/comments?post=2662"}],"version-history":[{"count":1,"href":"https:\/\/drago-boats.eu\/pl\/wp-json\/wp\/v2\/pages\/2662\/revisions"}],"predecessor-version":[{"id":2666,"href":"https:\/\/drago-boats.eu\/pl\/wp-json\/wp\/v2\/pages\/2662\/revisions\/2666"}],"wp:attachment":[{"href":"https:\/\/drago-boats.eu\/pl\/wp-json\/wp\/v2\/media?parent=2662"}],"curies":[{"name":"wp","href":"https:\/\/api.w.org\/{rel}","templated":true}]}}