{"id":2609,"date":"2023-10-31T13:26:11","date_gmt":"2023-10-31T12:26:11","guid":{"rendered":"https:\/\/drago-boats.eu\/strona-glowna\/"},"modified":"2025-04-11T15:44:51","modified_gmt":"2025-04-11T13:44:51","slug":"strona-glowna","status":"publish","type":"page","link":"https:\/\/drago-boats.eu\/pl\/","title":{"rendered":"Strona g\u0142\u00f3wna"},"content":{"rendered":"\n<figure class=\"wp-block-video alignwide\"><video height=\"500\" style=\"aspect-ratio: 1920 \/ 500;\" width=\"1920\" autoplay=\"\" loop=\"\" muted=\"\" src=\"https:\/\/drago-boats.eu\/wp-content\/uploads\/2024\/10\/drago-teaser-1.m4v\" playsinline=\"\"><\/video><\/figure>\n\n<div style=\"height:37px\" aria-hidden=\"true\" class=\"wp-block-spacer\"><\/div>\n\n<div class=\"wp-block-columns is-not-stacked-on-mobile is-layout-flex wp-container-core-columns-is-layout-28f84493 wp-block-columns-is-layout-flex\">\n<div class=\"wp-block-column is-layout-flow wp-block-column-is-layout-flow\" style=\"flex-basis:100%\">\n<div class=\"wp-block-columns is-layout-flex wp-container-core-columns-is-layout-28f84493 wp-block-columns-is-layout-flex\">\n<div class=\"wp-block-column is-layout-flow wp-block-column-is-layout-flow\" style=\"flex-basis:15%\"><\/div>\n\n\n\n<div class=\"wp-block-column is-layout-flow wp-block-column-is-layout-flow\" style=\"flex-basis:70%\">\n<hr class=\"wp-block-separator has-alpha-channel-opacity\"\/>\n\n\n\n<p class=\"has-text-align-center has-background\" style=\"background-color:#ffffffbf\"><strong>\u0141odzie<\/strong> <strong>Drago<\/strong> \u2013 rodzinna stocznia od pokole\u0144 znana jest z produkcji \u0142odzi do europejskiego u\u017cytku \u015br\u00f3dl\u0105dowego i przybrze\u017cnego.<br\/>Stocznia koncentruje si\u0119 wyra\u017anie na \u0142odziach kabinowych. Szczeg\u00f3lnie w ostatnich latach do portfolio do\u0142\u0105czy\u0142y lekkie, wydajne i praktyczne \u0142odzie kabinowe, zwykle z miejscem na toalet\u0119.<br\/>\u0141odzie Drago to idealne \u0142odzie z przyczep\u0105, doskona\u0142e \u0142odzie rodzinne, \u0142odzie do wygodnego u\u017cytku \u015br\u00f3dl\u0105dowego, ale tak\u017ce na wodach przybrze\u017cnych. <br\/><br\/>Nasze modele s\u0105 znane w ca\u0142ej Europie z doskona\u0142ej koncepcji pomieszczenia, nowoczesnego funkcjonalnego wzornictwa i zr\u00f3wnowa\u017conego stosunku ceny do jako\u015bci.<\/p>\n\n\n\n<hr class=\"wp-block-separator has-alpha-channel-opacity\"\/>\n<\/div>\n\n\n\n<div class=\"wp-block-column is-layout-flow wp-block-column-is-layout-flow\" style=\"flex-basis:15%\"><\/div>\n<\/div>\n<\/div>\n<\/div>\n\n<div style=\"height:37px\" aria-hidden=\"true\" class=\"wp-block-spacer\"><\/div>\n\n<div class=\"wp-block-columns is-layout-flex wp-container-core-columns-is-layout-28f84493 wp-block-columns-is-layout-flex\">\n<div class=\"wp-block-column is-layout-flow wp-block-column-is-layout-flow\" style=\"flex-basis:25%\"><\/div>\n\n\n\n<div class=\"wp-block-column has-background is-layout-flow wp-block-column-is-layout-flow\" style=\"background-color:#ffffffcc;flex-basis:25%\">\n<figure class=\"wp-block-image aligncenter size-full is-resized is-style-default\"><a href=\"http:\/\/drago-boats.eu\/wp-content\/Panorama\/output\/index.html\"><img fetchpriority=\"high\" decoding=\"async\" width=\"680\" height=\"350\" src=\"https:\/\/drago-boats.eu\/wp-content\/uploads\/2024\/03\/DRAGO-VR.png\" alt=\"\" class=\"wp-image-970\" style=\"width:auto;height:200px\" srcset=\"https:\/\/drago-boats.eu\/wp-content\/uploads\/2024\/03\/DRAGO-VR.png 680w, https:\/\/drago-boats.eu\/wp-content\/uploads\/2024\/03\/DRAGO-VR-300x154.png 300w, https:\/\/drago-boats.eu\/wp-content\/uploads\/2024\/03\/DRAGO-VR-500x257.png 500w\" sizes=\"(max-width: 680px) 100vw, 680px\" \/><\/a><\/figure>\n\n\n\n<p class=\"has-text-align-center has-black-color has-text-color has-link-color wp-elements-80692a0ed87358b7ef8c7217d9a8b654\"><a href=\"http:\/\/drago-boats.eu\/wp-content\/Panorama\/output\/index.html\">Tutaj mo\u017cesz zobaczy\u0107 modele Drago w naszym<\/a><br\/><a href=\"http:\/\/drago-boats.eu\/wp-content\/Panorama\/output\/index.html\"> Wirtualna wycieczka.<br\/><br\/>Cieszy\u0107 si\u0119!<\/a><\/p>\n<\/div>\n\n\n\n<div class=\"wp-block-column is-vertically-aligned-top is-layout-flow wp-block-column-is-layout-flow\" style=\"flex-basis:25%\">\n<figure class=\"wp-block-image aligncenter size-full is-resized\"><a href=\"https:\/\/drago-boats.eu\/wp-content\/uploads\/2025\/02\/Brochure-Drago-DE-ENG.pdf\"><img decoding=\"async\" width=\"1024\" height=\"733\" src=\"https:\/\/drago-boats.eu\/wp-content\/uploads\/2025\/02\/Drago-Brochure-thumb.jpg\" alt=\"\" class=\"wp-image-4267\" style=\"width:auto;height:200px\" srcset=\"https:\/\/drago-boats.eu\/wp-content\/uploads\/2025\/02\/Drago-Brochure-thumb.jpg 1024w, https:\/\/drago-boats.eu\/wp-content\/uploads\/2025\/02\/Drago-Brochure-thumb-300x215.jpg 300w, https:\/\/drago-boats.eu\/wp-content\/uploads\/2025\/02\/Drago-Brochure-thumb-768x550.jpg 768w, https:\/\/drago-boats.eu\/wp-content\/uploads\/2025\/02\/Drago-Brochure-thumb-24x17.jpg 24w, https:\/\/drago-boats.eu\/wp-content\/uploads\/2025\/02\/Drago-Brochure-thumb-36x26.jpg 36w, https:\/\/drago-boats.eu\/wp-content\/uploads\/2025\/02\/Drago-Brochure-thumb-48x34.jpg 48w, https:\/\/drago-boats.eu\/wp-content\/uploads\/2025\/02\/Drago-Brochure-thumb-500x358.jpg 500w, https:\/\/drago-boats.eu\/wp-content\/uploads\/2025\/02\/Drago-Brochure-thumb-800x573.jpg 800w\" sizes=\"(max-width: 1024px) 100vw, 1024px\" \/><\/a><\/figure>\n\n\n\n<p class=\"has-text-align-center has-black-color has-text-color has-link-color wp-elements-0bdde850c40c165aecdcd159cd0c467c\"><a href=\"https:\/\/drago-boats.eu\/wp-content\/uploads\/2025\/02\/Brochure-Drago-DE-ENG.pdf\">Zapoznaj si\u0119 z nasz\u0105 broszur\u0105 Drago<\/a><\/p>\n<\/div>\n\n\n\n<div class=\"wp-block-column is-layout-flow wp-block-column-is-layout-flow\" style=\"flex-basis:25%\"><\/div>\n<\/div>\n\n<div class=\"wp-block-columns is-layout-flex wp-container-core-columns-is-layout-28f84493 wp-block-columns-is-layout-flex\">\n<div class=\"wp-block-column is-layout-flow wp-block-column-is-layout-flow\" style=\"flex-basis:10%\"><\/div>\n\n\n\n<div class=\"wp-block-column has-white-background-color has-background is-layout-flow wp-block-column-is-layout-flow\" style=\"flex-basis:80%\">\n<div style=\"height:37px\" aria-hidden=\"true\" class=\"wp-block-spacer\"><\/div>\n\n\n\n<h2 class=\"wp-block-heading has-text-align-center\">Przegl\u0105d modeli<\/h2>\n\n\n\n<hr class=\"wp-block-separator has-alpha-channel-opacity\"\/>\n\n\n\n<div class=\"wp-block-columns has-border-color has-background is-layout-flex wp-container-core-columns-is-layout-28f84493 wp-block-columns-is-layout-flex\" style=\"border-color:#6e6e6e;border-width:6px;background-color:#b6b6b6c7\">\n<div class=\"wp-block-column is-layout-flow wp-block-column-is-layout-flow\" style=\"flex-basis:50%\">\n<figure class=\"wp-block-image aligncenter size-full is-resized\"><img decoding=\"async\" width=\"2712\" height=\"1416\" src=\"https:\/\/drago-boats.eu\/wp-content\/uploads\/2025\/02\/650-Model.png\" alt=\"\" class=\"wp-image-4624\" style=\"width:625px;height:auto\" srcset=\"https:\/\/drago-boats.eu\/wp-content\/uploads\/2025\/02\/650-Model.png 2712w, https:\/\/drago-boats.eu\/wp-content\/uploads\/2025\/02\/650-Model-300x157.png 300w, https:\/\/drago-boats.eu\/wp-content\/uploads\/2025\/02\/650-Model-1024x535.png 1024w, https:\/\/drago-boats.eu\/wp-content\/uploads\/2025\/02\/650-Model-768x401.png 768w, https:\/\/drago-boats.eu\/wp-content\/uploads\/2025\/02\/650-Model-1536x802.png 1536w, https:\/\/drago-boats.eu\/wp-content\/uploads\/2025\/02\/650-Model-2048x1069.png 2048w, https:\/\/drago-boats.eu\/wp-content\/uploads\/2025\/02\/650-Model-24x13.png 24w, https:\/\/drago-boats.eu\/wp-content\/uploads\/2025\/02\/650-Model-36x19.png 36w, https:\/\/drago-boats.eu\/wp-content\/uploads\/2025\/02\/650-Model-48x25.png 48w, https:\/\/drago-boats.eu\/wp-content\/uploads\/2025\/02\/650-Model-500x261.png 500w, https:\/\/drago-boats.eu\/wp-content\/uploads\/2025\/02\/650-Model-800x418.png 800w, https:\/\/drago-boats.eu\/wp-content\/uploads\/2025\/02\/650-Model-1280x668.png 1280w, https:\/\/drago-boats.eu\/wp-content\/uploads\/2025\/02\/650-Model-1920x1002.png 1920w\" sizes=\"(max-width: 2712px) 100vw, 2712px\" \/><\/figure>\n<\/div>\n\n\n\n<div class=\"wp-block-column is-layout-flow wp-block-column-is-layout-flow\" style=\"flex-basis:35%\">\n<p class=\"has-medium-font-size\"><strong>DRAGO 650 ***<\/strong><\/p>\n\n\n\n<p>Ju\u017c prawie czas: premiera <strong>Drago 650<\/strong> jest tu\u017c za rogiem, a my nie mogliby\u015bmy by\u0107 bardziej podekscytowani, aby przedstawi\u0107 Wam t\u0119 niezwyk\u0142\u0105 \u0142\u00f3d\u017a! \u0141\u0105czy w sobie najnowocze\u015bniejsz\u0105 technologi\u0119, wyj\u0105tkow\u0105 wydajno\u015b\u0107 i elegancki design, aby zagwarantowa\u0107 Ci niezapomniane wra\u017cenia na wodzie. <\/p>\n\n\n\n<p>B\u0105d\u017a na bie\u017c\u0105co: Nasza strona g\u0142\u00f3wna jest stale aktualizowana o nowe informacje, aktualizacje i ekskluzywne spostrze\u017cenia na temat Drago 650. Oto wszystko, co musisz wiedzie\u0107, aby do\u015bwiadczy\u0107 Drago 650 w pe\u0142nej krasie. <\/p>\n\n\n\n<p>Odwiedzaj nas regularnie i nie przegap \u017cadnej nowo\u015bci!<\/p>\n\n\n\n<p><a href=\"https:\/\/drago-boats.eu\/pl\/drago-650-powiedzial\/\" data-type=\"page\" data-id=\"4455\">&#8230; wi\u0119cej&#8230;<\/a><br\/><br\/><\/p>\n<\/div>\n\n\n\n<div class=\"wp-block-column is-layout-flow wp-block-column-is-layout-flow\" style=\"flex-basis:35%\">\n<figure class=\"wp-block-table is-style-stripes\"><table><tbody><tr><td>D\u0142ugo\u015b\u0107:<\/td><td>6,58 mln<\/td><\/tr><tr><td>Szeroko\u015b\u0107:<\/td><td>2,40 mln<\/td><\/tr><tr><td>Max. Os\u00f3b:<\/td><td>6<\/td><\/tr><tr><td>Trailerbar od:<\/td><td>1 350 kg<\/td><\/tr><tr><td>Cena bazowa z silnikiem:<\/td><td>Nast\u0119puje<\/td><\/tr><\/tbody><\/table><\/figure>\n<\/div>\n<\/div>\n\n\n\n<hr class=\"wp-block-separator has-alpha-channel-opacity\"\/>\n\n\n\n<div class=\"wp-block-columns is-layout-flex wp-container-core-columns-is-layout-28f84493 wp-block-columns-is-layout-flex\">\n<div class=\"wp-block-column is-layout-flow wp-block-column-is-layout-flow\" style=\"flex-basis:50%\">\n<figure class=\"wp-block-image aligncenter size-full is-resized\"><a href=\"http:\/\/drago-boats.eu\/drago-750\/\"><img loading=\"lazy\" decoding=\"async\" width=\"1024\" height=\"576\" src=\"https:\/\/drago-boats.eu\/wp-content\/uploads\/2023\/12\/750-Rumpf-Weiss-edited.jpg\" alt=\"\" class=\"wp-image-483\" style=\"width:625px;height:auto\" srcset=\"https:\/\/drago-boats.eu\/wp-content\/uploads\/2023\/12\/750-Rumpf-Weiss-edited.jpg 1024w, https:\/\/drago-boats.eu\/wp-content\/uploads\/2023\/12\/750-Rumpf-Weiss-edited-300x169.jpg 300w, https:\/\/drago-boats.eu\/wp-content\/uploads\/2023\/12\/750-Rumpf-Weiss-edited-768x432.jpg 768w\" sizes=\"(max-width: 1024px) 100vw, 1024px\" \/><\/a><\/figure>\n<\/div>\n\n\n\n<div class=\"wp-block-column is-layout-flow wp-block-column-is-layout-flow\" style=\"flex-basis:35%\">\n<p class=\"has-medium-font-size\"><strong>DRAGO 750<\/strong><\/p>\n\n\n\n<p><strong>Drago 750<\/strong> zosta\u0142 po raz pierwszy po\u0142o\u017cony latem 2023 roku. Dzi\u0119ki temu modelowi \u0142odzi Drago otwiera now\u0105, prze\u0142omow\u0105 strategi\u0119 modelow\u0105.<br\/>Drago 750 \u0142\u0105czy nowoczesny design z maksymalnym wykorzystaniem przestrzeni. W kabinie mog\u0105 wygodnie spa\u0107 a\u017c cztery osoby, <br\/>dodatkowo<a href=\"https:\/\/drago-boats.eu\/pl\/drago-750\/\" data-type=\"page\" data-id=\"15\">&#8230;wi\u0119cej&#8230;<\/a><br\/><br\/><\/p>\n<\/div>\n\n\n\n<div class=\"wp-block-column is-layout-flow wp-block-column-is-layout-flow\" style=\"flex-basis:35%\">\n<figure class=\"wp-block-table is-style-stripes\"><table><tbody><tr><td>D\u0142ugo\u015b\u0107:<\/td><td>7,75 mln<\/td><\/tr><tr><td>Szeroko\u015b\u0107:<\/td><td>2,44 mln<\/td><\/tr><tr><td>Max. Os\u00f3b:<\/td><td>7<\/td><\/tr><tr><td>Kabina z kojami \/ Og\u00f3\u0142em:<\/td><td>4 \/ 5<\/td><\/tr><tr><td>Trailerbar od:<\/td><td>2 350 kg<\/td><\/tr><tr><td>Cena bazowa z silnikiem:<\/td><td>\u20ac76.900<\/td><\/tr><\/tbody><\/table><\/figure>\n<\/div>\n<\/div>\n\n\n\n<hr class=\"wp-block-separator has-alpha-channel-opacity\"\/>\n\n\n\n<div class=\"wp-block-columns is-layout-flex wp-container-core-columns-is-layout-28f84493 wp-block-columns-is-layout-flex\">\n<div class=\"wp-block-column is-layout-flow wp-block-column-is-layout-flow\" style=\"flex-basis:50%\">\n<figure class=\"wp-block-image aligncenter size-full is-resized\"><a href=\"http:\/\/drago-boats.eu\/drago-665\/\"><img loading=\"lazy\" decoding=\"async\" width=\"1024\" height=\"393\" src=\"https:\/\/drago-boats.eu\/wp-content\/uploads\/2023\/12\/Drago-665-7545.jpg\" alt=\"\" class=\"wp-image-413\" style=\"width:499px;height:auto\" srcset=\"https:\/\/drago-boats.eu\/wp-content\/uploads\/2023\/12\/Drago-665-7545.jpg 1024w, https:\/\/drago-boats.eu\/wp-content\/uploads\/2023\/12\/Drago-665-7545-300x115.jpg 300w, https:\/\/drago-boats.eu\/wp-content\/uploads\/2023\/12\/Drago-665-7545-768x295.jpg 768w\" sizes=\"(max-width: 1024px) 100vw, 1024px\" \/><\/a><\/figure>\n<\/div>\n\n\n\n<div class=\"wp-block-column is-layout-flow wp-block-column-is-layout-flow\" style=\"flex-basis:35%\">\n<p class=\"has-medium-font-size\"><strong>DRAGO 665<\/strong><\/p>\n\n\n\n<p><strong>Drago 665<\/strong> ma charakterystyczny, unikalny punkt sprzeda\u017cy. Jako jedna z niewielu \u0142odzi w tej klasie wielko\u015bci, trzy doros\u0142e osoby mog\u0105 wygodnie sp\u0119dzi\u0107 noc w kabinie. Jest to mo\u017cliwe dzi\u0119ki <a href=\"https:\/\/drago-boats.eu\/pl\/drago-665\/\" data-type=\"page\" data-id=\"13\">&#8230; wi\u0119cej&#8230;<\/a><\/p>\n<\/div>\n\n\n\n<div class=\"wp-block-column is-layout-flow wp-block-column-is-layout-flow\" style=\"flex-basis:35%\">\n<figure class=\"wp-block-table is-style-stripes\"><table><tbody><tr><td>D\u0142ugo\u015b\u0107:<\/td><td>7,00 mln<\/td><\/tr><tr><td>Szeroko\u015b\u0107:<\/td><td>2,26 mln<\/td><\/tr><tr><td>Max. Os\u00f3b:<\/td><td>6<\/td><\/tr><tr><td>Kabina z kojami \/ Og\u00f3\u0142em:<\/td><td>3 \/ 5<\/td><\/tr><tr><td>Trailerbar od:<\/td><td>1 790 kg<\/td><\/tr><tr><td>Cena bazowa z silnikiem:<\/td><td>od 48.280 \u20ac<\/td><\/tr><\/tbody><\/table><\/figure>\n<\/div>\n<\/div>\n\n\n\n<hr class=\"wp-block-separator has-alpha-channel-opacity\"\/>\n\n\n\n<div class=\"wp-block-columns is-layout-flex wp-container-core-columns-is-layout-28f84493 wp-block-columns-is-layout-flex\">\n<div class=\"wp-block-column is-layout-flow wp-block-column-is-layout-flow\" style=\"flex-basis:50%\">\n<figure class=\"wp-block-image aligncenter size-full is-resized\"><a href=\"http:\/\/drago-boats.eu\/drago-660\/\"><img loading=\"lazy\" decoding=\"async\" width=\"868\" height=\"651\" src=\"http:\/\/drago-boats.eu\/wp-content\/uploads\/2023\/12\/Drago-660-IMG_7006-edited.jpg\" alt=\"\" class=\"wp-image-442\" style=\"width:488px;height:auto\" srcset=\"https:\/\/drago-boats.eu\/wp-content\/uploads\/2023\/12\/Drago-660-IMG_7006-edited.jpg 868w, https:\/\/drago-boats.eu\/wp-content\/uploads\/2023\/12\/Drago-660-IMG_7006-edited-300x225.jpg 300w, https:\/\/drago-boats.eu\/wp-content\/uploads\/2023\/12\/Drago-660-IMG_7006-edited-768x576.jpg 768w\" sizes=\"(max-width: 868px) 100vw, 868px\" \/><\/a><\/figure>\n<\/div>\n\n\n\n<div class=\"wp-block-column is-layout-flow wp-block-column-is-layout-flow\" style=\"flex-basis:35%\">\n<p class=\"has-medium-font-size\"><strong>DRAGO 660<\/strong><\/p>\n\n\n\n<p>Od ponad dekady model ten jest popularnym wyborem dla tych, kt\u00f3rzy kochaj\u0105 w\u0119dr\u00f3wki po wodzie i chc\u0105 sp\u0119dzi\u0107 kilka nocy na pok\u0142adzie. <strong>Drago 660S<\/strong> ma hojny <a href=\"https:\/\/drago-boats.eu\/pl\/drago-660-s\/\" data-type=\"page\" data-id=\"11\">&#8230; wi\u0119cej&#8230;<\/a><\/p>\n<\/div>\n\n\n\n<div class=\"wp-block-column is-layout-flow wp-block-column-is-layout-flow\" style=\"flex-basis:35%\">\n<figure class=\"wp-block-table is-style-stripes\"><table><tbody><tr><td>D\u0142ugo\u015b\u0107:<\/td><td>6,54 mln<\/td><\/tr><tr><td>Szeroko\u015b\u0107:<\/td><td>2,26 mln<\/td><\/tr><tr><td>Max. Os\u00f3b:<\/td><td>6<\/td><\/tr><tr><td>Kabina z kojami \/ Og\u00f3\u0142em:<\/td><td>2 \/ 4<\/td><\/tr><tr><td>Trailerbar od:<\/td><td>1 650 kg<\/td><\/tr><tr><td>Cena bazowa z silnikiem:<\/td><td>43.800 Euro<\/td><\/tr><\/tbody><\/table><\/figure>\n<\/div>\n<\/div>\n\n\n\n<hr class=\"wp-block-separator has-alpha-channel-opacity\"\/>\n\n\n\n<div class=\"wp-block-columns is-layout-flex wp-container-core-columns-is-layout-28f84493 wp-block-columns-is-layout-flex\">\n<div class=\"wp-block-column is-layout-flow wp-block-column-is-layout-flow\" style=\"flex-basis:50%\">\n<figure class=\"wp-block-image aligncenter size-full is-resized\"><a href=\"http:\/\/drago-boats.eu\/drago-550\/\"><img loading=\"lazy\" decoding=\"async\" width=\"1024\" height=\"683\" src=\"https:\/\/drago-boats.eu\/wp-content\/uploads\/2023\/12\/Drago-550-DSC_7477.jpg\" alt=\"\" class=\"wp-image-447\" style=\"width:473px;height:auto\" srcset=\"https:\/\/drago-boats.eu\/wp-content\/uploads\/2023\/12\/Drago-550-DSC_7477.jpg 1024w, https:\/\/drago-boats.eu\/wp-content\/uploads\/2023\/12\/Drago-550-DSC_7477-300x200.jpg 300w, https:\/\/drago-boats.eu\/wp-content\/uploads\/2023\/12\/Drago-550-DSC_7477-768x512.jpg 768w\" sizes=\"(max-width: 1024px) 100vw, 1024px\" \/><\/a><\/figure>\n<\/div>\n\n\n\n<div class=\"wp-block-column is-layout-flow wp-block-column-is-layout-flow\" style=\"flex-basis:35%\">\n<p class=\"has-medium-font-size\"><strong>DRAGO 550<\/strong><\/p>\n\n\n\n<p><strong>Drago 550 <\/strong>to odpowiedni towarzysz spontanicznych nocleg\u00f3w, kabina dziobowa jest jasna i przestronna, w bocznych p\u00f3\u0142kach <a href=\"https:\/\/drago-boats.eu\/pl\/drago-550\/\" data-type=\"page\" data-id=\"8\">znajduje si\u0119 &#8230; wi\u0119cej&#8230;<\/a><\/p>\n<\/div>\n\n\n\n<div class=\"wp-block-column is-layout-flow wp-block-column-is-layout-flow\" style=\"flex-basis:35%\">\n<figure class=\"wp-block-table is-style-stripes\"><table><tbody><tr><td>D\u0142ugo\u015b\u0107:<\/td><td>5,50 mln<\/td><\/tr><tr><td>Szeroko\u015b\u0107:<\/td><td>2,04 mln<\/td><\/tr><tr><td>Max. Os\u00f3b:<\/td><td>5<\/td><\/tr><tr><td>Kabina z kojami \/ Og\u00f3\u0142em:<\/td><td>2 \/ 3<\/td><\/tr><tr><td>Trailerbar od:<\/td><td>1 000 kg<\/td><\/tr><tr><td>Cena bazowa z silnikiem:<\/td><td>26.300 \u20ac<\/td><\/tr><\/tbody><\/table><\/figure>\n<\/div>\n<\/div>\n<\/div>\n\n\n\n<div class=\"wp-block-column is-layout-flow wp-block-column-is-layout-flow\" style=\"flex-basis:10%\"><\/div>\n<\/div>\n","protected":false},"excerpt":{"rendered":"<p>\u0141odzie Drago \u2013 rodzinna stocznia od pokole\u0144 znana jest z produkcji \u0142odzi do europejskiego u\u017cytku \u015br\u00f3dl\u0105dowego i przybrze\u017cnego.Stocznia koncentruje si\u0119 wyra\u017anie na \u0142odziach kabinowych. Szczeg\u00f3lnie w ostatnich latach do portfolio do\u0142\u0105czy\u0142y lekkie, wydajne i praktyczne \u0142odzie kabinowe, zwykle z miejscem na toalet\u0119.\u0141odzie Drago to idealne \u0142odzie z przyczep\u0105, doskona\u0142e \u0142odzie rodzinne, \u0142odzie do wygodnego u\u017cytku [&hellip;]<\/p>\n","protected":false},"author":1,"featured_media":0,"parent":0,"menu_order":0,"comment_status":"closed","ping_status":"closed","template":"elementor_header_footer","meta":{"_acf_changed":false,"footnotes":""},"class_list":["post-2609","page","type-page","status-publish","hentry"],"acf":[],"_links":{"self":[{"href":"https:\/\/drago-boats.eu\/pl\/wp-json\/wp\/v2\/pages\/2609","targetHints":{"allow":["GET"]}}],"collection":[{"href":"https:\/\/drago-boats.eu\/pl\/wp-json\/wp\/v2\/pages"}],"about":[{"href":"https:\/\/drago-boats.eu\/pl\/wp-json\/wp\/v2\/types\/page"}],"author":[{"embeddable":true,"href":"https:\/\/drago-boats.eu\/pl\/wp-json\/wp\/v2\/users\/1"}],"replies":[{"embeddable":true,"href":"https:\/\/drago-boats.eu\/pl\/wp-json\/wp\/v2\/comments?post=2609"}],"version-history":[{"count":10,"href":"https:\/\/drago-boats.eu\/pl\/wp-json\/wp\/v2\/pages\/2609\/revisions"}],"predecessor-version":[{"id":4769,"href":"https:\/\/drago-boats.eu\/pl\/wp-json\/wp\/v2\/pages\/2609\/revisions\/4769"}],"wp:attachment":[{"href":"https:\/\/drago-boats.eu\/pl\/wp-json\/wp\/v2\/media?parent=2609"}],"curies":[{"name":"wp","href":"https:\/\/api.w.org\/{rel}","templated":true}]}}