{"id":2704,"date":"2024-01-08T12:29:45","date_gmt":"2024-01-08T11:29:45","guid":{"rendered":"https:\/\/drago-boats.eu\/hirlevel\/"},"modified":"2024-05-02T09:55:27","modified_gmt":"2024-05-02T07:55:27","slug":"hirlevel","status":"publish","type":"page","link":"https:\/\/drago-boats.eu\/hu\/hirlevel\/","title":{"rendered":"H\u00edrlev\u00e9l"},"content":{"rendered":"\n<div style=\"height:100px\" aria-hidden=\"true\" class=\"wp-block-spacer\"><\/div>\n\n<p class=\"has-text-align-center\">H\u00edrlevel\u00fcnkre itt iratkozhat fel. \u00cdgy nem fog lemaradni egyetlen fontos friss\u00edt\u00e9sr\u0151l \u00e9s inform\u00e1ci\u00f3r\u00f3l sem:<\/p>\n\n<div style=\"height:59px\" aria-hidden=\"true\" class=\"wp-block-spacer\"><\/div>\n\n<p><\/p>\n<div class=\"tnp tnp-subscription \">\n<form method=\"post\" action=\"https:\/\/drago-boats.eu\/wp-admin\/admin-ajax.php?action=tnp&amp;na=s\">\n<input type=\"hidden\" name=\"nlang\" value=\"hu\">\n<div class=\"tnp-field tnp-field-firstname\"><label for=\"tnp-1\">Vezet\u00e9kn\u00e9v<\/label>\n<input class=\"tnp-name\" type=\"text\" name=\"nn\" id=\"tnp-1\" value=\"\" placeholder=\"\"><\/div>\n<div class=\"tnp-field tnp-field-email\"><label for=\"tnp-2\">E-mail c\u00edm<\/label>\n<input class=\"tnp-email\" type=\"email\" name=\"ne\" id=\"tnp-2\" value=\"\" placeholder=\"\" required><\/div>\n<div class=\"tnp-field tnp-privacy-field\"><label><input type=\"checkbox\" name=\"ny\" required class=\"tnp-privacy\"> I accept the privacy policy<\/label><\/div><div class=\"tnp-field tnp-field-button\" style=\"text-align: left\"><input class=\"tnp-submit\" type=\"submit\" value=\"Feliratkoz\u00e1s\" style=\"\">\n<\/div>\n<\/form>\n<\/div>\n\n\n<div style=\"height:59px\" aria-hidden=\"true\" class=\"wp-block-spacer\"><\/div>\n","protected":false},"excerpt":{"rendered":"<p>H\u00edrlevel\u00fcnkre itt iratkozhat fel. \u00cdgy nem fog lemaradni egyetlen fontos friss\u00edt\u00e9sr\u0151l \u00e9s inform\u00e1ci\u00f3r\u00f3l sem:<\/p>\n","protected":false},"author":1,"featured_media":0,"parent":0,"menu_order":0,"comment_status":"closed","ping_status":"closed","template":"","meta":{"_acf_changed":false,"footnotes":""},"class_list":["post-2704","page","type-page","status-publish","hentry"],"acf":[],"_links":{"self":[{"href":"https:\/\/drago-boats.eu\/hu\/wp-json\/wp\/v2\/pages\/2704","targetHints":{"allow":["GET"]}}],"collection":[{"href":"https:\/\/drago-boats.eu\/hu\/wp-json\/wp\/v2\/pages"}],"about":[{"href":"https:\/\/drago-boats.eu\/hu\/wp-json\/wp\/v2\/types\/page"}],"author":[{"embeddable":true,"href":"https:\/\/drago-boats.eu\/hu\/wp-json\/wp\/v2\/users\/1"}],"replies":[{"embeddable":true,"href":"https:\/\/drago-boats.eu\/hu\/wp-json\/wp\/v2\/comments?post=2704"}],"version-history":[{"count":1,"href":"https:\/\/drago-boats.eu\/hu\/wp-json\/wp\/v2\/pages\/2704\/revisions"}],"predecessor-version":[{"id":2706,"href":"https:\/\/drago-boats.eu\/hu\/wp-json\/wp\/v2\/pages\/2704\/revisions\/2706"}],"wp:attachment":[{"href":"https:\/\/drago-boats.eu\/hu\/wp-json\/wp\/v2\/media?parent=2704"}],"curies":[{"name":"wp","href":"https:\/\/api.w.org\/{rel}","templated":true}]}}