{"id":2504,"date":"2023-10-31T13:26:11","date_gmt":"2023-10-31T12:26:11","guid":{"rendered":"https:\/\/drago-boats.eu\/fooldal\/"},"modified":"2025-04-11T15:44:51","modified_gmt":"2025-04-11T13:44:51","slug":"fooldal","status":"publish","type":"page","link":"https:\/\/drago-boats.eu\/hu\/","title":{"rendered":"F\u0151oldal"},"content":{"rendered":"\n<figure class=\"wp-block-video alignwide\"><video height=\"500\" style=\"aspect-ratio: 1920 \/ 500;\" width=\"1920\" autoplay=\"\" loop=\"\" muted=\"\" src=\"https:\/\/drago-boats.eu\/wp-content\/uploads\/2024\/10\/drago-teaser-1.m4v\" playsinline=\"\"><\/video><\/figure>\n\n<div style=\"height:37px\" aria-hidden=\"true\" class=\"wp-block-spacer\"><\/div>\n\n<div class=\"wp-block-columns is-not-stacked-on-mobile is-layout-flex wp-container-core-columns-is-layout-28f84493 wp-block-columns-is-layout-flex\">\n<div class=\"wp-block-column is-layout-flow wp-block-column-is-layout-flow\" style=\"flex-basis:100%\">\n<div class=\"wp-block-columns is-layout-flex wp-container-core-columns-is-layout-28f84493 wp-block-columns-is-layout-flex\">\n<div class=\"wp-block-column is-layout-flow wp-block-column-is-layout-flow\" style=\"flex-basis:15%\"><\/div>\n\n\n\n<div class=\"wp-block-column is-layout-flow wp-block-column-is-layout-flow\" style=\"flex-basis:70%\">\n<hr class=\"wp-block-separator has-alpha-channel-opacity\"\/>\n\n\n\n<p class=\"has-text-align-center has-background\" style=\"background-color:#ffffffbf\"><strong>Drago<\/strong> <strong>cs\u00f3nakok<\/strong> \u2013 a csal\u00e1di k\u00e9zben l\u00e9v\u0151 haj\u00f3gy\u00e1r gener\u00e1ci\u00f3k \u00f3ta ismert arr\u00f3l, hogy eur\u00f3pai sz\u00e1razf\u00f6ldi \u00e9s tengerparti haj\u00f3kat gy\u00e1rt.<br\/>A haj\u00f3gy\u00e1r f\u00f3kusz\u00e1ban egy\u00e9rtelm\u0171en a kabinos haj\u00f3k \u00e1llnak. K\u00fcl\u00f6n\u00f6sen az ut\u00f3bbi \u00e9vekben ker\u00fcltek a portf\u00f3li\u00f3ba a k\u00f6nny\u0171, hat\u00e9kony \u00e9s praktikus, \u00e1ltal\u00e1ban WC-vel rendelkez\u0151 kabinos haj\u00f3k.<br\/>A Drago cs\u00f3nakok ide\u00e1lis p\u00f3tkocsis haj\u00f3k, t\u00f6k\u00e9letes csal\u00e1di cs\u00f3nakok, k\u00e9nyelmes belv\u00edzi, de parti vizekre is alkalmas haj\u00f3k. <br\/><br\/>Modelljeink Eur\u00f3pa-szerte ismertek t\u00f6k\u00e9letes szobakoncepci\u00f3jukr\u00f3l, modern funkcion\u00e1lis kialak\u00edt\u00e1sukr\u00f3l \u00e9s kiegyens\u00falyozott \u00e1r-teljes\u00edtm\u00e9ny ar\u00e1nyukr\u00f3l.<\/p>\n\n\n\n<hr class=\"wp-block-separator has-alpha-channel-opacity\"\/>\n<\/div>\n\n\n\n<div class=\"wp-block-column is-layout-flow wp-block-column-is-layout-flow\" style=\"flex-basis:15%\"><\/div>\n<\/div>\n<\/div>\n<\/div>\n\n<div style=\"height:37px\" aria-hidden=\"true\" class=\"wp-block-spacer\"><\/div>\n\n<div class=\"wp-block-columns is-layout-flex wp-container-core-columns-is-layout-28f84493 wp-block-columns-is-layout-flex\">\n<div class=\"wp-block-column is-layout-flow wp-block-column-is-layout-flow\" style=\"flex-basis:25%\"><\/div>\n\n\n\n<div class=\"wp-block-column has-background is-layout-flow wp-block-column-is-layout-flow\" style=\"background-color:#ffffffcc;flex-basis:25%\">\n<figure class=\"wp-block-image aligncenter size-full is-resized is-style-default\"><a href=\"http:\/\/drago-boats.eu\/wp-content\/Panorama\/output\/index.html\"><img fetchpriority=\"high\" decoding=\"async\" width=\"680\" height=\"350\" src=\"https:\/\/drago-boats.eu\/wp-content\/uploads\/2024\/03\/DRAGO-VR.png\" alt=\"\" class=\"wp-image-970\" style=\"width:auto;height:200px\" srcset=\"https:\/\/drago-boats.eu\/wp-content\/uploads\/2024\/03\/DRAGO-VR.png 680w, https:\/\/drago-boats.eu\/wp-content\/uploads\/2024\/03\/DRAGO-VR-300x154.png 300w, https:\/\/drago-boats.eu\/wp-content\/uploads\/2024\/03\/DRAGO-VR-500x257.png 500w\" sizes=\"(max-width: 680px) 100vw, 680px\" \/><\/a><\/figure>\n\n\n\n<p class=\"has-text-align-center has-black-color has-text-color has-link-color wp-elements-8345712bf86f8ce4f52b35d74d12b3f3\"><a href=\"http:\/\/drago-boats.eu\/wp-content\/Panorama\/output\/index.html\">Itt l\u00e1thatja a Drago modelleket a<\/a><br\/><a href=\"http:\/\/drago-boats.eu\/wp-content\/Panorama\/output\/index.html\"> virtu\u00e1lis s\u00e9ta.<br\/><br\/>\u00c9lvez!<\/a><\/p>\n<\/div>\n\n\n\n<div class=\"wp-block-column is-vertically-aligned-top is-layout-flow wp-block-column-is-layout-flow\" style=\"flex-basis:25%\">\n<figure class=\"wp-block-image aligncenter size-full is-resized\"><a href=\"https:\/\/drago-boats.eu\/wp-content\/uploads\/2025\/02\/Brochure-Drago-DE-ENG.pdf\"><img decoding=\"async\" width=\"1024\" height=\"733\" src=\"https:\/\/drago-boats.eu\/wp-content\/uploads\/2025\/02\/Drago-Brochure-thumb.jpg\" alt=\"\" class=\"wp-image-4267\" style=\"width:auto;height:200px\" srcset=\"https:\/\/drago-boats.eu\/wp-content\/uploads\/2025\/02\/Drago-Brochure-thumb.jpg 1024w, https:\/\/drago-boats.eu\/wp-content\/uploads\/2025\/02\/Drago-Brochure-thumb-300x215.jpg 300w, https:\/\/drago-boats.eu\/wp-content\/uploads\/2025\/02\/Drago-Brochure-thumb-768x550.jpg 768w, https:\/\/drago-boats.eu\/wp-content\/uploads\/2025\/02\/Drago-Brochure-thumb-24x17.jpg 24w, https:\/\/drago-boats.eu\/wp-content\/uploads\/2025\/02\/Drago-Brochure-thumb-36x26.jpg 36w, https:\/\/drago-boats.eu\/wp-content\/uploads\/2025\/02\/Drago-Brochure-thumb-48x34.jpg 48w, https:\/\/drago-boats.eu\/wp-content\/uploads\/2025\/02\/Drago-Brochure-thumb-500x358.jpg 500w, https:\/\/drago-boats.eu\/wp-content\/uploads\/2025\/02\/Drago-Brochure-thumb-800x573.jpg 800w\" sizes=\"(max-width: 1024px) 100vw, 1024px\" \/><\/a><\/figure>\n\n\n\n<p class=\"has-text-align-center has-black-color has-text-color has-link-color wp-elements-91716a5f5bbc2469c838e0bf994924e3\"><a href=\"https:\/\/drago-boats.eu\/wp-content\/uploads\/2025\/02\/Brochure-Drago-DE-ENG.pdf\">Tekintse meg Drago bros\u00far\u00e1nkat<\/a><\/p>\n<\/div>\n\n\n\n<div class=\"wp-block-column is-layout-flow wp-block-column-is-layout-flow\" style=\"flex-basis:25%\"><\/div>\n<\/div>\n\n<div class=\"wp-block-columns is-layout-flex wp-container-core-columns-is-layout-28f84493 wp-block-columns-is-layout-flex\">\n<div class=\"wp-block-column is-layout-flow wp-block-column-is-layout-flow\" style=\"flex-basis:10%\"><\/div>\n\n\n\n<div class=\"wp-block-column has-white-background-color has-background is-layout-flow wp-block-column-is-layout-flow\" style=\"flex-basis:80%\">\n<div style=\"height:37px\" aria-hidden=\"true\" class=\"wp-block-spacer\"><\/div>\n\n\n\n<h2 class=\"wp-block-heading has-text-align-center\">Modell \u00e1ttekint\u00e9se<\/h2>\n\n\n\n<hr class=\"wp-block-separator has-alpha-channel-opacity\"\/>\n\n\n\n<div class=\"wp-block-columns has-border-color has-background is-layout-flex wp-container-core-columns-is-layout-28f84493 wp-block-columns-is-layout-flex\" style=\"border-color:#6e6e6e;border-width:6px;background-color:#b6b6b6c7\">\n<div class=\"wp-block-column is-layout-flow wp-block-column-is-layout-flow\" style=\"flex-basis:50%\">\n<figure class=\"wp-block-image aligncenter size-full is-resized\"><img decoding=\"async\" width=\"2712\" height=\"1416\" src=\"https:\/\/drago-boats.eu\/wp-content\/uploads\/2025\/02\/650-Model.png\" alt=\"\" class=\"wp-image-4624\" style=\"width:625px;height:auto\" srcset=\"https:\/\/drago-boats.eu\/wp-content\/uploads\/2025\/02\/650-Model.png 2712w, https:\/\/drago-boats.eu\/wp-content\/uploads\/2025\/02\/650-Model-300x157.png 300w, https:\/\/drago-boats.eu\/wp-content\/uploads\/2025\/02\/650-Model-1024x535.png 1024w, https:\/\/drago-boats.eu\/wp-content\/uploads\/2025\/02\/650-Model-768x401.png 768w, https:\/\/drago-boats.eu\/wp-content\/uploads\/2025\/02\/650-Model-1536x802.png 1536w, https:\/\/drago-boats.eu\/wp-content\/uploads\/2025\/02\/650-Model-2048x1069.png 2048w, https:\/\/drago-boats.eu\/wp-content\/uploads\/2025\/02\/650-Model-24x13.png 24w, https:\/\/drago-boats.eu\/wp-content\/uploads\/2025\/02\/650-Model-36x19.png 36w, https:\/\/drago-boats.eu\/wp-content\/uploads\/2025\/02\/650-Model-48x25.png 48w, https:\/\/drago-boats.eu\/wp-content\/uploads\/2025\/02\/650-Model-500x261.png 500w, https:\/\/drago-boats.eu\/wp-content\/uploads\/2025\/02\/650-Model-800x418.png 800w, https:\/\/drago-boats.eu\/wp-content\/uploads\/2025\/02\/650-Model-1280x668.png 1280w, https:\/\/drago-boats.eu\/wp-content\/uploads\/2025\/02\/650-Model-1920x1002.png 1920w\" sizes=\"(max-width: 2712px) 100vw, 2712px\" \/><\/figure>\n<\/div>\n\n\n\n<div class=\"wp-block-column is-layout-flow wp-block-column-is-layout-flow\" style=\"flex-basis:35%\">\n<p class=\"has-medium-font-size\"><strong>DRAGO 650 ***<\/strong><\/p>\n\n\n\n<p>Mindj\u00e1rt itt az ideje: a <strong>Drago 650<\/strong> megjelen\u00e9se a sarkon van, \u00e9s nem is lehetn\u00e9nk izgatottabbak, hogy bemutathassuk \u00d6nnek ezt a rendk\u00edv\u00fcli haj\u00f3t! A legmodernebb technol\u00f3gi\u00e1t, a kiemelked\u0151 teljes\u00edtm\u00e9nyt \u00e9s az eleg\u00e1ns diz\u00e1jnt \u00f6tv\u00f6zi, hogy felejthetetlen \u00e9lm\u00e9nyeket garant\u00e1ljon a v\u00edzen. <\/p>\n\n\n\n<p>Legyen naprak\u00e9sz: Honlapunkat folyamatosan friss\u00edtj\u00fck friss inform\u00e1ci\u00f3kkal, friss\u00edt\u00e9sekkel \u00e9s exkluz\u00edv betekint\u00e9sekkel a Drago 650-r\u0151l. Itt van minden, amit tudnia kell, hogy teljes pomp\u00e1j\u00e1ban megtapasztalhassa a Drago 650-et. <\/p>\n\n\n\n<p>L\u00e1togasson el hozz\u00e1nk rendszeresen, \u00e9s ne maradjon le egyetlen h\u00edrr\u0151l sem!<\/p>\n\n\n\n<p><a href=\"https:\/\/drago-boats.eu\/hu\/drago-650\/\" data-type=\"page\" data-id=\"4455\">&#8230; t\u00f6bb&#8230;<\/a><br\/><br\/><\/p>\n<\/div>\n\n\n\n<div class=\"wp-block-column is-layout-flow wp-block-column-is-layout-flow\" style=\"flex-basis:35%\">\n<figure class=\"wp-block-table is-style-stripes\"><table><tbody><tr><td>Hossz\u00fas\u00e1g:<\/td><td>6,58 m<\/td><\/tr><tr><td>Sz\u00e9less\u00e9g:<\/td><td>2,40 m<\/td><\/tr><tr><td>Max. Szem\u00e9lyek:<\/td><td>6<\/td><\/tr><tr><td>Trailerbar innen:<\/td><td>1.350 kg<\/td><\/tr><tr><td>Alap\u00e1r motorral:<\/td><td>K\u00f6veti<\/td><\/tr><\/tbody><\/table><\/figure>\n<\/div>\n<\/div>\n\n\n\n<hr class=\"wp-block-separator has-alpha-channel-opacity\"\/>\n\n\n\n<div class=\"wp-block-columns is-layout-flex wp-container-core-columns-is-layout-28f84493 wp-block-columns-is-layout-flex\">\n<div class=\"wp-block-column is-layout-flow wp-block-column-is-layout-flow\" style=\"flex-basis:50%\">\n<figure class=\"wp-block-image aligncenter size-full is-resized\"><a href=\"http:\/\/drago-boats.eu\/drago-750\/\"><img loading=\"lazy\" decoding=\"async\" width=\"1024\" height=\"576\" src=\"https:\/\/drago-boats.eu\/wp-content\/uploads\/2023\/12\/750-Rumpf-Weiss-edited.jpg\" alt=\"\" class=\"wp-image-483\" style=\"width:625px;height:auto\" srcset=\"https:\/\/drago-boats.eu\/wp-content\/uploads\/2023\/12\/750-Rumpf-Weiss-edited.jpg 1024w, https:\/\/drago-boats.eu\/wp-content\/uploads\/2023\/12\/750-Rumpf-Weiss-edited-300x169.jpg 300w, https:\/\/drago-boats.eu\/wp-content\/uploads\/2023\/12\/750-Rumpf-Weiss-edited-768x432.jpg 768w\" sizes=\"(max-width: 1024px) 100vw, 1024px\" \/><\/a><\/figure>\n<\/div>\n\n\n\n<div class=\"wp-block-column is-layout-flow wp-block-column-is-layout-flow\" style=\"flex-basis:35%\">\n<p class=\"has-medium-font-size\"><strong>DRAGO 750<\/strong><\/p>\n\n\n\n<p>A <strong>Drago 750-et<\/strong> el\u0151sz\u00f6r 2023 nyar\u00e1n fektett\u00e9k le. Ezzel a haj\u00f3modellel a Drago egy \u00faj, \u00fatt\u00f6r\u0151 modellstrat\u00e9gi\u00e1t nyit meg.<br\/>A Drago 750 \u00f6tv\u00f6zi a modern diz\u00e1jnt a maxim\u00e1lis helykihaszn\u00e1l\u00e1ssal. A kabinban ak\u00e1r n\u00e9gy szem\u00e9ly is k\u00e9nyelmesen aludhat, <br\/>egy tov\u00e1bbi <a href=\"https:\/\/drago-boats.eu\/hu\/drago-750\/\" data-type=\"page\" data-id=\"15\">&#8230;tov\u00e1bb&#8230;<\/a><br\/><br\/><\/p>\n<\/div>\n\n\n\n<div class=\"wp-block-column is-layout-flow wp-block-column-is-layout-flow\" style=\"flex-basis:35%\">\n<figure class=\"wp-block-table is-style-stripes\"><table><tbody><tr><td>Hossz\u00fas\u00e1g:<\/td><td>7,75 m<\/td><\/tr><tr><td>Sz\u00e9less\u00e9g:<\/td><td>2,44 m<\/td><\/tr><tr><td>Max. Szem\u00e9lyek:<\/td><td>7<\/td><\/tr><tr><td>\u00c1gyak kabin \/ \u00d6sszesen:<\/td><td>4 \/ 5<\/td><\/tr><tr><td>Trailerbar innen:<\/td><td>2.350 kg<\/td><\/tr><tr><td>Alap\u00e1r motorral:<\/td><td>76 900 eur\u00f3<\/td><\/tr><\/tbody><\/table><\/figure>\n<\/div>\n<\/div>\n\n\n\n<hr class=\"wp-block-separator has-alpha-channel-opacity\"\/>\n\n\n\n<div class=\"wp-block-columns is-layout-flex wp-container-core-columns-is-layout-28f84493 wp-block-columns-is-layout-flex\">\n<div class=\"wp-block-column is-layout-flow wp-block-column-is-layout-flow\" style=\"flex-basis:50%\">\n<figure class=\"wp-block-image aligncenter size-full is-resized\"><a href=\"http:\/\/drago-boats.eu\/drago-665\/\"><img loading=\"lazy\" decoding=\"async\" width=\"1024\" height=\"393\" src=\"https:\/\/drago-boats.eu\/wp-content\/uploads\/2023\/12\/Drago-665-7545.jpg\" alt=\"\" class=\"wp-image-413\" style=\"width:499px;height:auto\" srcset=\"https:\/\/drago-boats.eu\/wp-content\/uploads\/2023\/12\/Drago-665-7545.jpg 1024w, https:\/\/drago-boats.eu\/wp-content\/uploads\/2023\/12\/Drago-665-7545-300x115.jpg 300w, https:\/\/drago-boats.eu\/wp-content\/uploads\/2023\/12\/Drago-665-7545-768x295.jpg 768w\" sizes=\"(max-width: 1024px) 100vw, 1024px\" \/><\/a><\/figure>\n<\/div>\n\n\n\n<div class=\"wp-block-column is-layout-flow wp-block-column-is-layout-flow\" style=\"flex-basis:35%\">\n<p class=\"has-medium-font-size\"><strong>DRAGO 665<\/strong><\/p>\n\n\n\n<p>A <strong>Drago 665<\/strong> megk\u00fcl\u00f6nb\u00f6ztet\u0151 egyedi \u00e9rt\u00e9kes\u00edt\u00e9si ponttal rendelkezik. Ebben a m\u00e9retoszt\u00e1lyban a kev\u00e9s haj\u00f3 egyikek\u00e9nt h\u00e1rom feln\u0151tt k\u00e9nyelmesen t\u00f6ltheti az \u00e9jszak\u00e1t a kabinban. Ezt a <a href=\"https:\/\/drago-boats.eu\/hu\/drago-665\/\" data-type=\"page\" data-id=\"13\">&#8230; t\u00f6bb&#8230;<\/a><\/p>\n<\/div>\n\n\n\n<div class=\"wp-block-column is-layout-flow wp-block-column-is-layout-flow\" style=\"flex-basis:35%\">\n<figure class=\"wp-block-table is-style-stripes\"><table><tbody><tr><td>Hossz\u00fas\u00e1g:<\/td><td>7.00 m<\/td><\/tr><tr><td>Sz\u00e9less\u00e9g:<\/td><td>2,26 m<\/td><\/tr><tr><td>Max. Szem\u00e9lyek:<\/td><td>6<\/td><\/tr><tr><td>\u00c1gyak kabin \/ \u00d6sszesen:<\/td><td>3 \/ 5<\/td><\/tr><tr><td>Trailerbar innen:<\/td><td>1.790 kg<\/td><\/tr><tr><td>Alap\u00e1r motorral:<\/td><td>\u00e1r 48.280 \u20ac<\/td><\/tr><\/tbody><\/table><\/figure>\n<\/div>\n<\/div>\n\n\n\n<hr class=\"wp-block-separator has-alpha-channel-opacity\"\/>\n\n\n\n<div class=\"wp-block-columns is-layout-flex wp-container-core-columns-is-layout-28f84493 wp-block-columns-is-layout-flex\">\n<div class=\"wp-block-column is-layout-flow wp-block-column-is-layout-flow\" style=\"flex-basis:50%\">\n<figure class=\"wp-block-image aligncenter size-full is-resized\"><a href=\"http:\/\/drago-boats.eu\/drago-660\/\"><img loading=\"lazy\" decoding=\"async\" width=\"868\" height=\"651\" src=\"http:\/\/drago-boats.eu\/wp-content\/uploads\/2023\/12\/Drago-660-IMG_7006-edited.jpg\" alt=\"\" class=\"wp-image-442\" style=\"width:488px;height:auto\" srcset=\"https:\/\/drago-boats.eu\/wp-content\/uploads\/2023\/12\/Drago-660-IMG_7006-edited.jpg 868w, https:\/\/drago-boats.eu\/wp-content\/uploads\/2023\/12\/Drago-660-IMG_7006-edited-300x225.jpg 300w, https:\/\/drago-boats.eu\/wp-content\/uploads\/2023\/12\/Drago-660-IMG_7006-edited-768x576.jpg 768w\" sizes=\"(max-width: 868px) 100vw, 868px\" \/><\/a><\/figure>\n<\/div>\n\n\n\n<div class=\"wp-block-column is-layout-flow wp-block-column-is-layout-flow\" style=\"flex-basis:35%\">\n<p class=\"has-medium-font-size\"><strong>DRAGO 660<\/strong><\/p>\n\n\n\n<p>Ez a modell t\u00f6bb mint egy \u00e9vtizede n\u00e9pszer\u0171 v\u00e1laszt\u00e1s azok sz\u00e1m\u00e1ra, akik szeretik a v\u00edzi t\u00far\u00e1z\u00e1st, \u00e9s n\u00e9h\u00e1ny \u00e9jszak\u00e1t szeretn\u00e9nek a fed\u00e9lzeten t\u00f6lteni. A <strong>Drago 660S<\/strong> nagyvonal\u00fa <a href=\"https:\/\/drago-boats.eu\/hu\/drago-660-s\/\" data-type=\"page\" data-id=\"11\">&#8230; t\u00f6bb&#8230;<\/a><\/p>\n<\/div>\n\n\n\n<div class=\"wp-block-column is-layout-flow wp-block-column-is-layout-flow\" style=\"flex-basis:35%\">\n<figure class=\"wp-block-table is-style-stripes\"><table><tbody><tr><td>Hossz\u00fas\u00e1g:<\/td><td>6,54 m<\/td><\/tr><tr><td>Sz\u00e9less\u00e9g:<\/td><td>2,26 m<\/td><\/tr><tr><td>Max. Szem\u00e9lyek:<\/td><td>6<\/td><\/tr><tr><td>\u00c1gyak kabin \/ \u00d6sszesen:<\/td><td>2 \/ 4<\/td><\/tr><tr><td>Trailerbar innen:<\/td><td>1.650 kg<\/td><\/tr><tr><td>Alap\u00e1r motorral:<\/td><td>43.800 \u20ac<\/td><\/tr><\/tbody><\/table><\/figure>\n<\/div>\n<\/div>\n\n\n\n<hr class=\"wp-block-separator has-alpha-channel-opacity\"\/>\n\n\n\n<div class=\"wp-block-columns is-layout-flex wp-container-core-columns-is-layout-28f84493 wp-block-columns-is-layout-flex\">\n<div class=\"wp-block-column is-layout-flow wp-block-column-is-layout-flow\" style=\"flex-basis:50%\">\n<figure class=\"wp-block-image aligncenter size-full is-resized\"><a href=\"http:\/\/drago-boats.eu\/drago-550\/\"><img loading=\"lazy\" decoding=\"async\" width=\"1024\" height=\"683\" src=\"https:\/\/drago-boats.eu\/wp-content\/uploads\/2023\/12\/Drago-550-DSC_7477.jpg\" alt=\"\" class=\"wp-image-447\" style=\"width:473px;height:auto\" srcset=\"https:\/\/drago-boats.eu\/wp-content\/uploads\/2023\/12\/Drago-550-DSC_7477.jpg 1024w, https:\/\/drago-boats.eu\/wp-content\/uploads\/2023\/12\/Drago-550-DSC_7477-300x200.jpg 300w, https:\/\/drago-boats.eu\/wp-content\/uploads\/2023\/12\/Drago-550-DSC_7477-768x512.jpg 768w\" sizes=\"(max-width: 1024px) 100vw, 1024px\" \/><\/a><\/figure>\n<\/div>\n\n\n\n<div class=\"wp-block-column is-layout-flow wp-block-column-is-layout-flow\" style=\"flex-basis:35%\">\n<p class=\"has-medium-font-size\"><strong>DRAGO 550<\/strong><\/p>\n\n\n\n<p>A <strong>Drago 550 <\/strong>a megfelel\u0151 t\u00e1rs a spont\u00e1n \u00e9jszakai tart\u00f3zkod\u00e1shoz, az orrkabin vil\u00e1gos \u00e9s t\u00e1gas, az oldals\u00f3 polcokon <a href=\"https:\/\/drago-boats.eu\/hu\/drago-550\/\" data-type=\"page\" data-id=\"8\">&#8230; t\u00f6bb&#8230;<\/a><\/p>\n<\/div>\n\n\n\n<div class=\"wp-block-column is-layout-flow wp-block-column-is-layout-flow\" style=\"flex-basis:35%\">\n<figure class=\"wp-block-table is-style-stripes\"><table><tbody><tr><td>Hossz\u00fas\u00e1g:<\/td><td>5,50 m<\/td><\/tr><tr><td>Sz\u00e9less\u00e9g:<\/td><td>2,04 m<\/td><\/tr><tr><td>Max. Szem\u00e9lyek:<\/td><td>5<\/td><\/tr><tr><td>\u00c1gyak kabin \/ \u00d6sszesen:<\/td><td>2 \/ 3<\/td><\/tr><tr><td>Trailerbar innen:<\/td><td>1.000 kg<\/td><\/tr><tr><td>Alap\u00e1r motorral:<\/td><td>26.300 \u20ac<\/td><\/tr><\/tbody><\/table><\/figure>\n<\/div>\n<\/div>\n<\/div>\n\n\n\n<div class=\"wp-block-column is-layout-flow wp-block-column-is-layout-flow\" style=\"flex-basis:10%\"><\/div>\n<\/div>\n","protected":false},"excerpt":{"rendered":"<p>Drago cs\u00f3nakok \u2013 a csal\u00e1di k\u00e9zben l\u00e9v\u0151 haj\u00f3gy\u00e1r gener\u00e1ci\u00f3k \u00f3ta ismert arr\u00f3l, hogy eur\u00f3pai sz\u00e1razf\u00f6ldi \u00e9s tengerparti haj\u00f3kat gy\u00e1rt.A haj\u00f3gy\u00e1r f\u00f3kusz\u00e1ban egy\u00e9rtelm\u0171en a kabinos haj\u00f3k \u00e1llnak. K\u00fcl\u00f6n\u00f6sen az ut\u00f3bbi \u00e9vekben ker\u00fcltek a portf\u00f3li\u00f3ba a k\u00f6nny\u0171, hat\u00e9kony \u00e9s praktikus, \u00e1ltal\u00e1ban WC-vel rendelkez\u0151 kabinos haj\u00f3k.A Drago cs\u00f3nakok ide\u00e1lis p\u00f3tkocsis haj\u00f3k, t\u00f6k\u00e9letes csal\u00e1di cs\u00f3nakok, k\u00e9nyelmes belv\u00edzi, de parti [&hellip;]<\/p>\n","protected":false},"author":1,"featured_media":0,"parent":0,"menu_order":0,"comment_status":"closed","ping_status":"closed","template":"elementor_header_footer","meta":{"_acf_changed":false,"footnotes":""},"class_list":["post-2504","page","type-page","status-publish","hentry"],"acf":[],"_links":{"self":[{"href":"https:\/\/drago-boats.eu\/hu\/wp-json\/wp\/v2\/pages\/2504","targetHints":{"allow":["GET"]}}],"collection":[{"href":"https:\/\/drago-boats.eu\/hu\/wp-json\/wp\/v2\/pages"}],"about":[{"href":"https:\/\/drago-boats.eu\/hu\/wp-json\/wp\/v2\/types\/page"}],"author":[{"embeddable":true,"href":"https:\/\/drago-boats.eu\/hu\/wp-json\/wp\/v2\/users\/1"}],"replies":[{"embeddable":true,"href":"https:\/\/drago-boats.eu\/hu\/wp-json\/wp\/v2\/comments?post=2504"}],"version-history":[{"count":10,"href":"https:\/\/drago-boats.eu\/hu\/wp-json\/wp\/v2\/pages\/2504\/revisions"}],"predecessor-version":[{"id":4779,"href":"https:\/\/drago-boats.eu\/hu\/wp-json\/wp\/v2\/pages\/2504\/revisions\/4779"}],"wp:attachment":[{"href":"https:\/\/drago-boats.eu\/hu\/wp-json\/wp\/v2\/media?parent=2504"}],"curies":[{"name":"wp","href":"https:\/\/api.w.org\/{rel}","templated":true}]}}