{"id":2593,"date":"2023-10-31T14:47:42","date_gmt":"2023-10-31T13:47:42","guid":{"rendered":"https:\/\/drago-boats.eu\/empreinte\/"},"modified":"2024-05-02T09:55:21","modified_gmt":"2024-05-02T07:55:21","slug":"empreinte","status":"publish","type":"page","link":"https:\/\/drago-boats.eu\/fr\/empreinte\/","title":{"rendered":"Empreinte"},"content":{"rendered":"\n<h1 class=\"wp-block-heading\">Empreinte<\/h1>\n\n<h2 class=\"wp-block-heading\">Informations selon \u00a7 5 TMG<\/h2>\n\n<p>\u00d6chsner-Boote GmbH &amp; Co. KG<br\/>Br\u00fcckentorstr. 24<br\/>97273 K\u00fcrnach<\/p>\n\n<p>Registre du commerce : HRA 6864<br\/>Tribunal d\u2019enregistrement : tribunal d\u2019instance de W\u00fcrzburg<\/p>\n\n<p><strong>Repr\u00e9sent\u00e9 par :<\/strong><br\/>[Firma und die Anschrift der als Komplement\u00e4r eingetragenen GmbH]<\/p>\n\n<p>Ils sont repr\u00e9sent\u00e9s par :<br\/>Florian \u00d6chsner<\/p>\n\n<p>Registre du commerce : HRB 11393<br\/>Tribunal d\u2019enregistrement : tribunal d\u2019instance de W\u00fcrzburg<\/p>\n\n<h2 class=\"wp-block-heading\">Contact<\/h2>\n\n<p>T\u00e9l\u00e9phone\u00a0: +49 9367 3265<br\/>Courriel : info@drago-boats.eu<\/p>\n\n<h2 class=\"wp-block-heading\">N\u00b0 de TVA intracommunautaire<\/h2>\n\n<p>Num\u00e9ro d\u2019identification \u00e0 la taxe sur le chiffre d\u2019affaires conform\u00e9ment \u00e0 l\u2019article 27 a de la loi sur la taxe sur la valeur ajout\u00e9e :<br\/>DE 281412992<\/p>\n\n<h2 class=\"wp-block-heading\">Responsable \u00e9ditorial<\/h2>\n\n<p>Florian \u00d6chsner<\/p>\n\n<h2 class=\"wp-block-heading\">R\u00e8glement des diff\u00e9rends de l\u2019UE<\/h2>\n\n<p>La Commission europ\u00e9enne met \u00e0 disposition une plateforme de r\u00e8glement en ligne des litiges (RLL) : <a href=\"https:\/\/ec.europa.eu\/consumers\/odr\/\" target=\"_blank\" rel=\"noreferrer noopener\">https:\/\/ec.europa.eu\/consumers\/odr\/<\/a>.<br\/>Notre adresse e-mail se trouve en haut des mentions l\u00e9gales.<\/p>\n\n<h2 class=\"wp-block-heading\">R\u00e9solution des litiges de consommation\/Conseil d\u2019arbitrage universel<\/h2>\n\n<p>Nous ne sommes ni dispos\u00e9s ni oblig\u00e9s de participer \u00e0 une proc\u00e9dure de r\u00e8glement des litiges devant une commission d\u2019arbitrage des consommateurs.<\/p>\n\n<p>Source : e-recht24.de<\/p>\n","protected":false},"excerpt":{"rendered":"<p>Empreinte Informations selon \u00a7 5 TMG \u00d6chsner-Boote GmbH &amp; Co. KGBr\u00fcckentorstr. 2497273 K\u00fcrnach Registre du commerce : HRA 6864Tribunal d\u2019enregistrement : tribunal d\u2019instance de W\u00fcrzburg Repr\u00e9sent\u00e9 par :[Firma und die Anschrift der als Komplement\u00e4r eingetragenen GmbH] Ils sont repr\u00e9sent\u00e9s par :Florian \u00d6chsner Registre du commerce : HRB 11393Tribunal d\u2019enregistrement : tribunal d\u2019instance de W\u00fcrzburg Contact [&hellip;]<\/p>\n","protected":false},"author":1,"featured_media":0,"parent":0,"menu_order":0,"comment_status":"closed","ping_status":"closed","template":"","meta":{"_acf_changed":false,"footnotes":""},"class_list":["post-2593","page","type-page","status-publish","hentry"],"acf":[],"_links":{"self":[{"href":"https:\/\/drago-boats.eu\/fr\/wp-json\/wp\/v2\/pages\/2593","targetHints":{"allow":["GET"]}}],"collection":[{"href":"https:\/\/drago-boats.eu\/fr\/wp-json\/wp\/v2\/pages"}],"about":[{"href":"https:\/\/drago-boats.eu\/fr\/wp-json\/wp\/v2\/types\/page"}],"author":[{"embeddable":true,"href":"https:\/\/drago-boats.eu\/fr\/wp-json\/wp\/v2\/users\/1"}],"replies":[{"embeddable":true,"href":"https:\/\/drago-boats.eu\/fr\/wp-json\/wp\/v2\/comments?post=2593"}],"version-history":[{"count":1,"href":"https:\/\/drago-boats.eu\/fr\/wp-json\/wp\/v2\/pages\/2593\/revisions"}],"predecessor-version":[{"id":2596,"href":"https:\/\/drago-boats.eu\/fr\/wp-json\/wp\/v2\/pages\/2593\/revisions\/2596"}],"wp:attachment":[{"href":"https:\/\/drago-boats.eu\/fr\/wp-json\/wp\/v2\/media?parent=2593"}],"curies":[{"name":"wp","href":"https:\/\/api.w.org\/{rel}","templated":true}]}}