{"id":2445,"date":"2023-10-31T13:26:11","date_gmt":"2023-10-31T12:26:11","guid":{"rendered":"https:\/\/drago-boats.eu\/page-daccueil\/"},"modified":"2025-04-11T15:44:56","modified_gmt":"2025-04-11T13:44:56","slug":"page-daccueil","status":"publish","type":"page","link":"https:\/\/drago-boats.eu\/fr\/","title":{"rendered":"Page d\u2019accueil"},"content":{"rendered":"\n<figure class=\"wp-block-video alignwide\"><video height=\"500\" style=\"aspect-ratio: 1920 \/ 500;\" width=\"1920\" autoplay=\"\" loop=\"\" muted=\"\" src=\"https:\/\/drago-boats.eu\/wp-content\/uploads\/2024\/10\/drago-teaser-1.m4v\" playsinline=\"\"><\/video><\/figure>\n\n<div style=\"height:37px\" aria-hidden=\"true\" class=\"wp-block-spacer\"><\/div>\n\n<div class=\"wp-block-columns is-not-stacked-on-mobile is-layout-flex wp-container-core-columns-is-layout-28f84493 wp-block-columns-is-layout-flex\">\n<div class=\"wp-block-column is-layout-flow wp-block-column-is-layout-flow\" style=\"flex-basis:100%\">\n<div class=\"wp-block-columns is-layout-flex wp-container-core-columns-is-layout-28f84493 wp-block-columns-is-layout-flex\">\n<div class=\"wp-block-column is-layout-flow wp-block-column-is-layout-flow\" style=\"flex-basis:15%\"><\/div>\n\n\n\n<div class=\"wp-block-column is-layout-flow wp-block-column-is-layout-flow\" style=\"flex-basis:70%\">\n<hr class=\"wp-block-separator has-alpha-channel-opacity\"\/>\n\n\n\n<p class=\"has-text-align-center has-background\" style=\"background-color:#ffffffbf\"><strong>Bateaux<\/strong> <strong>Drago<\/strong> &#8211; le chantier naval familial est connu depuis des g\u00e9n\u00e9rations pour produire des bateaux destin\u00e9s \u00e0 une utilisation int\u00e9rieure et c\u00f4ti\u00e8re en Europe.<br\/>Le chantier se concentre clairement sur les bateaux \u00e0 cabines. Ces derni\u00e8res ann\u00e9es, des bateaux \u00e0 cabines l\u00e9gers, efficaces et pratiques, g\u00e9n\u00e9ralement dot\u00e9s de toilettes, ont \u00e9t\u00e9 ajout\u00e9s au portefeuille.<br\/>Les bateaux Drago sont des bateaux remorques id\u00e9aux, des bateaux familiaux parfaits, des bateaux pour une utilisation confortable \u00e0 l&rsquo;int\u00e9rieur des terres, mais aussi pour les eaux c\u00f4ti\u00e8res. <br\/><br\/>Nos mod\u00e8les sont connus dans toute l\u2019Europe pour leur concept d\u2019espace parfait, leur design moderne et fonctionnel et leur rapport qualit\u00e9-prix \u00e9quilibr\u00e9.<\/p>\n\n\n\n<hr class=\"wp-block-separator has-alpha-channel-opacity\"\/>\n<\/div>\n\n\n\n<div class=\"wp-block-column is-layout-flow wp-block-column-is-layout-flow\" style=\"flex-basis:15%\"><\/div>\n<\/div>\n<\/div>\n<\/div>\n\n<div style=\"height:37px\" aria-hidden=\"true\" class=\"wp-block-spacer\"><\/div>\n\n<div class=\"wp-block-columns is-layout-flex wp-container-core-columns-is-layout-28f84493 wp-block-columns-is-layout-flex\">\n<div class=\"wp-block-column is-layout-flow wp-block-column-is-layout-flow\" style=\"flex-basis:25%\"><\/div>\n\n\n\n<div class=\"wp-block-column has-background is-layout-flow wp-block-column-is-layout-flow\" style=\"background-color:#ffffffcc;flex-basis:25%\">\n<figure class=\"wp-block-image aligncenter size-full is-resized is-style-default\"><a href=\"http:\/\/drago-boats.eu\/wp-content\/Panorama\/output\/index.html\"><img fetchpriority=\"high\" decoding=\"async\" width=\"680\" height=\"350\" src=\"https:\/\/drago-boats.eu\/wp-content\/uploads\/2024\/03\/DRAGO-VR.png\" alt=\"\" class=\"wp-image-970\" style=\"width:auto;height:200px\" srcset=\"https:\/\/drago-boats.eu\/wp-content\/uploads\/2024\/03\/DRAGO-VR.png 680w, https:\/\/drago-boats.eu\/wp-content\/uploads\/2024\/03\/DRAGO-VR-300x154.png 300w, https:\/\/drago-boats.eu\/wp-content\/uploads\/2024\/03\/DRAGO-VR-500x257.png 500w\" sizes=\"(max-width: 680px) 100vw, 680px\" \/><\/a><\/figure>\n\n\n\n<p class=\"has-text-align-center has-black-color has-text-color has-link-color wp-elements-08fddb55a6e751e056f198d9ebcfa881\"><a href=\"http:\/\/drago-boats.eu\/wp-content\/Panorama\/output\/index.html\">Ici, vous pouvez voir les mod\u00e8les Drago dans notre<\/a><br\/><a href=\"http:\/\/drago-boats.eu\/wp-content\/Panorama\/output\/index.html\"> Visite virtuelle.<br\/><br\/>Jouir!<\/a><\/p>\n<\/div>\n\n\n\n<div class=\"wp-block-column is-vertically-aligned-top is-layout-flow wp-block-column-is-layout-flow\" style=\"flex-basis:25%\">\n<figure class=\"wp-block-image aligncenter size-full is-resized\"><a href=\"https:\/\/drago-boats.eu\/wp-content\/uploads\/2025\/02\/Brochure-Drago-DE-ENG.pdf\"><img decoding=\"async\" width=\"1024\" height=\"733\" src=\"https:\/\/drago-boats.eu\/wp-content\/uploads\/2025\/02\/Drago-Brochure-thumb.jpg\" alt=\"\" class=\"wp-image-4267\" style=\"width:auto;height:200px\" srcset=\"https:\/\/drago-boats.eu\/wp-content\/uploads\/2025\/02\/Drago-Brochure-thumb.jpg 1024w, https:\/\/drago-boats.eu\/wp-content\/uploads\/2025\/02\/Drago-Brochure-thumb-300x215.jpg 300w, https:\/\/drago-boats.eu\/wp-content\/uploads\/2025\/02\/Drago-Brochure-thumb-768x550.jpg 768w, https:\/\/drago-boats.eu\/wp-content\/uploads\/2025\/02\/Drago-Brochure-thumb-24x17.jpg 24w, https:\/\/drago-boats.eu\/wp-content\/uploads\/2025\/02\/Drago-Brochure-thumb-36x26.jpg 36w, https:\/\/drago-boats.eu\/wp-content\/uploads\/2025\/02\/Drago-Brochure-thumb-48x34.jpg 48w, https:\/\/drago-boats.eu\/wp-content\/uploads\/2025\/02\/Drago-Brochure-thumb-500x358.jpg 500w, https:\/\/drago-boats.eu\/wp-content\/uploads\/2025\/02\/Drago-Brochure-thumb-800x573.jpg 800w\" sizes=\"(max-width: 1024px) 100vw, 1024px\" \/><\/a><\/figure>\n\n\n\n<p class=\"has-text-align-center has-black-color has-text-color has-link-color wp-elements-b680b9f78204c1b1d1d76e6f7fb1a20f\"><a href=\"https:\/\/drago-boats.eu\/wp-content\/uploads\/2025\/02\/Brochure-Drago-DE-ENG.pdf\">Jetez un coup d\u2019\u0153il \u00e0 notre brochure Drago<\/a><\/p>\n<\/div>\n\n\n\n<div class=\"wp-block-column is-layout-flow wp-block-column-is-layout-flow\" style=\"flex-basis:25%\"><\/div>\n<\/div>\n\n<div class=\"wp-block-columns is-layout-flex wp-container-core-columns-is-layout-28f84493 wp-block-columns-is-layout-flex\">\n<div class=\"wp-block-column is-layout-flow wp-block-column-is-layout-flow\" style=\"flex-basis:10%\"><\/div>\n\n\n\n<div class=\"wp-block-column has-white-background-color has-background is-layout-flow wp-block-column-is-layout-flow\" style=\"flex-basis:80%\">\n<div style=\"height:37px\" aria-hidden=\"true\" class=\"wp-block-spacer\"><\/div>\n\n\n\n<h2 class=\"wp-block-heading has-text-align-center\">Vue d\u2019ensemble du mod\u00e8le<\/h2>\n\n\n\n<hr class=\"wp-block-separator has-alpha-channel-opacity\"\/>\n\n\n\n<div class=\"wp-block-columns has-border-color has-background is-layout-flex wp-container-core-columns-is-layout-28f84493 wp-block-columns-is-layout-flex\" style=\"border-color:#6e6e6e;border-width:6px;background-color:#b6b6b6c7\">\n<div class=\"wp-block-column is-layout-flow wp-block-column-is-layout-flow\" style=\"flex-basis:50%\">\n<figure class=\"wp-block-image aligncenter size-full is-resized\"><img decoding=\"async\" width=\"2712\" height=\"1416\" src=\"https:\/\/drago-boats.eu\/wp-content\/uploads\/2025\/02\/650-Model.png\" alt=\"\" class=\"wp-image-4624\" style=\"width:625px;height:auto\" srcset=\"https:\/\/drago-boats.eu\/wp-content\/uploads\/2025\/02\/650-Model.png 2712w, https:\/\/drago-boats.eu\/wp-content\/uploads\/2025\/02\/650-Model-300x157.png 300w, https:\/\/drago-boats.eu\/wp-content\/uploads\/2025\/02\/650-Model-1024x535.png 1024w, https:\/\/drago-boats.eu\/wp-content\/uploads\/2025\/02\/650-Model-768x401.png 768w, https:\/\/drago-boats.eu\/wp-content\/uploads\/2025\/02\/650-Model-1536x802.png 1536w, https:\/\/drago-boats.eu\/wp-content\/uploads\/2025\/02\/650-Model-2048x1069.png 2048w, https:\/\/drago-boats.eu\/wp-content\/uploads\/2025\/02\/650-Model-24x13.png 24w, https:\/\/drago-boats.eu\/wp-content\/uploads\/2025\/02\/650-Model-36x19.png 36w, https:\/\/drago-boats.eu\/wp-content\/uploads\/2025\/02\/650-Model-48x25.png 48w, https:\/\/drago-boats.eu\/wp-content\/uploads\/2025\/02\/650-Model-500x261.png 500w, https:\/\/drago-boats.eu\/wp-content\/uploads\/2025\/02\/650-Model-800x418.png 800w, https:\/\/drago-boats.eu\/wp-content\/uploads\/2025\/02\/650-Model-1280x668.png 1280w, https:\/\/drago-boats.eu\/wp-content\/uploads\/2025\/02\/650-Model-1920x1002.png 1920w\" sizes=\"(max-width: 2712px) 100vw, 2712px\" \/><\/figure>\n<\/div>\n\n\n\n<div class=\"wp-block-column is-layout-flow wp-block-column-is-layout-flow\" style=\"flex-basis:35%\">\n<p class=\"has-medium-font-size\"><strong>DRAGO 650 ***<\/strong><\/p>\n\n\n\n<p>L\u2019heure est presque arriv\u00e9e : la sortie du <strong>Drago 650<\/strong> approche \u00e0 grands pas et nous sommes ravis de vous faire d\u00e9couvrir ce bateau extraordinaire ! Il combine une technologie de pointe, des performances exceptionnelles et un design \u00e9l\u00e9gant pour vous garantir des exp\u00e9riences inoubliables sur l\u2019eau. <\/p>\n\n\n\n<p>Restez \u00e0 jour : Notre page d\u2019accueil est continuellement mise \u00e0 jour avec de nouvelles informations, des mises \u00e0 jour et des aper\u00e7us exclusifs sur le Drago 650. Voici tout ce que vous devez savoir pour d\u00e9couvrir le Drago 650 dans toute sa splendeur. <\/p>\n\n\n\n<p>Visitez-nous r\u00e9guli\u00e8rement et ne manquez aucune nouvelle !<\/p>\n\n\n\n<p><a href=\"https:\/\/drago-boats.eu\/fr\/drago-650\/\" data-type=\"page\" data-id=\"4455\">&#8230; plus&#8230;<\/a><br\/><br\/><\/p>\n<\/div>\n\n\n\n<div class=\"wp-block-column is-layout-flow wp-block-column-is-layout-flow\" style=\"flex-basis:35%\">\n<figure class=\"wp-block-table is-style-stripes\"><table><tbody><tr><td>Longueur:<\/td><td>6,58 millions de m\u00e8tres<\/td><\/tr><tr><td>Largeur:<\/td><td>2,40 m<\/td><\/tr><tr><td>Max. Personnes:<\/td><td>6<\/td><\/tr><tr><td>Barre de remorque \u00e0 partir de\u00a0:<\/td><td>1 350 kg<\/td><\/tr><tr><td>Prix de base avec moteur\u00a0:<\/td><td>Suit<\/td><\/tr><\/tbody><\/table><\/figure>\n<\/div>\n<\/div>\n\n\n\n<hr class=\"wp-block-separator has-alpha-channel-opacity\"\/>\n\n\n\n<div class=\"wp-block-columns is-layout-flex wp-container-core-columns-is-layout-28f84493 wp-block-columns-is-layout-flex\">\n<div class=\"wp-block-column is-layout-flow wp-block-column-is-layout-flow\" style=\"flex-basis:50%\">\n<figure class=\"wp-block-image aligncenter size-full is-resized\"><a href=\"http:\/\/drago-boats.eu\/drago-750\/\"><img loading=\"lazy\" decoding=\"async\" width=\"1024\" height=\"576\" src=\"https:\/\/drago-boats.eu\/wp-content\/uploads\/2023\/12\/750-Rumpf-Weiss-edited.jpg\" alt=\"\" class=\"wp-image-483\" style=\"width:625px;height:auto\" srcset=\"https:\/\/drago-boats.eu\/wp-content\/uploads\/2023\/12\/750-Rumpf-Weiss-edited.jpg 1024w, https:\/\/drago-boats.eu\/wp-content\/uploads\/2023\/12\/750-Rumpf-Weiss-edited-300x169.jpg 300w, https:\/\/drago-boats.eu\/wp-content\/uploads\/2023\/12\/750-Rumpf-Weiss-edited-768x432.jpg 768w\" sizes=\"(max-width: 1024px) 100vw, 1024px\" \/><\/a><\/figure>\n<\/div>\n\n\n\n<div class=\"wp-block-column is-layout-flow wp-block-column-is-layout-flow\" style=\"flex-basis:35%\">\n<p class=\"has-medium-font-size\"><strong>DRAGO 750<\/strong><\/p>\n\n\n\n<p>Le <strong>Drago 750<\/strong> a \u00e9t\u00e9 mis en chantier pour la premi\u00e8re fois \u00e0 l\u2019\u00e9t\u00e9 2023. Avec ce mod\u00e8le de bateau, Drago ouvre une nouvelle strat\u00e9gie de mod\u00e8le r\u00e9volutionnaire.<br\/>Le Drago 750 allie un design moderne avec une utilisation maximale de l&rsquo;espace. Jusqu&rsquo;\u00e0 quatre personnes peuvent dormir confortablement dans la cabine, <br\/>un suppl\u00e9ment.<a href=\"https:\/\/drago-boats.eu\/fr\/drago-750\/\" data-type=\"page\" data-id=\"15\">..plus&#8230;<\/a><br\/><br\/><\/p>\n<\/div>\n\n\n\n<div class=\"wp-block-column is-layout-flow wp-block-column-is-layout-flow\" style=\"flex-basis:35%\">\n<figure class=\"wp-block-table is-style-stripes\"><table><tbody><tr><td>Longueur:<\/td><td>7,75 m\u00e8tres<\/td><\/tr><tr><td>Largeur:<\/td><td>2,44 m\u00e8tres<\/td><\/tr><tr><td>Max. Personnes:<\/td><td>7<\/td><\/tr><tr><td>Couchettes Cabine \/ Total\u00a0:<\/td><td>4 \/ 5<\/td><\/tr><tr><td>Barre de remorque \u00e0 partir de\u00a0:<\/td><td>2 350 kg<\/td><\/tr><tr><td>Prix de base avec moteur\u00a0:<\/td><td>76 900 \u20ac<\/td><\/tr><\/tbody><\/table><\/figure>\n<\/div>\n<\/div>\n\n\n\n<hr class=\"wp-block-separator has-alpha-channel-opacity\"\/>\n\n\n\n<div class=\"wp-block-columns is-layout-flex wp-container-core-columns-is-layout-28f84493 wp-block-columns-is-layout-flex\">\n<div class=\"wp-block-column is-layout-flow wp-block-column-is-layout-flow\" style=\"flex-basis:50%\">\n<figure class=\"wp-block-image aligncenter size-full is-resized\"><a href=\"http:\/\/drago-boats.eu\/drago-665\/\"><img loading=\"lazy\" decoding=\"async\" width=\"1024\" height=\"393\" src=\"https:\/\/drago-boats.eu\/wp-content\/uploads\/2023\/12\/Drago-665-7545.jpg\" alt=\"\" class=\"wp-image-413\" style=\"width:499px;height:auto\" srcset=\"https:\/\/drago-boats.eu\/wp-content\/uploads\/2023\/12\/Drago-665-7545.jpg 1024w, https:\/\/drago-boats.eu\/wp-content\/uploads\/2023\/12\/Drago-665-7545-300x115.jpg 300w, https:\/\/drago-boats.eu\/wp-content\/uploads\/2023\/12\/Drago-665-7545-768x295.jpg 768w\" sizes=\"(max-width: 1024px) 100vw, 1024px\" \/><\/a><\/figure>\n<\/div>\n\n\n\n<div class=\"wp-block-column is-layout-flow wp-block-column-is-layout-flow\" style=\"flex-basis:35%\">\n<p class=\"has-medium-font-size\"><strong>DRAGO 665<\/strong><\/p>\n\n\n\n<p>Le <strong>Drago 665<\/strong> a un argument de vente unique distinctif. Comme il s\u2019agit de l\u2019un des rares bateaux de cette cat\u00e9gorie, trois adultes peuvent passer la nuit confortablement dans la cabine. Ceci est rendu possible par <a href=\"https:\/\/drago-boats.eu\/fr\/drago-665\/\" data-type=\"page\" data-id=\"13\">&#8230; plus&#8230;<\/a><\/p>\n<\/div>\n\n\n\n<div class=\"wp-block-column is-layout-flow wp-block-column-is-layout-flow\" style=\"flex-basis:35%\">\n<figure class=\"wp-block-table is-style-stripes\"><table><tbody><tr><td>Longueur:<\/td><td>7,00 m\u00e8tres<\/td><\/tr><tr><td>Largeur:<\/td><td>2,26 m\u00e8tres<\/td><\/tr><tr><td>Max. Personnes:<\/td><td>6<\/td><\/tr><tr><td>Couchettes Cabine \/ Total\u00a0:<\/td><td>3 \/ 5<\/td><\/tr><tr><td>Barre de remorque \u00e0 partir de\u00a0:<\/td><td>1 790 kg<\/td><\/tr><tr><td>Prix de base avec moteur\u00a0:<\/td><td>\u00e0 partir de 48.280 \u20ac<\/td><\/tr><\/tbody><\/table><\/figure>\n<\/div>\n<\/div>\n\n\n\n<hr class=\"wp-block-separator has-alpha-channel-opacity\"\/>\n\n\n\n<div class=\"wp-block-columns is-layout-flex wp-container-core-columns-is-layout-28f84493 wp-block-columns-is-layout-flex\">\n<div class=\"wp-block-column is-layout-flow wp-block-column-is-layout-flow\" style=\"flex-basis:50%\">\n<figure class=\"wp-block-image aligncenter size-full is-resized\"><a href=\"http:\/\/drago-boats.eu\/drago-660\/\"><img loading=\"lazy\" decoding=\"async\" width=\"868\" height=\"651\" src=\"http:\/\/drago-boats.eu\/wp-content\/uploads\/2023\/12\/Drago-660-IMG_7006-edited.jpg\" alt=\"\" class=\"wp-image-442\" style=\"width:488px;height:auto\" srcset=\"https:\/\/drago-boats.eu\/wp-content\/uploads\/2023\/12\/Drago-660-IMG_7006-edited.jpg 868w, https:\/\/drago-boats.eu\/wp-content\/uploads\/2023\/12\/Drago-660-IMG_7006-edited-300x225.jpg 300w, https:\/\/drago-boats.eu\/wp-content\/uploads\/2023\/12\/Drago-660-IMG_7006-edited-768x576.jpg 768w\" sizes=\"(max-width: 868px) 100vw, 868px\" \/><\/a><\/figure>\n<\/div>\n\n\n\n<div class=\"wp-block-column is-layout-flow wp-block-column-is-layout-flow\" style=\"flex-basis:35%\">\n<p class=\"has-medium-font-size\"><strong>DRAGO 660<\/strong><\/p>\n\n\n\n<p>Depuis plus d\u2019une d\u00e9cennie, ce mod\u00e8le est un choix populaire pour ceux qui aiment la randonn\u00e9e aquatique et qui veulent passer quelques nuits \u00e0 bord. Le <strong>Drago 660S<\/strong> dispose d\u2019une g\u00e9n\u00e9reuse <a href=\"https:\/\/drago-boats.eu\/fr\/drago-660-s\/\" data-type=\"page\" data-id=\"11\">&#8230; plus&#8230;<\/a><\/p>\n<\/div>\n\n\n\n<div class=\"wp-block-column is-layout-flow wp-block-column-is-layout-flow\" style=\"flex-basis:35%\">\n<figure class=\"wp-block-table is-style-stripes\"><table><tbody><tr><td>Longueur:<\/td><td>6,54 m\u00e8tres<\/td><\/tr><tr><td>Largeur:<\/td><td>2,26 m\u00e8tres<\/td><\/tr><tr><td>Max. Personnes:<\/td><td>6<\/td><\/tr><tr><td>Couchettes Cabine \/ Total\u00a0:<\/td><td>2 \/ 4<\/td><\/tr><tr><td>Barre de remorque \u00e0 partir de\u00a0:<\/td><td>1 650 kg<\/td><\/tr><tr><td>Prix de base avec moteur\u00a0:<\/td><td>43.800 \u20ac Ajouter au panier<\/td><\/tr><\/tbody><\/table><\/figure>\n<\/div>\n<\/div>\n\n\n\n<hr class=\"wp-block-separator has-alpha-channel-opacity\"\/>\n\n\n\n<div class=\"wp-block-columns is-layout-flex wp-container-core-columns-is-layout-28f84493 wp-block-columns-is-layout-flex\">\n<div class=\"wp-block-column is-layout-flow wp-block-column-is-layout-flow\" style=\"flex-basis:50%\">\n<figure class=\"wp-block-image aligncenter size-full is-resized\"><a href=\"http:\/\/drago-boats.eu\/drago-550\/\"><img loading=\"lazy\" decoding=\"async\" width=\"1024\" height=\"683\" src=\"https:\/\/drago-boats.eu\/wp-content\/uploads\/2023\/12\/Drago-550-DSC_7477.jpg\" alt=\"\" class=\"wp-image-447\" style=\"width:473px;height:auto\" srcset=\"https:\/\/drago-boats.eu\/wp-content\/uploads\/2023\/12\/Drago-550-DSC_7477.jpg 1024w, https:\/\/drago-boats.eu\/wp-content\/uploads\/2023\/12\/Drago-550-DSC_7477-300x200.jpg 300w, https:\/\/drago-boats.eu\/wp-content\/uploads\/2023\/12\/Drago-550-DSC_7477-768x512.jpg 768w\" sizes=\"(max-width: 1024px) 100vw, 1024px\" \/><\/a><\/figure>\n<\/div>\n\n\n\n<div class=\"wp-block-column is-layout-flow wp-block-column-is-layout-flow\" style=\"flex-basis:35%\">\n<p class=\"has-medium-font-size\"><strong>DRAGO 550<\/strong><\/p>\n\n\n\n<p>Le <strong>Drago 550 <\/strong>est le compagnon id\u00e9al pour les nuit\u00e9es spontan\u00e9es, la cabine avant est lumineuse et spacieuse, dans les \u00e9tag\u00e8res lat\u00e9rales <a href=\"https:\/\/drago-boats.eu\/fr\/drago-550\/\" data-type=\"page\" data-id=\"8\">il y a &#8230; plus&#8230;<\/a><\/p>\n<\/div>\n\n\n\n<div class=\"wp-block-column is-layout-flow wp-block-column-is-layout-flow\" style=\"flex-basis:35%\">\n<figure class=\"wp-block-table is-style-stripes\"><table><tbody><tr><td>Longueur:<\/td><td>5,50 m<\/td><\/tr><tr><td>Largeur:<\/td><td>2,04 m\u00e8tres<\/td><\/tr><tr><td>Max. Personnes:<\/td><td>5<\/td><\/tr><tr><td>Couchettes Cabine \/ Total\u00a0:<\/td><td>2 \/ 3<\/td><\/tr><tr><td>Barre de remorque \u00e0 partir de\u00a0:<\/td><td>1 000 kg<\/td><\/tr><tr><td>Prix de base avec moteur\u00a0:<\/td><td>26.300 \u20ac<\/td><\/tr><\/tbody><\/table><\/figure>\n<\/div>\n<\/div>\n<\/div>\n\n\n\n<div class=\"wp-block-column is-layout-flow wp-block-column-is-layout-flow\" style=\"flex-basis:10%\"><\/div>\n<\/div>\n","protected":false},"excerpt":{"rendered":"<p>Bateaux Drago &#8211; le chantier naval familial est connu depuis des g\u00e9n\u00e9rations pour produire des bateaux destin\u00e9s \u00e0 une utilisation int\u00e9rieure et c\u00f4ti\u00e8re en Europe.Le chantier se concentre clairement sur les bateaux \u00e0 cabines. Ces derni\u00e8res ann\u00e9es, des bateaux \u00e0 cabines l\u00e9gers, efficaces et pratiques, g\u00e9n\u00e9ralement dot\u00e9s de toilettes, ont \u00e9t\u00e9 ajout\u00e9s au portefeuille.Les bateaux [&hellip;]<\/p>\n","protected":false},"author":1,"featured_media":0,"parent":0,"menu_order":0,"comment_status":"closed","ping_status":"closed","template":"elementor_header_footer","meta":{"_acf_changed":false,"footnotes":""},"class_list":["post-2445","page","type-page","status-publish","hentry"],"acf":[],"_links":{"self":[{"href":"https:\/\/drago-boats.eu\/fr\/wp-json\/wp\/v2\/pages\/2445","targetHints":{"allow":["GET"]}}],"collection":[{"href":"https:\/\/drago-boats.eu\/fr\/wp-json\/wp\/v2\/pages"}],"about":[{"href":"https:\/\/drago-boats.eu\/fr\/wp-json\/wp\/v2\/types\/page"}],"author":[{"embeddable":true,"href":"https:\/\/drago-boats.eu\/fr\/wp-json\/wp\/v2\/users\/1"}],"replies":[{"embeddable":true,"href":"https:\/\/drago-boats.eu\/fr\/wp-json\/wp\/v2\/comments?post=2445"}],"version-history":[{"count":10,"href":"https:\/\/drago-boats.eu\/fr\/wp-json\/wp\/v2\/pages\/2445\/revisions"}],"predecessor-version":[{"id":4785,"href":"https:\/\/drago-boats.eu\/fr\/wp-json\/wp\/v2\/pages\/2445\/revisions\/4785"}],"wp:attachment":[{"href":"https:\/\/drago-boats.eu\/fr\/wp-json\/wp\/v2\/media?parent=2445"}],"curies":[{"name":"wp","href":"https:\/\/api.w.org\/{rel}","templated":true}]}}