{"id":2565,"date":"2023-10-31T14:47:42","date_gmt":"2023-10-31T13:47:42","guid":{"rendered":"https:\/\/drago-boats.eu\/impresion\/"},"modified":"2024-05-02T09:55:21","modified_gmt":"2024-05-02T07:55:21","slug":"impresion","status":"publish","type":"page","link":"https:\/\/drago-boats.eu\/es\/impresion\/","title":{"rendered":"Impresi\u00f3n"},"content":{"rendered":"\n<h1 class=\"wp-block-heading\">Impresi\u00f3n<\/h1>\n\n<h2 class=\"wp-block-heading\">Informaci\u00f3n seg\u00fan \u00a7 5 TMG<\/h2>\n\n<p>\u00d6chsner-Boote GmbH &amp; Co. KG<br\/>Br\u00fcckentorstr. 24<br\/>97273 K\u00fcrnach<\/p>\n\n<p>Registro Mercantil: HRA 6864<br\/>Juzgado de registro: Tribunal de Primera Instancia de W\u00fcrzburg<\/p>\n\n<p><strong>Representado por:<\/strong><br\/>[Firma und die Anschrift der als Komplement\u00e4r eingetragenen GmbH]<\/p>\n\n<p>Est\u00e1n representados por:<br\/>Florian \u00d6chsner<\/p>\n\n<p>Registro Mercantil: HRB 11393<br\/>Juzgado de registro: Tribunal de Primera Instancia de W\u00fcrzburg<\/p>\n\n<h2 class=\"wp-block-heading\">Contacto<\/h2>\n\n<p>Tel\u00e9fono: +49 9367 3265<br\/>Correo electr\u00f3nico: info@drago-boats.eu<\/p>\n\n<h2 class=\"wp-block-heading\">N\u00famero de identificaci\u00f3n fiscal<\/h2>\n\n<p>N\u00famero de identificaci\u00f3n fiscal seg\u00fan el art\u00edculo 27 a de la Ley del Impuesto sobre el Valor A\u00f1adido:<br\/>DE 281412992<\/p>\n\n<h2 class=\"wp-block-heading\">Responsable editorialmente<\/h2>\n\n<p>Florian \u00d6chsner<\/p>\n\n<h2 class=\"wp-block-heading\">Soluci\u00f3n de diferencias de la UE<\/h2>\n\n<p>La Comisi\u00f3n Europea proporciona una plataforma para la resoluci\u00f3n de litigios en l\u00ednea (ODR): <a href=\"https:\/\/ec.europa.eu\/consumers\/odr\/\" target=\"_blank\" rel=\"noreferrer noopener\">https:\/\/ec.europa.eu\/consumers\/odr\/<\/a>.<br\/>Nuestra direcci\u00f3n de correo electr\u00f3nico se encuentra en la parte superior del pie de imprenta.<\/p>\n\n<h2 class=\"wp-block-heading\">Resoluci\u00f3n de Disputas de Consumo\/Junta Universal de Arbitraje<\/h2>\n\n<p>No estamos dispuestos ni obligados a participar en procedimientos de resoluci\u00f3n de disputas ante una junta arbitral de consumo.<\/p>\n\n<p>Fuente: e-recht24.de<\/p>\n","protected":false},"excerpt":{"rendered":"<p>Impresi\u00f3n Informaci\u00f3n seg\u00fan \u00a7 5 TMG \u00d6chsner-Boote GmbH &amp; Co. KGBr\u00fcckentorstr. 2497273 K\u00fcrnach Registro Mercantil: HRA 6864Juzgado de registro: Tribunal de Primera Instancia de W\u00fcrzburg Representado por:[Firma und die Anschrift der als Komplement\u00e4r eingetragenen GmbH] Est\u00e1n representados por:Florian \u00d6chsner Registro Mercantil: HRB 11393Juzgado de registro: Tribunal de Primera Instancia de W\u00fcrzburg Contacto Tel\u00e9fono: +49 9367 [&hellip;]<\/p>\n","protected":false},"author":1,"featured_media":0,"parent":0,"menu_order":0,"comment_status":"closed","ping_status":"closed","template":"","meta":{"_acf_changed":false,"footnotes":""},"class_list":["post-2565","page","type-page","status-publish","hentry"],"acf":[],"_links":{"self":[{"href":"https:\/\/drago-boats.eu\/es\/wp-json\/wp\/v2\/pages\/2565","targetHints":{"allow":["GET"]}}],"collection":[{"href":"https:\/\/drago-boats.eu\/es\/wp-json\/wp\/v2\/pages"}],"about":[{"href":"https:\/\/drago-boats.eu\/es\/wp-json\/wp\/v2\/types\/page"}],"author":[{"embeddable":true,"href":"https:\/\/drago-boats.eu\/es\/wp-json\/wp\/v2\/users\/1"}],"replies":[{"embeddable":true,"href":"https:\/\/drago-boats.eu\/es\/wp-json\/wp\/v2\/comments?post=2565"}],"version-history":[{"count":1,"href":"https:\/\/drago-boats.eu\/es\/wp-json\/wp\/v2\/pages\/2565\/revisions"}],"predecessor-version":[{"id":2576,"href":"https:\/\/drago-boats.eu\/es\/wp-json\/wp\/v2\/pages\/2565\/revisions\/2576"}],"wp:attachment":[{"href":"https:\/\/drago-boats.eu\/es\/wp-json\/wp\/v2\/media?parent=2565"}],"curies":[{"name":"wp","href":"https:\/\/api.w.org\/{rel}","templated":true}]}}