{"id":2492,"date":"2023-10-31T14:47:42","date_gmt":"2023-10-31T13:47:42","guid":{"rendered":"https:\/\/drago-boats.eu\/%ce%b1%cf%80%ce%bf%cf%84%cf%8d%cf%80%cf%89%ce%bc%ce%b1\/"},"modified":"2024-05-02T09:55:21","modified_gmt":"2024-05-02T07:55:21","slug":"%ce%b1%cf%80%ce%bf%cf%84%cf%8d%cf%80%cf%89%ce%bc%ce%b1","status":"publish","type":"page","link":"https:\/\/drago-boats.eu\/el\/%ce%b1%cf%80%ce%bf%cf%84%cf%8d%cf%80%cf%89%ce%bc%ce%b1\/","title":{"rendered":"\u0391\u03c0\u03bf\u03c4\u03cd\u03c0\u03c9\u03bc\u03b1"},"content":{"rendered":"\n<h1 class=\"wp-block-heading\">\u0391\u03c0\u03bf\u03c4\u03cd\u03c0\u03c9\u03bc\u03b1<\/h1>\n\n<h2 class=\"wp-block-heading\">\u03a0\u03bb\u03b7\u03c1\u03bf\u03c6\u03bf\u03c1\u03af\u03b5\u03c2 \u03c3\u03cd\u03bc\u03c6\u03c9\u03bd\u03b1 \u03bc\u03b5 \u03c4\u03b7\u03bd \u00a7 5 TMG<\/h2>\n\n<p>\u00d6chsner-Boote GmbH &amp;; Co. KG<br\/>Br\u00fcckentorstr. 24<br\/>97273 K\u00fcrnach<\/p>\n\n<p>\u0395\u03bc\u03c0\u03bf\u03c1\u03b9\u03ba\u03cc \u039c\u03b7\u03c4\u03c1\u03ce\u03bf: HRA 6864<br\/>\u0394\u03b9\u03ba\u03b1\u03c3\u03c4\u03ae\u03c1\u03b9\u03bf \u03b3\u03c1\u03b1\u03bc\u03bc\u03b1\u03c4\u03b5\u03af\u03b1\u03c2: \u03a0\u03c1\u03c9\u03c4\u03bf\u03b4\u03b9\u03ba\u03b5\u03af\u03bf W\u00fcrzburg<\/p>\n\n<p><strong>\u0395\u03ba\u03c0\u03c1\u03bf\u03c3\u03c9\u03c0\u03b5\u03af\u03c4\u03b1\u03b9 \u03b1\u03c0\u03cc:<\/strong><br\/>[Firma und die Anschrift der als Komplement\u00e4r eingetragenen GmbH]<\/p>\n\n<p>\u0391\u03bd\u03c4\u03b9\u03c0\u03c1\u03bf\u03c3\u03c9\u03c0\u03b5\u03cd\u03bf\u03bd\u03c4\u03b1\u03b9 \u03b1\u03c0\u03cc:<br\/>\u03a6\u03bb\u03cc\u03c1\u03b9\u03b1\u03bd \u0388\u03c4\u03c3\u03bd\u03b5\u03c1<\/p>\n\n<p>\u0395\u03bc\u03c0\u03bf\u03c1\u03b9\u03ba\u03cc \u03bc\u03b7\u03c4\u03c1\u03ce\u03bf: HRB 11393<br\/>\u0394\u03b9\u03ba\u03b1\u03c3\u03c4\u03ae\u03c1\u03b9\u03bf \u03b3\u03c1\u03b1\u03bc\u03bc\u03b1\u03c4\u03b5\u03af\u03b1\u03c2: \u03a0\u03c1\u03c9\u03c4\u03bf\u03b4\u03b9\u03ba\u03b5\u03af\u03bf W\u00fcrzburg<\/p>\n\n<h2 class=\"wp-block-heading\">\u0395\u03c0\u03b1\u03c6\u03ae<\/h2>\n\n<p>\u03a4\u03b7\u03bb\u03ad\u03c6\u03c9\u03bd\u03bf: +49 9367 3265<br\/>\u0397\u03bb\u03b5\u03ba\u03c4\u03c1\u03bf\u03bd\u03b9\u03ba\u03ae \u03b4\u03b9\u03b5\u03cd\u03b8\u03c5\u03bd\u03c3\u03b7: info@drago-boats.eu<\/p>\n\n<h2 class=\"wp-block-heading\">\u0391\u03a6\u039c<\/h2>\n\n<p>\u0391\u03c1\u03b9\u03b8\u03bc\u03cc\u03c2 \u03c6\u03bf\u03c1\u03bf\u03bb\u03bf\u03b3\u03b9\u03ba\u03bf\u03cd \u03bc\u03b7\u03c4\u03c1\u03ce\u03bf\u03c5 \u03c0\u03c9\u03bb\u03ae\u03c3\u03b5\u03c9\u03bd \u03c3\u03cd\u03bc\u03c6\u03c9\u03bd\u03b1 \u03bc\u03b5 \u03c4\u03bf \u03ac\u03c1\u03b8\u03c1\u03bf 27\u03b1 \u03c4\u03bf\u03c5 \u03bd\u03cc\u03bc\u03bf\u03c5 \u03c0\u03b5\u03c1\u03af \u03c6\u03cc\u03c1\u03bf\u03c5 \u03c0\u03c1\u03bf\u03c3\u03c4\u03b9\u03b8\u03ad\u03bc\u03b5\u03bd\u03b7\u03c2 \u03b1\u03be\u03af\u03b1\u03c2:<br\/>DE 281412992<\/p>\n\n<h2 class=\"wp-block-heading\">\u03a3\u03c5\u03bd\u03c4\u03b1\u03ba\u03c4\u03b9\u03ba\u03ae \u03b5\u03c5\u03b8\u03cd\u03bd\u03b7<\/h2>\n\n<p>\u03a6\u03bb\u03cc\u03c1\u03b9\u03b1\u03bd \u0388\u03c4\u03c3\u03bd\u03b5\u03c1<\/p>\n\n<h2 class=\"wp-block-heading\">\u0395\u03c0\u03af\u03bb\u03c5\u03c3\u03b7 \u03b4\u03b9\u03b1\u03c6\u03bf\u03c1\u03ce\u03bd \u03c3\u03c4\u03b7\u03bd \u0395\u0395<\/h2>\n\n<p>\u0397 \u0395\u03c5\u03c1\u03c9\u03c0\u03b1\u03ca\u03ba\u03ae \u0395\u03c0\u03b9\u03c4\u03c1\u03bf\u03c0\u03ae \u03c0\u03b1\u03c1\u03ad\u03c7\u03b5\u03b9 \u03bc\u03b9\u03b1 \u03c0\u03bb\u03b1\u03c4\u03c6\u03cc\u03c1\u03bc\u03b1 \u03b7\u03bb\u03b5\u03ba\u03c4\u03c1\u03bf\u03bd\u03b9\u03ba\u03ae\u03c2 \u03b5\u03c0\u03af\u03bb\u03c5\u03c3\u03b7\u03c2 \u03b4\u03b9\u03b1\u03c6\u03bf\u03c1\u03ce\u03bd (\u0397\u0395\u0394): <a href=\"https:\/\/ec.europa.eu\/consumers\/odr\/\" target=\"_blank\" rel=\"noreferrer noopener\">https:\/\/ec.europa.eu\/consumers\/odr\/<\/a>.<br\/>\u0397 \u03b4\u03b9\u03b5\u03cd\u03b8\u03c5\u03bd\u03c3\u03b7 \u03b7\u03bb\u03b5\u03ba\u03c4\u03c1\u03bf\u03bd\u03b9\u03ba\u03bf\u03cd \u03c4\u03b1\u03c7\u03c5\u03b4\u03c1\u03bf\u03bc\u03b5\u03af\u03bf\u03c5 \u03bc\u03b1\u03c2 \u03b2\u03c1\u03af\u03c3\u03ba\u03b5\u03c4\u03b1\u03b9 \u03c3\u03c4\u03bf \u03b5\u03c0\u03ac\u03bd\u03c9 \u03bc\u03ad\u03c1\u03bf\u03c2 \u03c4\u03bf\u03c5 \u03b1\u03c0\u03bf\u03c4\u03c5\u03c0\u03ce\u03bc\u03b1\u03c4\u03bf\u03c2.<\/p>\n\n<h2 class=\"wp-block-heading\">\u0395\u03c0\u03af\u03bb\u03c5\u03c3\u03b7 \u03ba\u03b1\u03c4\u03b1\u03bd\u03b1\u03bb\u03c9\u03c4\u03b9\u03ba\u03ce\u03bd \u03b4\u03b9\u03b1\u03c6\u03bf\u03c1\u03ce\u03bd\/\u03a0\u03b1\u03b3\u03ba\u03cc\u03c3\u03bc\u03b9\u03bf \u03a3\u03c5\u03bc\u03b2\u03bf\u03cd\u03bb\u03b9\u03bf \u0394\u03b9\u03b1\u03b9\u03c4\u03b7\u03c3\u03af\u03b1\u03c2<\/h2>\n\n<p>\u0394\u03b5\u03bd \u03b5\u03af\u03bc\u03b1\u03c3\u03c4\u03b5 \u03c0\u03c1\u03cc\u03b8\u03c5\u03bc\u03bf\u03b9 \u03ae \u03c5\u03c0\u03bf\u03c7\u03c1\u03b5\u03c9\u03bc\u03ad\u03bd\u03bf\u03b9 \u03bd\u03b1 \u03c3\u03c5\u03bc\u03bc\u03b5\u03c4\u03ac\u03c3\u03c7\u03bf\u03c5\u03bc\u03b5 \u03c3\u03b5 \u03b4\u03b9\u03b1\u03b4\u03b9\u03ba\u03b1\u03c3\u03af\u03b5\u03c2 \u03b5\u03c0\u03af\u03bb\u03c5\u03c3\u03b7\u03c2 \u03b4\u03b9\u03b1\u03c6\u03bf\u03c1\u03ce\u03bd \u03b5\u03bd\u03ce\u03c0\u03b9\u03bf\u03bd \u03b5\u03bd\u03cc\u03c2 \u03c3\u03c5\u03bc\u03b2\u03bf\u03c5\u03bb\u03af\u03bf\u03c5 \u03b4\u03b9\u03b1\u03b9\u03c4\u03b7\u03c3\u03af\u03b1\u03c2 \u03ba\u03b1\u03c4\u03b1\u03bd\u03b1\u03bb\u03c9\u03c4\u03ce\u03bd.<\/p>\n\n<p>\u03a0\u03b7\u03b3\u03ae: e-recht24.de<\/p>\n","protected":false},"excerpt":{"rendered":"<p>\u0391\u03c0\u03bf\u03c4\u03cd\u03c0\u03c9\u03bc\u03b1 \u03a0\u03bb\u03b7\u03c1\u03bf\u03c6\u03bf\u03c1\u03af\u03b5\u03c2 \u03c3\u03cd\u03bc\u03c6\u03c9\u03bd\u03b1 \u03bc\u03b5 \u03c4\u03b7\u03bd \u00a7 5 TMG \u00d6chsner-Boote GmbH &amp;; Co. KGBr\u00fcckentorstr. 2497273 K\u00fcrnach \u0395\u03bc\u03c0\u03bf\u03c1\u03b9\u03ba\u03cc \u039c\u03b7\u03c4\u03c1\u03ce\u03bf: HRA 6864\u0394\u03b9\u03ba\u03b1\u03c3\u03c4\u03ae\u03c1\u03b9\u03bf \u03b3\u03c1\u03b1\u03bc\u03bc\u03b1\u03c4\u03b5\u03af\u03b1\u03c2: \u03a0\u03c1\u03c9\u03c4\u03bf\u03b4\u03b9\u03ba\u03b5\u03af\u03bf W\u00fcrzburg \u0395\u03ba\u03c0\u03c1\u03bf\u03c3\u03c9\u03c0\u03b5\u03af\u03c4\u03b1\u03b9 \u03b1\u03c0\u03cc:[Firma und die Anschrift der als Komplement\u00e4r eingetragenen GmbH] \u0391\u03bd\u03c4\u03b9\u03c0\u03c1\u03bf\u03c3\u03c9\u03c0\u03b5\u03cd\u03bf\u03bd\u03c4\u03b1\u03b9 \u03b1\u03c0\u03cc:\u03a6\u03bb\u03cc\u03c1\u03b9\u03b1\u03bd \u0388\u03c4\u03c3\u03bd\u03b5\u03c1 \u0395\u03bc\u03c0\u03bf\u03c1\u03b9\u03ba\u03cc \u03bc\u03b7\u03c4\u03c1\u03ce\u03bf: HRB 11393\u0394\u03b9\u03ba\u03b1\u03c3\u03c4\u03ae\u03c1\u03b9\u03bf \u03b3\u03c1\u03b1\u03bc\u03bc\u03b1\u03c4\u03b5\u03af\u03b1\u03c2: \u03a0\u03c1\u03c9\u03c4\u03bf\u03b4\u03b9\u03ba\u03b5\u03af\u03bf W\u00fcrzburg \u0395\u03c0\u03b1\u03c6\u03ae \u03a4\u03b7\u03bb\u03ad\u03c6\u03c9\u03bd\u03bf: +49 9367 3265\u0397\u03bb\u03b5\u03ba\u03c4\u03c1\u03bf\u03bd\u03b9\u03ba\u03ae \u03b4\u03b9\u03b5\u03cd\u03b8\u03c5\u03bd\u03c3\u03b7: info@drago-boats.eu \u0391\u03a6\u039c \u0391\u03c1\u03b9\u03b8\u03bc\u03cc\u03c2 \u03c6\u03bf\u03c1\u03bf\u03bb\u03bf\u03b3\u03b9\u03ba\u03bf\u03cd \u03bc\u03b7\u03c4\u03c1\u03ce\u03bf\u03c5 \u03c0\u03c9\u03bb\u03ae\u03c3\u03b5\u03c9\u03bd \u03c3\u03cd\u03bc\u03c6\u03c9\u03bd\u03b1 [&hellip;]<\/p>\n","protected":false},"author":1,"featured_media":0,"parent":0,"menu_order":0,"comment_status":"closed","ping_status":"closed","template":"","meta":{"_acf_changed":false,"footnotes":""},"class_list":["post-2492","page","type-page","status-publish","hentry"],"acf":[],"_links":{"self":[{"href":"https:\/\/drago-boats.eu\/el\/wp-json\/wp\/v2\/pages\/2492","targetHints":{"allow":["GET"]}}],"collection":[{"href":"https:\/\/drago-boats.eu\/el\/wp-json\/wp\/v2\/pages"}],"about":[{"href":"https:\/\/drago-boats.eu\/el\/wp-json\/wp\/v2\/types\/page"}],"author":[{"embeddable":true,"href":"https:\/\/drago-boats.eu\/el\/wp-json\/wp\/v2\/users\/1"}],"replies":[{"embeddable":true,"href":"https:\/\/drago-boats.eu\/el\/wp-json\/wp\/v2\/comments?post=2492"}],"version-history":[{"count":1,"href":"https:\/\/drago-boats.eu\/el\/wp-json\/wp\/v2\/pages\/2492\/revisions"}],"predecessor-version":[{"id":2498,"href":"https:\/\/drago-boats.eu\/el\/wp-json\/wp\/v2\/pages\/2492\/revisions\/2498"}],"wp:attachment":[{"href":"https:\/\/drago-boats.eu\/el\/wp-json\/wp\/v2\/media?parent=2492"}],"curies":[{"name":"wp","href":"https:\/\/api.w.org\/{rel}","templated":true}]}}