{"id":2526,"date":"2023-10-31T12:24:04","date_gmt":"2023-10-31T11:24:04","guid":{"rendered":"https:\/\/drago-boats.eu\/oblast-prihlaseni\/"},"modified":"2024-05-02T09:55:20","modified_gmt":"2024-05-02T07:55:20","slug":"oblast-prihlaseni","status":"publish","type":"page","link":"https:\/\/drago-boats.eu\/cs\/oblast-prihlaseni\/","title":{"rendered":"Oblast p\u0159ihl\u00e1\u0161en\u00ed"},"content":{"rendered":"\t\t\t<div class=\"fea-display-field\">\r\n\t\t\t\t\t\t<\/div>\r\n\t\t\t\t\t\t<div class=\"fea-display-field\">\r\n\t\t\t\t\t\t<\/div>\r\n\t\t\t\t\t\t<div class=\"fea-display-field\">\r\n\t\t\t\t\t\t<\/div>\r\n\t\t\t\t\t\t<div class=\"fea-display-field\">\r\n\t\t\t\t\t\t<\/div>\r\n\t\t\t\t\t\t<div class=\"fea-display-field\">\r\n\t\t\t\t\t\t<\/div>\r\n\t\t\t\t\t\t<div class=\"fea-display-field\">\r\n\t\t\t\t\t\t<\/div>\r\n\t\t\t\t\t\t<div class=\"fea-display-field\">\r\n\t\t\t\t\t\t<\/div>\r\n\t\t\t\t\t\t<div class=\"fea-display-field\">\r\n\t\t\t\t\t\t<\/div>\r\n\t\t\t\t\t\t<div class=\"fea-display-field\">\r\n\t\t\t\t\t\t<\/div>\r\n\t\t\t\t\t\t<div class=\"fea-display-field\">\r\n\t\t\t\t\t\t<\/div>\r\n\t\t\t\t\t\t<div class=\"fea-display-field\">\r\n\t\t\t\t\t\t<\/div>\r\n\t\t\t\n","protected":false},"excerpt":{"rendered":"","protected":false},"author":1,"featured_media":0,"parent":0,"menu_order":0,"comment_status":"closed","ping_status":"closed","template":"","meta":{"_acf_changed":false,"footnotes":""},"class_list":["post-2526","page","type-page","status-publish","hentry"],"acf":[],"_links":{"self":[{"href":"https:\/\/drago-boats.eu\/cs\/wp-json\/wp\/v2\/pages\/2526","targetHints":{"allow":["GET"]}}],"collection":[{"href":"https:\/\/drago-boats.eu\/cs\/wp-json\/wp\/v2\/pages"}],"about":[{"href":"https:\/\/drago-boats.eu\/cs\/wp-json\/wp\/v2\/types\/page"}],"author":[{"embeddable":true,"href":"https:\/\/drago-boats.eu\/cs\/wp-json\/wp\/v2\/users\/1"}],"replies":[{"embeddable":true,"href":"https:\/\/drago-boats.eu\/cs\/wp-json\/wp\/v2\/comments?post=2526"}],"version-history":[{"count":1,"href":"https:\/\/drago-boats.eu\/cs\/wp-json\/wp\/v2\/pages\/2526\/revisions"}],"predecessor-version":[{"id":2533,"href":"https:\/\/drago-boats.eu\/cs\/wp-json\/wp\/v2\/pages\/2526\/revisions\/2533"}],"wp:attachment":[{"href":"https:\/\/drago-boats.eu\/cs\/wp-json\/wp\/v2\/media?parent=2526"}],"curies":[{"name":"wp","href":"https:\/\/api.w.org\/{rel}","templated":true}]}}