{"id":2477,"date":"2023-10-31T13:26:11","date_gmt":"2023-10-31T12:26:11","guid":{"rendered":"https:\/\/drago-boats.eu\/hlavni-stranka\/"},"modified":"2025-04-11T15:44:56","modified_gmt":"2025-04-11T13:44:56","slug":"hlavni-stranka","status":"publish","type":"page","link":"https:\/\/drago-boats.eu\/cs\/","title":{"rendered":"Hlavn\u00ed str\u00e1nka"},"content":{"rendered":"\n<figure class=\"wp-block-video alignwide\"><video height=\"500\" style=\"aspect-ratio: 1920 \/ 500;\" width=\"1920\" autoplay=\"\" loop=\"\" muted=\"\" src=\"https:\/\/drago-boats.eu\/wp-content\/uploads\/2024\/10\/drago-teaser-1.m4v\" playsinline=\"\"><\/video><\/figure>\n\n<div style=\"height:37px\" aria-hidden=\"true\" class=\"wp-block-spacer\"><\/div>\n\n<div class=\"wp-block-columns is-not-stacked-on-mobile is-layout-flex wp-container-core-columns-is-layout-28f84493 wp-block-columns-is-layout-flex\">\n<div class=\"wp-block-column is-layout-flow wp-block-column-is-layout-flow\" style=\"flex-basis:100%\">\n<div class=\"wp-block-columns is-layout-flex wp-container-core-columns-is-layout-28f84493 wp-block-columns-is-layout-flex\">\n<div class=\"wp-block-column is-layout-flow wp-block-column-is-layout-flow\" style=\"flex-basis:15%\"><\/div>\n\n\n\n<div class=\"wp-block-column is-layout-flow wp-block-column-is-layout-flow\" style=\"flex-basis:70%\">\n<hr class=\"wp-block-separator has-alpha-channel-opacity\"\/>\n\n\n\n<p class=\"has-text-align-center has-background\" style=\"background-color:#ffffffbf\"><strong>Lod\u011b Drago<\/strong> \u2013 rodinn\u00e1 lod\u011bnice je zn\u00e1m\u00e1 v\u00fdrobou lod\u00ed pro evropsk\u00e9 vnitrozemsk\u00e9 a pob\u0159e\u017en\u00ed pou\u017eit\u00ed ji\u017e po generace.<br\/>T\u011b\u017ei\u0161t\u011b lod\u011bnice je jednozna\u010dn\u011b na kajutov\u00fdch lod\u00edch. Zejm\u00e9na v posledn\u00edch letech p\u0159ib\u00fdvaj\u00ed do portfolia lehk\u00e9, \u00fa\u010deln\u00e9 a praktick\u00e9 kajutov\u00e9 lod\u011b, obvykle s prostorem na toaletu.<br\/>\u010cluny Drago jsou ide\u00e1ln\u00ed <strong>p\u0159\u00edv\u011bsn\u00e9 lod\u011b,<\/strong> perfektn\u00ed rodinn\u00e9 lod\u011b, lod\u011b pro pohodln\u00e9 pou\u017eit\u00ed ve vnitrozem\u00ed, ale i na pob\u0159e\u017en\u00ed vody. <br\/><br\/>Na\u0161e modely jsou po cel\u00e9 Evrop\u011b zn\u00e1m\u00e9 sv\u00fdm dokonal\u00fdm prostorov\u00fdm konceptem, modern\u00edm funk\u010dn\u00edm designem a vyv\u00e1\u017een\u00fdm pom\u011brem ceny a v\u00fdkonu.<\/p>\n\n\n\n<hr class=\"wp-block-separator has-alpha-channel-opacity\"\/>\n<\/div>\n\n\n\n<div class=\"wp-block-column is-layout-flow wp-block-column-is-layout-flow\" style=\"flex-basis:15%\"><\/div>\n<\/div>\n<\/div>\n<\/div>\n\n<div style=\"height:37px\" aria-hidden=\"true\" class=\"wp-block-spacer\"><\/div>\n\n<div class=\"wp-block-columns is-layout-flex wp-container-core-columns-is-layout-28f84493 wp-block-columns-is-layout-flex\">\n<div class=\"wp-block-column is-layout-flow wp-block-column-is-layout-flow\" style=\"flex-basis:25%\"><\/div>\n\n\n\n<div class=\"wp-block-column has-background is-layout-flow wp-block-column-is-layout-flow\" style=\"background-color:#ffffffcc;flex-basis:25%\">\n<figure class=\"wp-block-image aligncenter size-full is-resized is-style-default\"><a href=\"http:\/\/drago-boats.eu\/wp-content\/Panorama\/output\/index.html\"><img fetchpriority=\"high\" decoding=\"async\" width=\"680\" height=\"350\" src=\"https:\/\/drago-boats.eu\/wp-content\/uploads\/2024\/03\/DRAGO-VR.png\" alt=\"\" class=\"wp-image-970\" style=\"width:auto;height:200px\" srcset=\"https:\/\/drago-boats.eu\/wp-content\/uploads\/2024\/03\/DRAGO-VR.png 680w, https:\/\/drago-boats.eu\/wp-content\/uploads\/2024\/03\/DRAGO-VR-300x154.png 300w, https:\/\/drago-boats.eu\/wp-content\/uploads\/2024\/03\/DRAGO-VR-500x257.png 500w\" sizes=\"(max-width: 680px) 100vw, 680px\" \/><\/a><\/figure>\n\n\n\n<p class=\"has-text-align-center has-black-color has-text-color has-link-color wp-elements-bfe11f842cc782b487f1e14cca032bb1\"><a href=\"http:\/\/drago-boats.eu\/wp-content\/Panorama\/output\/index.html\">Zde si m\u016f\u017eete prohl\u00e9dnout modely Drago v na\u0161em<\/a><br\/><a href=\"http:\/\/drago-boats.eu\/wp-content\/Panorama\/output\/index.html\"> virtu\u00e1ln\u00ed prohl\u00eddky.<br\/><br\/>Vychutnat!<\/a><\/p>\n<\/div>\n\n\n\n<div class=\"wp-block-column is-vertically-aligned-top is-layout-flow wp-block-column-is-layout-flow\" style=\"flex-basis:25%\">\n<figure class=\"wp-block-image aligncenter size-full is-resized\"><a href=\"https:\/\/drago-boats.eu\/wp-content\/uploads\/2025\/02\/Brochure-Drago-DE-ENG.pdf\"><img decoding=\"async\" width=\"1024\" height=\"733\" src=\"https:\/\/drago-boats.eu\/wp-content\/uploads\/2025\/02\/Drago-Brochure-thumb.jpg\" alt=\"\" class=\"wp-image-4267\" style=\"width:auto;height:200px\" srcset=\"https:\/\/drago-boats.eu\/wp-content\/uploads\/2025\/02\/Drago-Brochure-thumb.jpg 1024w, https:\/\/drago-boats.eu\/wp-content\/uploads\/2025\/02\/Drago-Brochure-thumb-300x215.jpg 300w, https:\/\/drago-boats.eu\/wp-content\/uploads\/2025\/02\/Drago-Brochure-thumb-768x550.jpg 768w, https:\/\/drago-boats.eu\/wp-content\/uploads\/2025\/02\/Drago-Brochure-thumb-24x17.jpg 24w, https:\/\/drago-boats.eu\/wp-content\/uploads\/2025\/02\/Drago-Brochure-thumb-36x26.jpg 36w, https:\/\/drago-boats.eu\/wp-content\/uploads\/2025\/02\/Drago-Brochure-thumb-48x34.jpg 48w, https:\/\/drago-boats.eu\/wp-content\/uploads\/2025\/02\/Drago-Brochure-thumb-500x358.jpg 500w, https:\/\/drago-boats.eu\/wp-content\/uploads\/2025\/02\/Drago-Brochure-thumb-800x573.jpg 800w\" sizes=\"(max-width: 1024px) 100vw, 1024px\" \/><\/a><\/figure>\n\n\n\n<p class=\"has-text-align-center has-black-color has-text-color has-link-color wp-elements-cc6478d1ef1db9e97d97534b6e37f7c7\"><a href=\"https:\/\/drago-boats.eu\/wp-content\/uploads\/2025\/02\/Brochure-Drago-DE-ENG.pdf\">Pod\u00edvejte se na na\u0161i bro\u017euru Drago<\/a><\/p>\n<\/div>\n\n\n\n<div class=\"wp-block-column is-layout-flow wp-block-column-is-layout-flow\" style=\"flex-basis:25%\"><\/div>\n<\/div>\n\n<div class=\"wp-block-columns is-layout-flex wp-container-core-columns-is-layout-28f84493 wp-block-columns-is-layout-flex\">\n<div class=\"wp-block-column is-layout-flow wp-block-column-is-layout-flow\" style=\"flex-basis:10%\"><\/div>\n\n\n\n<div class=\"wp-block-column has-white-background-color has-background is-layout-flow wp-block-column-is-layout-flow\" style=\"flex-basis:80%\">\n<div style=\"height:37px\" aria-hidden=\"true\" class=\"wp-block-spacer\"><\/div>\n\n\n\n<h2 class=\"wp-block-heading has-text-align-center\">Informace o modelu<\/h2>\n\n\n\n<hr class=\"wp-block-separator has-alpha-channel-opacity\"\/>\n\n\n\n<div class=\"wp-block-columns has-border-color has-background is-layout-flex wp-container-core-columns-is-layout-28f84493 wp-block-columns-is-layout-flex\" style=\"border-color:#6e6e6e;border-width:6px;background-color:#b6b6b6c7\">\n<div class=\"wp-block-column is-layout-flow wp-block-column-is-layout-flow\" style=\"flex-basis:50%\">\n<figure class=\"wp-block-image aligncenter size-full is-resized\"><img decoding=\"async\" width=\"2712\" height=\"1416\" src=\"https:\/\/drago-boats.eu\/wp-content\/uploads\/2025\/02\/650-Model.png\" alt=\"\" class=\"wp-image-4624\" style=\"width:625px;height:auto\" srcset=\"https:\/\/drago-boats.eu\/wp-content\/uploads\/2025\/02\/650-Model.png 2712w, https:\/\/drago-boats.eu\/wp-content\/uploads\/2025\/02\/650-Model-300x157.png 300w, https:\/\/drago-boats.eu\/wp-content\/uploads\/2025\/02\/650-Model-1024x535.png 1024w, https:\/\/drago-boats.eu\/wp-content\/uploads\/2025\/02\/650-Model-768x401.png 768w, https:\/\/drago-boats.eu\/wp-content\/uploads\/2025\/02\/650-Model-1536x802.png 1536w, https:\/\/drago-boats.eu\/wp-content\/uploads\/2025\/02\/650-Model-2048x1069.png 2048w, https:\/\/drago-boats.eu\/wp-content\/uploads\/2025\/02\/650-Model-24x13.png 24w, https:\/\/drago-boats.eu\/wp-content\/uploads\/2025\/02\/650-Model-36x19.png 36w, https:\/\/drago-boats.eu\/wp-content\/uploads\/2025\/02\/650-Model-48x25.png 48w, https:\/\/drago-boats.eu\/wp-content\/uploads\/2025\/02\/650-Model-500x261.png 500w, https:\/\/drago-boats.eu\/wp-content\/uploads\/2025\/02\/650-Model-800x418.png 800w, https:\/\/drago-boats.eu\/wp-content\/uploads\/2025\/02\/650-Model-1280x668.png 1280w, https:\/\/drago-boats.eu\/wp-content\/uploads\/2025\/02\/650-Model-1920x1002.png 1920w\" sizes=\"(max-width: 2712px) 100vw, 2712px\" \/><\/figure>\n<\/div>\n\n\n\n<div class=\"wp-block-column is-layout-flow wp-block-column-is-layout-flow\" style=\"flex-basis:35%\">\n<p class=\"has-medium-font-size\"><strong>DRAGO 650 ***<\/strong><\/p>\n\n\n\n<p>U\u017e je skoro \u010das: vyd\u00e1n\u00ed <strong>Draga 650<\/strong> je hned za rohem a my nem\u016f\u017eeme b\u00fdt nad\u0161en\u011bj\u0161\u00ed, \u017ee v\u00e1m m\u016f\u017eeme p\u0159edstavit tuto mimo\u0159\u00e1dnou lo\u010f! Kombinuje nejmodern\u011bj\u0161\u00ed technologie, vynikaj\u00edc\u00ed v\u00fdkon a elegantn\u00ed design, aby v\u00e1m zaru\u010dil nezapomenuteln\u00e9 z\u00e1\u017eitky na vod\u011b. <\/p>\n\n\n\n<p>Z\u016fsta\u0148te v obraze: Na\u0161e domovsk\u00e1 str\u00e1nka je neust\u00e1le aktualizov\u00e1na nov\u00fdmi informacemi, aktualizacemi a exkluzivn\u00edmi post\u0159ehy o dragu 650. Zde je v\u0161e, co pot\u0159ebujete v\u011bd\u011bt, abyste za\u017eili Drago 650 v cel\u00e9 jeho kr\u00e1se. <\/p>\n\n\n\n<p>Nav\u0161t\u011bvujte n\u00e1s pravideln\u011b a nenechte si uj\u00edt \u017e\u00e1dnou novinku!<\/p>\n\n\n\n<p><a href=\"https:\/\/drago-boats.eu\/cs\/drago-650-na-prodej\/\" data-type=\"page\" data-id=\"4455\">&#8230; v\u00edce&#8230;<\/a><br\/><br\/><\/p>\n<\/div>\n\n\n\n<div class=\"wp-block-column is-layout-flow wp-block-column-is-layout-flow\" style=\"flex-basis:35%\">\n<figure class=\"wp-block-table is-style-stripes\"><table><tbody><tr><td>D\u00e9lka:<\/td><td>6,58 metr\u016f<\/td><\/tr><tr><td>\u0160\u00ed\u0159ka:<\/td><td>2,40 m<\/td><\/tr><tr><td>Max. Osoby:<\/td><td>6<\/td><\/tr><tr><td>Upout\u00e1vka od:<\/td><td>1,350 kg<\/td><\/tr><tr><td>Z\u00e1kladn\u00ed cena s motorem:<\/td><td>n\u00e1sleduje<\/td><\/tr><\/tbody><\/table><\/figure>\n<\/div>\n<\/div>\n\n\n\n<hr class=\"wp-block-separator has-alpha-channel-opacity\"\/>\n\n\n\n<div class=\"wp-block-columns is-layout-flex wp-container-core-columns-is-layout-28f84493 wp-block-columns-is-layout-flex\">\n<div class=\"wp-block-column is-layout-flow wp-block-column-is-layout-flow\" style=\"flex-basis:50%\">\n<figure class=\"wp-block-image aligncenter size-full is-resized\"><a href=\"http:\/\/drago-boats.eu\/drago-750\/\"><img loading=\"lazy\" decoding=\"async\" width=\"1024\" height=\"576\" src=\"https:\/\/drago-boats.eu\/wp-content\/uploads\/2023\/12\/750-Rumpf-Weiss-edited.jpg\" alt=\"\" class=\"wp-image-483\" style=\"width:625px;height:auto\" srcset=\"https:\/\/drago-boats.eu\/wp-content\/uploads\/2023\/12\/750-Rumpf-Weiss-edited.jpg 1024w, https:\/\/drago-boats.eu\/wp-content\/uploads\/2023\/12\/750-Rumpf-Weiss-edited-300x169.jpg 300w, https:\/\/drago-boats.eu\/wp-content\/uploads\/2023\/12\/750-Rumpf-Weiss-edited-768x432.jpg 768w\" sizes=\"(max-width: 1024px) 100vw, 1024px\" \/><\/a><\/figure>\n<\/div>\n\n\n\n<div class=\"wp-block-column is-layout-flow wp-block-column-is-layout-flow\" style=\"flex-basis:35%\">\n<p class=\"has-medium-font-size\"><strong>DRAGO 750<\/strong><\/p>\n\n\n\n<p><strong>Drago 750<\/strong> bylo poprv\u00e9 polo\u017eeno v l\u00e9t\u011b 2023. S t\u00edmto modelem lodi Drago otev\u00edr\u00e1 novou, p\u0159evratnou modelovou strategii.<br\/>Drago 750 kombinuje modern\u00ed design s maxim\u00e1ln\u00edm vyu\u017eit\u00edm prostoru. V kabin\u011b se pohodln\u011b vysp\u00ed a\u017e \u010dty\u0159i lid\u00e9, <br\/>dal\u0161\u00ed<a href=\"https:\/\/drago-boats.eu\/cs\/drago-750\/\" data-type=\"page\" data-id=\"15\">&#8230;v\u00edce&#8230;<\/a><br\/><br\/><\/p>\n<\/div>\n\n\n\n<div class=\"wp-block-column is-layout-flow wp-block-column-is-layout-flow\" style=\"flex-basis:35%\">\n<figure class=\"wp-block-table is-style-stripes\"><table><tbody><tr><td>D\u00e9lka:<\/td><td>7,75 m (Nen\u00ed skladem)<\/td><\/tr><tr><td>\u0160\u00ed\u0159ka:<\/td><td>2,44 m (Nen\u00ed skladem)<\/td><\/tr><tr><td>Max. Osoby:<\/td><td>7<\/td><\/tr><tr><td>L\u016f\u017eka Kabina \/ Celkem:<\/td><td>4 \/ 5<\/td><\/tr><tr><td>Upout\u00e1vka od:<\/td><td>2,350 kg<\/td><\/tr><tr><td>Z\u00e1kladn\u00ed cena s motorem:<\/td><td>76 900 \u20ac<\/td><\/tr><\/tbody><\/table><\/figure>\n<\/div>\n<\/div>\n\n\n\n<hr class=\"wp-block-separator has-alpha-channel-opacity\"\/>\n\n\n\n<div class=\"wp-block-columns is-layout-flex wp-container-core-columns-is-layout-28f84493 wp-block-columns-is-layout-flex\">\n<div class=\"wp-block-column is-layout-flow wp-block-column-is-layout-flow\" style=\"flex-basis:50%\">\n<figure class=\"wp-block-image aligncenter size-full is-resized\"><a href=\"http:\/\/drago-boats.eu\/drago-665\/\"><img loading=\"lazy\" decoding=\"async\" width=\"1024\" height=\"393\" src=\"https:\/\/drago-boats.eu\/wp-content\/uploads\/2023\/12\/Drago-665-7545.jpg\" alt=\"\" class=\"wp-image-413\" style=\"width:499px;height:auto\" srcset=\"https:\/\/drago-boats.eu\/wp-content\/uploads\/2023\/12\/Drago-665-7545.jpg 1024w, https:\/\/drago-boats.eu\/wp-content\/uploads\/2023\/12\/Drago-665-7545-300x115.jpg 300w, https:\/\/drago-boats.eu\/wp-content\/uploads\/2023\/12\/Drago-665-7545-768x295.jpg 768w\" sizes=\"(max-width: 1024px) 100vw, 1024px\" \/><\/a><\/figure>\n<\/div>\n\n\n\n<div class=\"wp-block-column is-layout-flow wp-block-column-is-layout-flow\" style=\"flex-basis:35%\">\n<p class=\"has-medium-font-size\"><strong>DRAGO 665<\/strong><\/p>\n\n\n\n<p><strong>Drago 665<\/strong> m\u00e1 v\u00fdrazn\u00fd, jedine\u010dn\u00fd prodejn\u00ed argument. Jako jedna z m\u00e1la lod\u00ed v t\u00e9to velikostn\u00ed t\u0159\u00edd\u011b mohou t\u0159i dosp\u011bl\u00ed pohodln\u011b p\u0159enocovat v kajut\u011b. To je mo\u017en\u00e9 d\u00edky <a href=\"https:\/\/drago-boats.eu\/cs\/drago-665\/\" data-type=\"page\" data-id=\"13\">&#8230; v\u00edce&#8230;<\/a><\/p>\n<\/div>\n\n\n\n<div class=\"wp-block-column is-layout-flow wp-block-column-is-layout-flow\" style=\"flex-basis:35%\">\n<figure class=\"wp-block-table is-style-stripes\"><table><tbody><tr><td>D\u00e9lka:<\/td><td>7,00 m (Nen\u00ed skladem)<\/td><\/tr><tr><td>\u0160\u00ed\u0159ka:<\/td><td>2,26 m (Nen\u00ed skladem)<\/td><\/tr><tr><td>Max. Osoby:<\/td><td>6<\/td><\/tr><tr><td>L\u016f\u017eka Kabina \/ Celkem:<\/td><td>3 \/ 5<\/td><\/tr><tr><td>Upout\u00e1vka od:<\/td><td>1,790 kg<\/td><\/tr><tr><td>Z\u00e1kladn\u00ed cena s motorem:<\/td><td>od 48.280 \u20ac<\/td><\/tr><\/tbody><\/table><\/figure>\n<\/div>\n<\/div>\n\n\n\n<hr class=\"wp-block-separator has-alpha-channel-opacity\"\/>\n\n\n\n<div class=\"wp-block-columns is-layout-flex wp-container-core-columns-is-layout-28f84493 wp-block-columns-is-layout-flex\">\n<div class=\"wp-block-column is-layout-flow wp-block-column-is-layout-flow\" style=\"flex-basis:50%\">\n<figure class=\"wp-block-image aligncenter size-full is-resized\"><a href=\"http:\/\/drago-boats.eu\/drago-660\/\"><img loading=\"lazy\" decoding=\"async\" width=\"868\" height=\"651\" src=\"http:\/\/drago-boats.eu\/wp-content\/uploads\/2023\/12\/Drago-660-IMG_7006-edited.jpg\" alt=\"\" class=\"wp-image-442\" style=\"width:488px;height:auto\" srcset=\"https:\/\/drago-boats.eu\/wp-content\/uploads\/2023\/12\/Drago-660-IMG_7006-edited.jpg 868w, https:\/\/drago-boats.eu\/wp-content\/uploads\/2023\/12\/Drago-660-IMG_7006-edited-300x225.jpg 300w, https:\/\/drago-boats.eu\/wp-content\/uploads\/2023\/12\/Drago-660-IMG_7006-edited-768x576.jpg 768w\" sizes=\"(max-width: 868px) 100vw, 868px\" \/><\/a><\/figure>\n<\/div>\n\n\n\n<div class=\"wp-block-column is-layout-flow wp-block-column-is-layout-flow\" style=\"flex-basis:35%\">\n<p class=\"has-medium-font-size\"><strong>DRAGO 660<\/strong><\/p>\n\n\n\n<p>Ji\u017e v\u00edce ne\u017e deset let je tento model obl\u00edbenou volbou pro ty, kte\u0159\u00ed miluj\u00ed vodn\u00ed turistiku a cht\u011bj\u00ed str\u00e1vit n\u011bkolik noc\u00ed na palub\u011b. <strong>Drago 660S<\/strong> m\u00e1 <a href=\"https:\/\/drago-boats.eu\/cs\/drago-660-s\/\" data-type=\"page\" data-id=\"11\">velkorys\u00fd &#8230; v\u00edce&#8230;<\/a><\/p>\n<\/div>\n\n\n\n<div class=\"wp-block-column is-layout-flow wp-block-column-is-layout-flow\" style=\"flex-basis:35%\">\n<figure class=\"wp-block-table is-style-stripes\"><table><tbody><tr><td>D\u00e9lka:<\/td><td>6,54 m (Nen\u00ed skladem)<\/td><\/tr><tr><td>\u0160\u00ed\u0159ka:<\/td><td>2,26 m (Nen\u00ed skladem)<\/td><\/tr><tr><td>Max. Osoby:<\/td><td>6<\/td><\/tr><tr><td>L\u016f\u017eka Kabina \/ Celkem:<\/td><td>2 \/ 4<\/td><\/tr><tr><td>Upout\u00e1vka od:<\/td><td>1,650 kg<\/td><\/tr><tr><td>Z\u00e1kladn\u00ed cena s motorem:<\/td><td>43.800 \u20ac<\/td><\/tr><\/tbody><\/table><\/figure>\n<\/div>\n<\/div>\n\n\n\n<hr class=\"wp-block-separator has-alpha-channel-opacity\"\/>\n\n\n\n<div class=\"wp-block-columns is-layout-flex wp-container-core-columns-is-layout-28f84493 wp-block-columns-is-layout-flex\">\n<div class=\"wp-block-column is-layout-flow wp-block-column-is-layout-flow\" style=\"flex-basis:50%\">\n<figure class=\"wp-block-image aligncenter size-full is-resized\"><a href=\"http:\/\/drago-boats.eu\/drago-550\/\"><img loading=\"lazy\" decoding=\"async\" width=\"1024\" height=\"683\" src=\"https:\/\/drago-boats.eu\/wp-content\/uploads\/2023\/12\/Drago-550-DSC_7477.jpg\" alt=\"\" class=\"wp-image-447\" style=\"width:473px;height:auto\" srcset=\"https:\/\/drago-boats.eu\/wp-content\/uploads\/2023\/12\/Drago-550-DSC_7477.jpg 1024w, https:\/\/drago-boats.eu\/wp-content\/uploads\/2023\/12\/Drago-550-DSC_7477-300x200.jpg 300w, https:\/\/drago-boats.eu\/wp-content\/uploads\/2023\/12\/Drago-550-DSC_7477-768x512.jpg 768w\" sizes=\"(max-width: 1024px) 100vw, 1024px\" \/><\/a><\/figure>\n<\/div>\n\n\n\n<div class=\"wp-block-column is-layout-flow wp-block-column-is-layout-flow\" style=\"flex-basis:35%\">\n<p class=\"has-medium-font-size\"><strong>DRAGO 550<\/strong><\/p>\n\n\n\n<p><strong>Drago 550 <\/strong>je t\u00edm prav\u00fdm spole\u010dn\u00edkem pro spont\u00e1nn\u00ed p\u0159enocov\u00e1n\u00ed, p\u0159\u00ed\u010fov\u00e1 kabina je sv\u011btl\u00e1 a prostorn\u00e1, v bo\u010dn\u00edch polic\u00edch <a href=\"https:\/\/drago-boats.eu\/cs\/drago-550\/\" data-type=\"page\" data-id=\"8\">je &#8230; v\u00edce&#8230;<\/a><\/p>\n<\/div>\n\n\n\n<div class=\"wp-block-column is-layout-flow wp-block-column-is-layout-flow\" style=\"flex-basis:35%\">\n<figure class=\"wp-block-table is-style-stripes\"><table><tbody><tr><td>D\u00e9lka:<\/td><td>5,50 m (Nen\u00ed skladem)<\/td><\/tr><tr><td>\u0160\u00ed\u0159ka:<\/td><td>2,04 m (Nen\u00ed skladem)<\/td><\/tr><tr><td>Max. Osoby:<\/td><td>5<\/td><\/tr><tr><td>L\u016f\u017eka Kabina \/ Celkem:<\/td><td>2 \/ 3<\/td><\/tr><tr><td>Upout\u00e1vka od:<\/td><td>1 000 kg<\/td><\/tr><tr><td>Z\u00e1kladn\u00ed cena s motorem:<\/td><td>26.300 \u20ac<\/td><\/tr><\/tbody><\/table><\/figure>\n<\/div>\n<\/div>\n<\/div>\n\n\n\n<div class=\"wp-block-column is-layout-flow wp-block-column-is-layout-flow\" style=\"flex-basis:10%\"><\/div>\n<\/div>\n","protected":false},"excerpt":{"rendered":"<p>Lod\u011b Drago \u2013 rodinn\u00e1 lod\u011bnice je zn\u00e1m\u00e1 v\u00fdrobou lod\u00ed pro evropsk\u00e9 vnitrozemsk\u00e9 a pob\u0159e\u017en\u00ed pou\u017eit\u00ed ji\u017e po generace.T\u011b\u017ei\u0161t\u011b lod\u011bnice je jednozna\u010dn\u011b na kajutov\u00fdch lod\u00edch. Zejm\u00e9na v posledn\u00edch letech p\u0159ib\u00fdvaj\u00ed do portfolia lehk\u00e9, \u00fa\u010deln\u00e9 a praktick\u00e9 kajutov\u00e9 lod\u011b, obvykle s prostorem na toaletu.\u010cluny Drago jsou ide\u00e1ln\u00ed p\u0159\u00edv\u011bsn\u00e9 lod\u011b, perfektn\u00ed rodinn\u00e9 lod\u011b, lod\u011b pro pohodln\u00e9 pou\u017eit\u00ed ve [&hellip;]<\/p>\n","protected":false},"author":1,"featured_media":0,"parent":0,"menu_order":0,"comment_status":"closed","ping_status":"closed","template":"elementor_header_footer","meta":{"_acf_changed":false,"footnotes":""},"class_list":["post-2477","page","type-page","status-publish","hentry"],"acf":[],"_links":{"self":[{"href":"https:\/\/drago-boats.eu\/cs\/wp-json\/wp\/v2\/pages\/2477","targetHints":{"allow":["GET"]}}],"collection":[{"href":"https:\/\/drago-boats.eu\/cs\/wp-json\/wp\/v2\/pages"}],"about":[{"href":"https:\/\/drago-boats.eu\/cs\/wp-json\/wp\/v2\/types\/page"}],"author":[{"embeddable":true,"href":"https:\/\/drago-boats.eu\/cs\/wp-json\/wp\/v2\/users\/1"}],"replies":[{"embeddable":true,"href":"https:\/\/drago-boats.eu\/cs\/wp-json\/wp\/v2\/comments?post=2477"}],"version-history":[{"count":10,"href":"https:\/\/drago-boats.eu\/cs\/wp-json\/wp\/v2\/pages\/2477\/revisions"}],"predecessor-version":[{"id":4787,"href":"https:\/\/drago-boats.eu\/cs\/wp-json\/wp\/v2\/pages\/2477\/revisions\/4787"}],"wp:attachment":[{"href":"https:\/\/drago-boats.eu\/cs\/wp-json\/wp\/v2\/media?parent=2477"}],"curies":[{"name":"wp","href":"https:\/\/api.w.org\/{rel}","templated":true}]}}